{"id":102425,"date":"2024-07-03T12:44:55","date_gmt":"2024-07-03T12:44:55","guid":{"rendered":"https:\/\/inalbania.al\/?page_id=102425"},"modified":"2025-01-13T18:15:24","modified_gmt":"2025-01-13T18:15:24","slug":"studio-ligjore-avokatie-daniela-aliko","status":"publish","type":"page","link":"https:\/\/inalbania.al\/al\/studio-ligjore-avokatie-daniela-aliko\/","title":{"rendered":"STUDIO LIGJORE \/ AVOKATIE \u2696\ufe0f DANIELA ALIKO"},"content":{"rendered":"\t\t<div data-elementor-type=\"wp-page\" data-elementor-id=\"102425\" class=\"elementor elementor-102425\" data-elementor-post-type=\"page\">\n\t\t\t\t\t\t<section class=\"elementor-section elementor-top-section elementor-element elementor-element-5465a1e4 elementor-section-stretched elementor-section-boxed elementor-section-height-default elementor-section-height-default\" data-id=\"5465a1e4\" data-element_type=\"section\" data-e-type=\"section\" data-settings=\"{&quot;stretch_section&quot;:&quot;section-stretched&quot;}\">\n\t\t\t\t\t\t<div class=\"elementor-container elementor-column-gap-default\">\n\t\t\t\t\t<div class=\"elementor-column elementor-col-100 elementor-top-column elementor-element elementor-element-7f192cb7\" data-id=\"7f192cb7\" data-element_type=\"column\" data-e-type=\"column\">\n\t\t\t<div class=\"elementor-widget-wrap elementor-element-populated\">\n\t\t\t\t\t\t<div class=\"elementor-element elementor-element-33b70d8d elementor-widget-divider--view-line elementor-widget elementor-widget-divider\" data-id=\"33b70d8d\" data-element_type=\"widget\" data-e-type=\"widget\" data-widget_type=\"divider.default\">\n\t\t\t\t<div class=\"elementor-widget-container\">\n\t\t\t\t\t\t\t<div class=\"elementor-divider\">\n\t\t\t<span class=\"elementor-divider-separator\">\n\t\t\t\t\t\t<\/span>\n\t\t<\/div>\n\t\t\t\t\t\t<\/div>\n\t\t\t\t<\/div>\n\t\t\t\t\t<\/div>\n\t\t<\/div>\n\t\t\t\t\t<\/div>\n\t\t<\/section>\n\t\t\t\t<section class=\"elementor-section elementor-top-section elementor-element elementor-element-5a04576b elementor-section-stretched elementor-section-boxed elementor-section-height-default elementor-section-height-default\" data-id=\"5a04576b\" data-element_type=\"section\" data-e-type=\"section\" data-settings=\"{&quot;stretch_section&quot;:&quot;section-stretched&quot;}\">\n\t\t\t\t\t\t<div class=\"elementor-container elementor-column-gap-default\">\n\t\t\t\t\t<div class=\"elementor-column elementor-col-100 elementor-top-column elementor-element elementor-element-52c67bec\" data-id=\"52c67bec\" data-element_type=\"column\" data-e-type=\"column\">\n\t\t\t<div class=\"elementor-widget-wrap elementor-element-populated\">\n\t\t\t\t\t\t<section class=\"elementor-section elementor-inner-section elementor-element elementor-element-251de730 elementor-section-boxed elementor-section-height-default elementor-section-height-default\" data-id=\"251de730\" data-element_type=\"section\" data-e-type=\"section\" data-settings=\"{&quot;background_background&quot;:&quot;classic&quot;}\">\n\t\t\t\t\t\t<div class=\"elementor-container elementor-column-gap-default\">\n\t\t\t\t\t<div class=\"elementor-column elementor-col-50 elementor-inner-column elementor-element elementor-element-16fdbf53\" data-id=\"16fdbf53\" data-element_type=\"column\" data-e-type=\"column\" data-settings=\"{&quot;background_background&quot;:&quot;classic&quot;}\">\n\t\t\t<div class=\"elementor-widget-wrap elementor-element-populated\">\n\t\t\t\t\t\t<div class=\"elementor-element elementor-element-6d3e7e76 elementor-align-center elementor-mobile-align-center elementor-icon-list--layout-inline elementor-tablet-align-center elementor-list-item-link-full_width elementor-widget elementor-widget-icon-list\" data-id=\"6d3e7e76\" data-element_type=\"widget\" data-e-type=\"widget\" data-widget_type=\"icon-list.default\">\n\t\t\t\t<div class=\"elementor-widget-container\">\n\t\t\t\t\t\t\t<ul class=\"elementor-icon-list-items elementor-inline-items\">\n\t\t\t\t\t\t\t<li class=\"elementor-icon-list-item elementor-inline-item\">\n\t\t\t\t\t\t\t\t\t\t\t<span class=\"elementor-icon-list-icon\">\n\t\t\t\t\t\t\t<i aria-hidden=\"true\" class=\"fas fa-map-marker-alt\"><\/i>\t\t\t\t\t\t<\/span>\n\t\t\t\t\t\t\t\t\t\t<span class=\"elementor-icon-list-text\">Durr\u00ebs, Albania<\/span>\n\t\t\t\t\t\t\t\t\t<\/li>\n\t\t\t\t\t\t<\/ul>\n\t\t\t\t\t\t<\/div>\n\t\t\t\t<\/div>\n\t\t\t\t<div class=\"elementor-element elementor-element-21978a8 elementor-align-center elementor-widget__width-initial elementor-widget elementor-widget-button\" data-id=\"21978a8\" data-element_type=\"widget\" data-e-type=\"widget\" data-widget_type=\"button.default\">\n\t\t\t\t<div class=\"elementor-widget-container\">\n\t\t\t\t\t\t\t\t\t<div class=\"elementor-button-wrapper\">\n\t\t\t\t\t<a class=\"elementor-button elementor-button-link elementor-size-sm\" href=\"#joinchat\" target=\"_blank\">\n\t\t\t\t\t\t<span class=\"elementor-button-content-wrapper\">\n\t\t\t\t\t\t<span class=\"elementor-button-icon\">\n\t\t\t\t<i aria-hidden=\"true\" class=\"fab fa-whatsapp\"><\/i>\t\t\t<\/span>\n\t\t\t\t\t\t\t\t\t<span class=\"elementor-button-text\">Chat on WhatsApp<\/span>\n\t\t\t\t\t<\/span>\n\t\t\t\t\t<\/a>\n\t\t\t\t<\/div>\n\t\t\t\t\t\t\t\t<\/div>\n\t\t\t\t<\/div>\n\t\t\t\t\t<\/div>\n\t\t<\/div>\n\t\t\t\t<div class=\"elementor-column elementor-col-50 elementor-inner-column elementor-element elementor-element-25902fa0\" data-id=\"25902fa0\" data-element_type=\"column\" data-e-type=\"column\">\n\t\t\t<div class=\"elementor-widget-wrap elementor-element-populated\">\n\t\t\t\t\t\t<div class=\"elementor-element elementor-element-26e8c230 elementor-widget elementor-widget-theme-post-featured-image elementor-widget-image\" data-id=\"26e8c230\" data-element_type=\"widget\" data-e-type=\"widget\" data-widget_type=\"theme-post-featured-image.default\">\n\t\t\t\t<div class=\"elementor-widget-container\">\n\t\t\t\t\t\t\t\t\t\t\t\t\t\t\t<img fetchpriority=\"high\" decoding=\"async\" width=\"350\" height=\"219\" src=\"https:\/\/inalbania.al\/wp-content\/uploads\/2024\/07\/Avokate-Daniela-Aliko-DURRES-350x219.jpg\" class=\"attachment-ireca_list size-ireca_list wp-image-102571\" alt=\"\" srcset=\"https:\/\/inalbania.al\/wp-content\/uploads\/2024\/07\/Avokate-Daniela-Aliko-DURRES-350x219.jpg 350w, https:\/\/inalbania.al\/wp-content\/uploads\/2024\/07\/Avokate-Daniela-Aliko-DURRES-300x188.jpg 300w, https:\/\/inalbania.al\/wp-content\/uploads\/2024\/07\/Avokate-Daniela-Aliko-DURRES-18x12.jpg 18w, https:\/\/inalbania.al\/wp-content\/uploads\/2024\/07\/Avokate-Daniela-Aliko-DURRES-600x375.jpg 600w, https:\/\/inalbania.al\/wp-content\/uploads\/2024\/07\/Avokate-Daniela-Aliko-DURRES.jpg 740w\" sizes=\"(max-width: 350px) 100vw, 350px\" \/>\t\t\t\t\t\t\t\t\t\t\t\t\t\t\t<\/div>\n\t\t\t\t<\/div>\n\t\t\t\t\t<\/div>\n\t\t<\/div>\n\t\t\t\t\t<\/div>\n\t\t<\/section>\n\t\t\t\t<section class=\"elementor-section elementor-inner-section elementor-element elementor-element-639befc2 elementor-section-boxed elementor-section-height-default elementor-section-height-default\" data-id=\"639befc2\" data-element_type=\"section\" data-e-type=\"section\">\n\t\t\t\t\t\t<div class=\"elementor-container elementor-column-gap-default\">\n\t\t\t\t\t<div class=\"elementor-column elementor-col-50 elementor-inner-column elementor-element elementor-element-1265527a\" data-id=\"1265527a\" data-element_type=\"column\" data-e-type=\"column\">\n\t\t\t<div class=\"elementor-widget-wrap elementor-element-populated\">\n\t\t\t\t\t\t<div class=\"elementor-element elementor-element-7d95b050 elementor-widget elementor-widget-text-editor\" data-id=\"7d95b050\" data-element_type=\"widget\" data-e-type=\"widget\" data-widget_type=\"text-editor.default\">\n\t\t\t\t<div class=\"elementor-widget-container\">\n\t\t\t\t\t\t\t\t\t<p><strong><span>Merrni ndihm\u00eb ligjore tani!<\/span><\/strong><br \/><span>Ne jemi k\u00ebtu p\u00ebr t&#8217;ju udh\u00ebhequr n\u00eb \u00e7do sfid\u00eb ligjore me ekspertiz\u00eb dhe kujdes. N\u00eb studion ton\u00eb, ne besojm\u00eb n\u00eb nd\u00ebrtimin e marr\u00ebdh\u00ebnieve t\u00eb forta me klient\u00ebt tan\u00eb. Ne marrim koh\u00eb p\u00ebr t\u00eb d\u00ebgjuar shqet\u00ebsimet tuaja dhe p\u00ebr t\u00eb punuar me ju p\u00ebr t\u00eb gjetur zgjidhjet m\u00eb t\u00eb mira.<\/span><\/p><p><span>Ne n\u00eb\u00a0<\/span><strong><span>Studio\/Avokatie Daliela Aliko<\/span><\/strong><span>\u00a0, kuptojm\u00eb se \u00e7\u00ebshtjet ligjore mund t\u00eb jen\u00eb d\u00ebrrmuese p\u00ebr shum\u00eb prej jush. Me qend\u00ebr n\u00eb Durr\u00ebs, ne jemi k\u00ebtu p\u00ebr t&#8217;ju udh\u00ebhequr n\u00eb \u00e7do hap t\u00eb rrug\u00ebs. Ne fokusohemi n\u00eb k\u00ebshilla t\u00eb qarta dhe praktike p\u00ebr t&#8217;ju ndihmuar t\u00eb lundroni n\u00eb sfidat tuaja ligjore. Pavar\u00ebsisht n\u00ebse keni nevoj\u00eb p\u00ebr ndihm\u00eb me ligjin familjar, mosmarr\u00ebveshjet e biznesit ose avokatin\u00eb, ne jemi t\u00eb p\u00ebrkushtuar ndaj nevojave tuaja. Na lejoni t\u00eb trajtojm\u00eb kompleksitetet n\u00eb m\u00ebnyr\u00eb q\u00eb t\u00eb mund t\u00eb p\u00ebrqendroheni n\u00eb at\u00eb q\u00eb ka m\u00eb shum\u00eb r\u00ebnd\u00ebsi p\u00ebr ju.<\/span><\/p>\t\t\t\t\t\t\t\t<\/div>\n\t\t\t\t<\/div>\n\t\t\t\t\t<\/div>\n\t\t<\/div>\n\t\t\t\t<div class=\"elementor-column elementor-col-50 elementor-inner-column elementor-element elementor-element-dc0f85d\" data-id=\"dc0f85d\" data-element_type=\"column\" data-e-type=\"column\">\n\t\t\t<div class=\"elementor-widget-wrap elementor-element-populated\">\n\t\t\t\t\t\t<div class=\"elementor-element elementor-element-aeeabc1 elementor-widget elementor-widget-text-editor\" data-id=\"aeeabc1\" data-element_type=\"widget\" data-e-type=\"widget\" data-widget_type=\"text-editor.default\">\n\t\t\t\t<div class=\"elementor-widget-container\">\n\t\t\t\t\t\t\t\t\t<div class=\"flex-shrink-0 flex flex-col relative items-end\"><div><div class=\"pt-0\"><div class=\"gizmo-bot-avatar flex h-8 w-8 items-center justify-center overflow-hidden rounded-full\"><div class=\"relative p-1 rounded-sm flex items-center justify-center bg-token-main-surface-primary text-token-text-primary h-8 w-8\">\u00a0<\/div><\/div><\/div><\/div><\/div><div class=\"group\/conversation-turn relative flex w-full min-w-0 flex-col agent-turn\"><div class=\"flex-col gap-1 md:gap-3\"><div class=\"flex max-w-full flex-col flex-grow\"><div class=\"min-h-8 text-message flex w-full flex-col items-end gap-2 whitespace-normal break-words text-start [.text-message+&amp;]:mt-5\" dir=\"auto\" data-message-author-role=\"assistant\" data-message-id=\"e81e09b8-4bb5-4031-aff3-97e4a4541297\" data-message-model-slug=\"gpt-4o-mini\"><div class=\"flex w-full flex-col gap-1 empty:hidden first:pt-[3px]\"><div class=\"markdown prose w-full break-words dark:prose-invert light\"><p><strong>P\u00ebrfaq\u00ebsim ligjor n\u00eb rastet e:<\/strong><\/p><ul><li>Kriminale<\/li><li>Civile<\/li><li>Familjare<\/li><li>Administrativ<\/li><li>Komerce<\/li><li>Nd\u00ebrkomb\u00ebtare<\/li><li>Verifikimi dhe Heqja e Expulsit<\/li><li>P\u00ebrkthime Ligjore<\/li><li>Konsulenc\u00eb Ligjore<\/li><li>Etj\u2026<\/li><\/ul><\/div><\/div><\/div><\/div><\/div><\/div>\t\t\t\t\t\t\t\t<\/div>\n\t\t\t\t<\/div>\n\t\t\t\t\t<\/div>\n\t\t<\/div>\n\t\t\t\t\t<\/div>\n\t\t<\/section>\n\t\t\t\t<section class=\"elementor-section elementor-inner-section elementor-element elementor-element-47e3a802 elementor-section-boxed elementor-section-height-default elementor-section-height-default\" data-id=\"47e3a802\" data-element_type=\"section\" data-e-type=\"section\">\n\t\t\t\t\t\t<div class=\"elementor-container elementor-column-gap-default\">\n\t\t\t\t\t<div class=\"elementor-column elementor-col-100 elementor-inner-column elementor-element elementor-element-7408e73e\" data-id=\"7408e73e\" data-element_type=\"column\" data-e-type=\"column\">\n\t\t\t<div class=\"elementor-widget-wrap elementor-element-populated\">\n\t\t\t\t\t\t<div class=\"elementor-element elementor-element-aaf2dd9 elementor-widget elementor-widget-gallery\" data-id=\"aaf2dd9\" data-element_type=\"widget\" data-e-type=\"widget\" data-settings=\"{&quot;columns&quot;:3,&quot;aspect_ratio&quot;:&quot;4:3&quot;,&quot;lazyload&quot;:&quot;yes&quot;,&quot;gallery_layout&quot;:&quot;grid&quot;,&quot;columns_tablet&quot;:2,&quot;columns_mobile&quot;:1,&quot;gap&quot;:{&quot;unit&quot;:&quot;px&quot;,&quot;size&quot;:10,&quot;sizes&quot;:[]},&quot;gap_tablet&quot;:{&quot;unit&quot;:&quot;px&quot;,&quot;size&quot;:10,&quot;sizes&quot;:[]},&quot;gap_mobile&quot;:{&quot;unit&quot;:&quot;px&quot;,&quot;size&quot;:10,&quot;sizes&quot;:[]},&quot;link_to&quot;:&quot;file&quot;,&quot;overlay_background&quot;:&quot;yes&quot;,&quot;content_hover_animation&quot;:&quot;fade-in&quot;}\" data-widget_type=\"gallery.default\">\n\t\t\t\t<div class=\"elementor-widget-container\">\n\t\t\t\t\t\t\t<div class=\"elementor-gallery__container\">\n\t\t\t\t\t\t\t<a class=\"e-gallery-item elementor-gallery-item elementor-animated-content\" href=\"https:\/\/inalbania.al\/wp-content\/uploads\/2024\/07\/Avokate-Daniela-Aliko-DURRES-2.jpg\" data-elementor-open-lightbox=\"yes\" data-elementor-lightbox-slideshow=\"aaf2dd9\" data-e-action-hash=\"#elementor-action%3Aaction%3Dlightbox%26settings%3DeyJpZCI6MTAyNjEzLCJ1cmwiOiJodHRwczpcL1wvaW5hbGJhbmlhLmFsXC93cC1jb250ZW50XC91cGxvYWRzXC8yMDI0XC8wN1wvQXZva2F0ZS1EYW5pZWxhLUFsaWtvLURVUlJFUy0yLmpwZyIsInNsaWRlc2hvdyI6ImFhZjJkZDkifQ%3D%3D\">\n\t\t\t\t\t<div class=\"e-gallery-image elementor-gallery-item__image\" data-thumbnail=\"https:\/\/inalbania.al\/wp-content\/uploads\/2024\/07\/Avokate-Daniela-Aliko-DURRES-2.jpg\" data-width=\"600\" data-height=\"450\" aria-label=\"\" role=\"img\" ><\/div>\n\t\t\t\t\t\t\t\t\t\t\t<div class=\"elementor-gallery-item__overlay\"><\/div>\n\t\t\t\t\t\t\t\t\t\t\t\t\t\t<\/a>\n\t\t\t\t\t\t\t<a class=\"e-gallery-item elementor-gallery-item elementor-animated-content\" href=\"https:\/\/inalbania.al\/wp-content\/uploads\/2024\/07\/Avokate-Daniela-Aliko-DURRES-1.jpg\" data-elementor-open-lightbox=\"yes\" data-elementor-lightbox-slideshow=\"aaf2dd9\" data-e-action-hash=\"#elementor-action%3Aaction%3Dlightbox%26settings%3DeyJpZCI6MTAyNjEyLCJ1cmwiOiJodHRwczpcL1wvaW5hbGJhbmlhLmFsXC93cC1jb250ZW50XC91cGxvYWRzXC8yMDI0XC8wN1wvQXZva2F0ZS1EYW5pZWxhLUFsaWtvLURVUlJFUy0xLmpwZyIsInNsaWRlc2hvdyI6ImFhZjJkZDkifQ%3D%3D\">\n\t\t\t\t\t<div class=\"e-gallery-image elementor-gallery-item__image\" data-thumbnail=\"https:\/\/inalbania.al\/wp-content\/uploads\/2024\/07\/Avokate-Daniela-Aliko-DURRES-1.jpg\" data-width=\"600\" data-height=\"450\" aria-label=\"\" role=\"img\" ><\/div>\n\t\t\t\t\t\t\t\t\t\t\t<div class=\"elementor-gallery-item__overlay\"><\/div>\n\t\t\t\t\t\t\t\t\t\t\t\t\t\t<\/a>\n\t\t\t\t\t\t\t<a class=\"e-gallery-item elementor-gallery-item elementor-animated-content\" href=\"https:\/\/inalbania.al\/wp-content\/uploads\/2024\/07\/Avokate-Daniela-Aliko-DURRES-3.jpg\" data-elementor-open-lightbox=\"yes\" data-elementor-lightbox-slideshow=\"aaf2dd9\" data-e-action-hash=\"#elementor-action%3Aaction%3Dlightbox%26settings%3DeyJpZCI6MTAyNjE0LCJ1cmwiOiJodHRwczpcL1wvaW5hbGJhbmlhLmFsXC93cC1jb250ZW50XC91cGxvYWRzXC8yMDI0XC8wN1wvQXZva2F0ZS1EYW5pZWxhLUFsaWtvLURVUlJFUy0zLmpwZyIsInNsaWRlc2hvdyI6ImFhZjJkZDkifQ%3D%3D\">\n\t\t\t\t\t<div class=\"e-gallery-image elementor-gallery-item__image\" data-thumbnail=\"https:\/\/inalbania.al\/wp-content\/uploads\/2024\/07\/Avokate-Daniela-Aliko-DURRES-3.jpg\" data-width=\"600\" data-height=\"450\" aria-label=\"\" role=\"img\" ><\/div>\n\t\t\t\t\t\t\t\t\t\t\t<div class=\"elementor-gallery-item__overlay\"><\/div>\n\t\t\t\t\t\t\t\t\t\t\t\t\t\t<\/a>\n\t\t\t\t\t<\/div>\n\t\t\t\t\t<\/div>\n\t\t\t\t<\/div>\n\t\t\t\t\t<\/div>\n\t\t<\/div>\n\t\t\t\t\t<\/div>\n\t\t<\/section>\n\t\t\t\t<section class=\"elementor-section elementor-inner-section elementor-element elementor-element-2e10c1dd elementor-section-boxed elementor-section-height-default elementor-section-height-default\" data-id=\"2e10c1dd\" data-element_type=\"section\" data-e-type=\"section\">\n\t\t\t\t\t\t<div class=\"elementor-container elementor-column-gap-default\">\n\t\t\t\t\t<div class=\"elementor-column elementor-col-100 elementor-inner-column elementor-element elementor-element-48134fc\" data-id=\"48134fc\" data-element_type=\"column\" data-e-type=\"column\">\n\t\t\t<div class=\"elementor-widget-wrap elementor-element-populated\">\n\t\t\t\t\t\t<div class=\"elementor-element elementor-element-200bdd2c elementor-widget elementor-widget-text-editor\" data-id=\"200bdd2c\" data-element_type=\"widget\" data-e-type=\"widget\" data-widget_type=\"text-editor.default\">\n\t\t\t\t<div class=\"elementor-widget-container\">\n\t\t\t\t\t\t\t\t\t<p><strong><span>Mbroni t\u00eb drejtat tuaja sot!<\/span><\/strong><span>\u00a0Avokatja Daliela Aliko \u00ebsht\u00eb k\u00ebtu p\u00ebr t&#8217;ju ndihmuar. Na besoni q\u00eb t\u00eb jemi avokat\u00ebt tuaj n\u00eb \u00e7do hap t\u00eb rrug\u00ebs.<\/span><\/p>\t\t\t\t\t\t\t\t<\/div>\n\t\t\t\t<\/div>\n\t\t\t\t<div class=\"elementor-element elementor-element-2c4717ac elementor-widget-divider--view-line elementor-widget elementor-widget-divider\" data-id=\"2c4717ac\" data-element_type=\"widget\" data-e-type=\"widget\" data-widget_type=\"divider.default\">\n\t\t\t\t<div class=\"elementor-widget-container\">\n\t\t\t\t\t\t\t<div class=\"elementor-divider\">\n\t\t\t<span class=\"elementor-divider-separator\">\n\t\t\t\t\t\t<\/span>\n\t\t<\/div>\n\t\t\t\t\t\t<\/div>\n\t\t\t\t<\/div>\n\t\t\t\t<div class=\"elementor-element elementor-element-757d7d2e elementor-widget elementor-widget-text-editor\" data-id=\"757d7d2e\" data-element_type=\"widget\" data-e-type=\"widget\" data-widget_type=\"text-editor.default\">\n\t\t\t\t<div class=\"elementor-widget-container\">\n\t\t\t\t\t\t\t\t\t<p><strong>Adresa:<\/strong> Rruga Adria, Durr\u00ebs, Albania.<\/p>\t\t\t\t\t\t\t\t<\/div>\n\t\t\t\t<\/div>\n\t\t\t\t<div class=\"elementor-element elementor-element-2acc2cc4 elementor-widget elementor-widget-text-editor\" data-id=\"2acc2cc4\" data-element_type=\"widget\" data-e-type=\"widget\" data-widget_type=\"text-editor.default\">\n\t\t\t\t<div class=\"elementor-widget-container\">\n\t\t\t\t\t\t\t\t\t<p>P\u00ebr m\u00eb shum\u00eb informacion, na kontaktoni!<\/p>\t\t\t\t\t\t\t\t<\/div>\n\t\t\t\t<\/div>\n\t\t\t\t<div class=\"elementor-element elementor-element-1388014 e-grid-align-mobile-center e-grid-align-tablet-center elementor-shape-rounded elementor-grid-0 e-grid-align-center elementor-widget elementor-widget-social-icons\" data-id=\"1388014\" data-element_type=\"widget\" data-e-type=\"widget\" data-widget_type=\"social-icons.default\">\n\t\t\t\t<div class=\"elementor-widget-container\">\n\t\t\t\t\t\t\t<div class=\"elementor-social-icons-wrapper elementor-grid\" role=\"list\">\n\t\t\t\t\t\t\t<span class=\"elementor-grid-item\" role=\"listitem\">\n\t\t\t\t\t<a class=\"elementor-icon elementor-social-icon elementor-social-icon-instagram elementor-repeater-item-71838ff\" href=\"https:\/\/www.instagram.com\/avokate.daniela.aliko\/\" target=\"_blank\">\n\t\t\t\t\t\t<span class=\"elementor-screen-only\">Instagram<\/span>\n\t\t\t\t\t\t<i aria-hidden=\"true\" class=\"fab fa-instagram\"><\/i>\t\t\t\t\t<\/a>\n\t\t\t\t<\/span>\n\t\t\t\t\t\t\t<span class=\"elementor-grid-item\" role=\"listitem\">\n\t\t\t\t\t<a class=\"elementor-icon elementor-social-icon elementor-social-icon-map-marker-alt elementor-repeater-item-97edd62\" href=\"https:\/\/maps.app.goo.gl\/vzRrPr5u8FHtkpJh6\" target=\"_blank\">\n\t\t\t\t\t\t<span class=\"elementor-screen-only\">Map-marker-alt<\/span>\n\t\t\t\t\t\t<i aria-hidden=\"true\" class=\"fas fa-map-marker-alt\"><\/i>\t\t\t\t\t<\/a>\n\t\t\t\t<\/span>\n\t\t\t\t\t<\/div>\n\t\t\t\t\t\t<\/div>\n\t\t\t\t<\/div>\n\t\t\t\t<div class=\"elementor-element elementor-element-7a5432ec elementor-align-center elementor-mobile-align-center elementor-icon-list--layout-inline elementor-tablet-align-center elementor-widget-tablet__width-initial elementor-widget__width-initial elementor-list-item-link-full_width elementor-widget elementor-widget-icon-list\" data-id=\"7a5432ec\" data-element_type=\"widget\" data-e-type=\"widget\" data-widget_type=\"icon-list.default\">\n\t\t\t\t<div class=\"elementor-widget-container\">\n\t\t\t\t\t\t\t<ul class=\"elementor-icon-list-items elementor-inline-items\">\n\t\t\t\t\t\t\t<li class=\"elementor-icon-list-item elementor-inline-item\">\n\t\t\t\t\t\t\t\t\t\t\t<a href=\"tel:00355693866772\" target=\"_blank\">\n\n\t\t\t\t\t\t\t\t\t\t\t\t<span class=\"elementor-icon-list-icon\">\n\t\t\t\t\t\t\t<i aria-hidden=\"true\" class=\"fas fa-phone-alt\"><\/i>\t\t\t\t\t\t<\/span>\n\t\t\t\t\t\t\t\t\t\t<span class=\"elementor-icon-list-text\">+355 69 386 6772<\/span>\n\t\t\t\t\t\t\t\t\t\t\t<\/a>\n\t\t\t\t\t\t\t\t\t<\/li>\n\t\t\t\t\t\t<\/ul>\n\t\t\t\t\t\t<\/div>\n\t\t\t\t<\/div>\n\t\t\t\t<div class=\"elementor-element elementor-element-17c3d6bf elementor-align-center elementor-mobile-align-center elementor-icon-list--layout-inline elementor-tablet-align-center elementor-widget-tablet__width-initial elementor-widget__width-initial elementor-list-item-link-full_width elementor-widget elementor-widget-icon-list\" data-id=\"17c3d6bf\" data-element_type=\"widget\" data-e-type=\"widget\" data-widget_type=\"icon-list.default\">\n\t\t\t\t<div class=\"elementor-widget-container\">\n\t\t\t\t\t\t\t<ul class=\"elementor-icon-list-items elementor-inline-items\">\n\t\t\t\t\t\t\t<li class=\"elementor-icon-list-item elementor-inline-item\">\n\t\t\t\t\t\t\t\t\t\t\t<a href=\"#joinchat\" target=\"_blank\">\n\n\t\t\t\t\t\t\t\t\t\t\t\t<span class=\"elementor-icon-list-icon\">\n\t\t\t\t\t\t\t<i aria-hidden=\"true\" class=\"fab fa-whatsapp-square\"><\/i>\t\t\t\t\t\t<\/span>\n\t\t\t\t\t\t\t\t\t\t<span class=\"elementor-icon-list-text\">Chat on WhatsApp<\/span>\n\t\t\t\t\t\t\t\t\t\t\t<\/a>\n\t\t\t\t\t\t\t\t\t<\/li>\n\t\t\t\t\t\t<\/ul>\n\t\t\t\t\t\t<\/div>\n\t\t\t\t<\/div>\n\t\t\t\t\t<\/div>\n\t\t<\/div>\n\t\t\t\t\t<\/div>\n\t\t<\/section>\n\t\t\t\t\t<\/div>\n\t\t<\/div>\n\t\t\t\t\t<\/div>\n\t\t<\/section>\n\t\t\t\t<\/div>\n\t\t","protected":false},"excerpt":{"rendered":"<p>Durr\u00ebs, Albania Chat on WhatsApp Merrni ndihm\u00eb ligjore tani!Ne jemi k\u00ebtu p\u00ebr t&#8217;ju udh\u00ebhequr n\u00eb \u00e7do sfid\u00eb ligjore me ekspertiz\u00eb dhe kujdes. N\u00eb studion ton\u00eb, ne besojm\u00eb n\u00eb nd\u00ebrtimin e marr\u00ebdh\u00ebnieve t\u00eb forta me klient\u00ebt tan\u00eb. Ne marrim koh\u00eb p\u00ebr t\u00eb d\u00ebgjuar shqet\u00ebsimet tuaja dhe p\u00ebr t\u00eb punuar me ju p\u00ebr t\u00eb gjetur zgjidhjet m\u00eb [&hellip;]<\/p>\n","protected":false},"author":1,"featured_media":102571,"parent":0,"menu_order":0,"comment_status":"closed","ping_status":"closed","template":"","meta":{"_joinchat":{"telephone":"+355693866772"},"footnotes":""},"categories":[195],"tags":[72590,72605,72595,72603,72593,72608,72598,72604,72594,72607,72597,72602,72592,72606,72596,72587,72589,72615,72613,72618,72614,72617,72612,72616,72611,72601,72610,72600,72591,72588,72609,72599],"class_list":["post-102425","page","type-page","status-publish","has-post-thumbnail","hentry","category-avokat-noter","tag-avokat-durres","tag-avokat-per-ceshtje-administrative","tag-avokat-per-ceshtje-administrative-durres","tag-avokat-per-ceshtje-civile","tag-avokat-per-ceshtje-civile-durres","tag-avokat-per-ceshtje-divorci","tag-avokat-per-ceshtje-divorci-durres","tag-avokat-per-ceshtje-familjare","tag-avokat-per-ceshtje-familjare-durres","tag-avokat-per-ceshtje-nderkombetare","tag-avokat-per-ceshtje-nderkombetare-durres","tag-avokat-per-ceshtje-penale","tag-avokat-per-ceshtje-penale-durres","tag-avokat-per-ceshtje-tregtare","tag-avokat-per-ceshtje-tregtare-durres","tag-avokate-daniela-aliko-durres","tag-avokate-durres","tag-avokate-per-ceshtje-administrative","tag-avokate-per-ceshtje-civile","tag-avokate-per-ceshtje-divorci","tag-avokate-per-ceshtje-familjare","tag-avokate-per-ceshtje-nderkombetare","tag-avokate-per-ceshtje-penale","tag-avokate-per-ceshtje-tregtare","tag-konsulence-ligjore","tag-konsulence-ligjore-durres","tag-perkthime-ligjore","tag-perkthime-ligjore-durres","tag-studio-avokatie-durres","tag-studio-ligjore-durres","tag-verifikim-heqje-ekspulsi","tag-verifikim-heqje-ekspulsi-durres"],"aioseo_notices":[],"_links":{"self":[{"href":"https:\/\/inalbania.al\/al\/wp-json\/wp\/v2\/pages\/102425","targetHints":{"allow":["GET"]}}],"collection":[{"href":"https:\/\/inalbania.al\/al\/wp-json\/wp\/v2\/pages"}],"about":[{"href":"https:\/\/inalbania.al\/al\/wp-json\/wp\/v2\/types\/page"}],"author":[{"embeddable":true,"href":"https:\/\/inalbania.al\/al\/wp-json\/wp\/v2\/users\/1"}],"replies":[{"embeddable":true,"href":"https:\/\/inalbania.al\/al\/wp-json\/wp\/v2\/comments?post=102425"}],"version-history":[{"count":0,"href":"https:\/\/inalbania.al\/al\/wp-json\/wp\/v2\/pages\/102425\/revisions"}],"wp:featuredmedia":[{"embeddable":true,"href":"https:\/\/inalbania.al\/al\/wp-json\/wp\/v2\/media\/102571"}],"wp:attachment":[{"href":"https:\/\/inalbania.al\/al\/wp-json\/wp\/v2\/media?parent=102425"}],"wp:term":[{"taxonomy":"category","embeddable":true,"href":"https:\/\/inalbania.al\/al\/wp-json\/wp\/v2\/categories?post=102425"},{"taxonomy":"post_tag","embeddable":true,"href":"https:\/\/inalbania.al\/al\/wp-json\/wp\/v2\/tags?post=102425"}],"curies":[{"name":"wp","href":"https:\/\/api.w.org\/{rel}","templated":true}]}}