{"id":113071,"date":"2025-11-04T20:18:58","date_gmt":"2025-11-04T20:18:58","guid":{"rendered":"https:\/\/inalbania.al\/?page_id=113071"},"modified":"2026-03-26T20:04:11","modified_gmt":"2026-03-26T20:04:11","slug":"links-20","status":"publish","type":"page","link":"https:\/\/inalbania.al\/al\/links-20\/","title":{"rendered":"Sport 20"},"content":{"rendered":"\t\t<div data-elementor-type=\"wp-page\" data-elementor-id=\"113071\" class=\"elementor elementor-113071\" data-elementor-post-type=\"page\">\n\t\t\t\t\t\t<section class=\"elementor-section elementor-top-section elementor-element elementor-element-70da9210 elementor-section-boxed elementor-section-height-default elementor-section-height-default\" data-id=\"70da9210\" data-element_type=\"section\" data-e-type=\"section\">\n\t\t\t\t\t\t<div class=\"elementor-container elementor-column-gap-default\">\n\t\t\t\t\t<div class=\"elementor-column elementor-col-100 elementor-top-column elementor-element elementor-element-fa6d9cb\" data-id=\"fa6d9cb\" data-element_type=\"column\" data-e-type=\"column\">\n\t\t\t<div class=\"elementor-widget-wrap elementor-element-populated\">\n\t\t\t\t\t\t\t<\/div>\n\t\t<\/div>\n\t\t\t\t\t<\/div>\n\t\t<\/section>\n\t\t\t\t<section class=\"elementor-section elementor-top-section elementor-element elementor-element-3edc0587 elementor-section-boxed elementor-section-height-default elementor-section-height-default\" data-id=\"3edc0587\" data-element_type=\"section\" data-e-type=\"section\">\n\t\t\t\t\t\t<div class=\"elementor-container elementor-column-gap-default\">\n\t\t\t\t\t<div class=\"elementor-column elementor-col-100 elementor-top-column elementor-element elementor-element-399cf9b\" data-id=\"399cf9b\" data-element_type=\"column\" data-e-type=\"column\">\n\t\t\t<div class=\"elementor-widget-wrap elementor-element-populated\">\n\t\t\t\t\t\t<div class=\"elementor-element elementor-element-4df37212 elementor-widget elementor-widget-text-editor\" data-id=\"4df37212\" data-element_type=\"widget\" data-e-type=\"widget\" data-widget_type=\"text-editor.default\">\n\t\t\t\t<div class=\"elementor-widget-container\">\n\t\t\t\t\t\t\t\t\t<p>D\u00ebshironi t\u00eb shikoni ndeshje futbolli drejtp\u00ebrdrejt falas? Jeni n\u00eb faqen e duhur! M\u00eb posht\u00eb jan\u00eb lidhjet nga faqet e internetit t\u00eb huaja q\u00eb ofrojn\u00eb ndeshje drejtp\u00ebrdrejt nga ligat kryesore!<\/p>\t\t\t\t\t\t\t\t<\/div>\n\t\t\t\t<\/div>\n\t\t\t\t\t<\/div>\n\t\t<\/div>\n\t\t\t\t\t<\/div>\n\t\t<\/section>\n\t\t\t\t<section class=\"elementor-section elementor-top-section elementor-element elementor-element-3eadd390 elementor-section-boxed elementor-section-height-default elementor-section-height-default\" data-id=\"3eadd390\" data-element_type=\"section\" data-e-type=\"section\">\n\t\t\t\t\t\t<div class=\"elementor-container elementor-column-gap-default\">\n\t\t\t\t\t<div class=\"elementor-column elementor-col-20 elementor-top-column elementor-element elementor-element-2c07df19\" data-id=\"2c07df19\" data-element_type=\"column\" data-e-type=\"column\">\n\t\t\t<div class=\"elementor-widget-wrap elementor-element-populated\">\n\t\t\t\t\t\t<div class=\"elementor-element elementor-element-192cb997 elementor-align-center elementor-widget elementor-widget-button\" data-id=\"192cb997\" data-element_type=\"widget\" data-e-type=\"widget\" data-widget_type=\"button.default\">\n\t\t\t\t<div class=\"elementor-widget-container\">\n\t\t\t\t\t\t\t\t\t<div class=\"elementor-button-wrapper\">\n\t\t\t\t\t<a class=\"elementor-button elementor-button-link elementor-size-sm\" href=\"https:\/\/www.livesports088.com\/\" target=\"_blank\" id=\"Link 1\">\n\t\t\t\t\t\t<span class=\"elementor-button-content-wrapper\">\n\t\t\t\t\t\t<span class=\"elementor-button-icon\">\n\t\t\t\t<i aria-hidden=\"true\" class=\"far fa-hand-point-left\"><\/i>\t\t\t<\/span>\n\t\t\t\t\t\t\t\t\t<span class=\"elementor-button-text\">SPORT LINK 1<\/span>\n\t\t\t\t\t<\/span>\n\t\t\t\t\t<\/a>\n\t\t\t\t<\/div>\n\t\t\t\t\t\t\t\t<\/div>\n\t\t\t\t<\/div>\n\t\t\t\t\t<\/div>\n\t\t<\/div>\n\t\t\t\t<div class=\"elementor-column elementor-col-20 elementor-top-column elementor-element elementor-element-22315a5\" data-id=\"22315a5\" data-element_type=\"column\" data-e-type=\"column\">\n\t\t\t<div class=\"elementor-widget-wrap elementor-element-populated\">\n\t\t\t\t\t\t<div class=\"elementor-element elementor-element-4cf88e0f elementor-align-center elementor-widget elementor-widget-button\" data-id=\"4cf88e0f\" data-element_type=\"widget\" data-e-type=\"widget\" data-widget_type=\"button.default\">\n\t\t\t\t<div class=\"elementor-widget-container\">\n\t\t\t\t\t\t\t\t\t<div class=\"elementor-button-wrapper\">\n\t\t\t\t\t<a class=\"elementor-button elementor-button-link elementor-size-sm\" href=\"https:\/\/www.beinkora.net\/\" target=\"_blank\" id=\"Link 1\">\n\t\t\t\t\t\t<span class=\"elementor-button-content-wrapper\">\n\t\t\t\t\t\t<span class=\"elementor-button-icon\">\n\t\t\t\t<i aria-hidden=\"true\" class=\"far fa-hand-point-left\"><\/i>\t\t\t<\/span>\n\t\t\t\t\t\t\t\t\t<span class=\"elementor-button-text\">SPORT LINK 2<\/span>\n\t\t\t\t\t<\/span>\n\t\t\t\t\t<\/a>\n\t\t\t\t<\/div>\n\t\t\t\t\t\t\t\t<\/div>\n\t\t\t\t<\/div>\n\t\t\t\t\t<\/div>\n\t\t<\/div>\n\t\t\t\t<div class=\"elementor-column elementor-col-20 elementor-top-column elementor-element elementor-element-41b68996\" data-id=\"41b68996\" data-element_type=\"column\" data-e-type=\"column\">\n\t\t\t<div class=\"elementor-widget-wrap elementor-element-populated\">\n\t\t\t\t\t\t<div class=\"elementor-element elementor-element-1ab6e88a elementor-align-center elementor-widget elementor-widget-button\" data-id=\"1ab6e88a\" data-element_type=\"widget\" data-e-type=\"widget\" data-widget_type=\"button.default\">\n\t\t\t\t<div class=\"elementor-widget-container\">\n\t\t\t\t\t\t\t\t\t<div class=\"elementor-button-wrapper\">\n\t\t\t\t\t<a class=\"elementor-button elementor-button-link elementor-size-sm\" href=\"https:\/\/www.yala-shoot-live.com\/\" target=\"_blank\" id=\"Link 2\">\n\t\t\t\t\t\t<span class=\"elementor-button-content-wrapper\">\n\t\t\t\t\t\t<span class=\"elementor-button-icon\">\n\t\t\t\t<i aria-hidden=\"true\" class=\"far fa-hand-point-left\"><\/i>\t\t\t<\/span>\n\t\t\t\t\t\t\t\t\t<span class=\"elementor-button-text\">SPORT LINK 3<\/span>\n\t\t\t\t\t<\/span>\n\t\t\t\t\t<\/a>\n\t\t\t\t<\/div>\n\t\t\t\t\t\t\t\t<\/div>\n\t\t\t\t<\/div>\n\t\t\t\t\t<\/div>\n\t\t<\/div>\n\t\t\t\t<div class=\"elementor-column elementor-col-20 elementor-top-column elementor-element elementor-element-67481d69\" data-id=\"67481d69\" data-element_type=\"column\" data-e-type=\"column\">\n\t\t\t<div class=\"elementor-widget-wrap elementor-element-populated\">\n\t\t\t\t\t\t<div class=\"elementor-element elementor-element-fc5bd0f elementor-align-center elementor-widget elementor-widget-button\" data-id=\"fc5bd0f\" data-element_type=\"widget\" data-e-type=\"widget\" data-widget_type=\"button.default\">\n\t\t\t\t<div class=\"elementor-widget-container\">\n\t\t\t\t\t\t\t\t\t<div class=\"elementor-button-wrapper\">\n\t\t\t\t\t<a class=\"elementor-button elementor-button-link elementor-size-sm\" href=\"https:\/\/yallalive.sx\/\" target=\"_blank\" id=\"Link 3\">\n\t\t\t\t\t\t<span class=\"elementor-button-content-wrapper\">\n\t\t\t\t\t\t<span class=\"elementor-button-icon\">\n\t\t\t\t<i aria-hidden=\"true\" class=\"far fa-hand-point-left\"><\/i>\t\t\t<\/span>\n\t\t\t\t\t\t\t\t\t<span class=\"elementor-button-text\">SPORT LINK 4<\/span>\n\t\t\t\t\t<\/span>\n\t\t\t\t\t<\/a>\n\t\t\t\t<\/div>\n\t\t\t\t\t\t\t\t<\/div>\n\t\t\t\t<\/div>\n\t\t\t\t\t<\/div>\n\t\t<\/div>\n\t\t\t\t<div class=\"elementor-column elementor-col-20 elementor-top-column elementor-element elementor-element-3cdbd969\" data-id=\"3cdbd969\" data-element_type=\"column\" data-e-type=\"column\">\n\t\t\t<div class=\"elementor-widget-wrap elementor-element-populated\">\n\t\t\t\t\t\t<div class=\"elementor-element elementor-element-41ce4c82 elementor-align-center elementor-widget elementor-widget-button\" data-id=\"41ce4c82\" data-element_type=\"widget\" data-e-type=\"widget\" data-widget_type=\"button.default\">\n\t\t\t\t<div class=\"elementor-widget-container\">\n\t\t\t\t\t\t\t\t\t<div class=\"elementor-button-wrapper\">\n\t\t\t\t\t<a class=\"elementor-button elementor-button-link elementor-size-sm\" href=\"https:\/\/yalla-live.in\/\" target=\"_blank\" id=\"Link 3\">\n\t\t\t\t\t\t<span class=\"elementor-button-content-wrapper\">\n\t\t\t\t\t\t<span class=\"elementor-button-icon\">\n\t\t\t\t<i aria-hidden=\"true\" class=\"far fa-hand-point-left\"><\/i>\t\t\t<\/span>\n\t\t\t\t\t\t\t\t\t<span class=\"elementor-button-text\">SPORT LINK 5<\/span>\n\t\t\t\t\t<\/span>\n\t\t\t\t\t<\/a>\n\t\t\t\t<\/div>\n\t\t\t\t\t\t\t\t<\/div>\n\t\t\t\t<\/div>\n\t\t\t\t\t<\/div>\n\t\t<\/div>\n\t\t\t\t\t<\/div>\n\t\t<\/section>\n\t\t\t\t<section class=\"elementor-section elementor-top-section elementor-element elementor-element-61887844 elementor-section-boxed elementor-section-height-default elementor-section-height-default\" data-id=\"61887844\" data-element_type=\"section\" data-e-type=\"section\">\n\t\t\t\t\t\t<div class=\"elementor-container elementor-column-gap-default\">\n\t\t\t\t\t<div class=\"elementor-column elementor-col-100 elementor-top-column elementor-element elementor-element-2ee025bd\" data-id=\"2ee025bd\" data-element_type=\"column\" data-e-type=\"column\">\n\t\t\t<div class=\"elementor-widget-wrap elementor-element-populated\">\n\t\t\t\t\t\t<div class=\"elementor-element elementor-element-246d3b63 elementor-widget-mobile__width-inherit elementor-widget elementor-widget-html\" data-id=\"246d3b63\" data-element_type=\"widget\" data-e-type=\"widget\" data-widget_type=\"html.default\">\n\t\t\t\t<div class=\"elementor-widget-container\">\n\t\t\t\t\t<link rel=\"stylesheet\" href=\"https:\/\/cdnjs.cloudflare.com\/ajax\/libs\/font-awesome\/6.5.0\/css\/all.min.css\"\/>\r\n<div class=\"social-share-wrapper\">\r\n  <p class=\"share-text\">Shp\u00ebrndaje Faqen<\/p>\r\n  <div class=\"social-share-icons\">\r\n    <a href=\"#\" class=\"whatsapp\" title=\"D\u00ebrgo n\u00eb WhatsApp\" onclick=\"window.open('https:\/\/api.whatsapp.com\/send?text='+encodeURIComponent(document.title+' - '+window.location.href));return false;\"><i class=\"fab fa-whatsapp\"><\/i><\/a>\r\n    <a href=\"#\" class=\"messenger\" title=\"D\u00ebrgo n\u00eb Messenger\" onclick=\"window.open('https:\/\/www.facebook.com\/sharer\/sharer.php?u='+encodeURIComponent(window.location.href));return false;\"><i class=\"fab fa-facebook-messenger\"><\/i><\/a>\r\n    <a href=\"#\" class=\"sms\" title=\"D\u00ebrgo me SMS\" onclick=\"window.open('sms:?body='+encodeURIComponent(document.title+' - '+window.location.href));return false;\"><i class=\"fas fa-sms\"><\/i><\/a>\r\n    <a href=\"#\" class=\"copy-link\" title=\"Kopjo linkun\" onclick=\"navigator.clipboard.writeText(window.location.href);return false;\"><i class=\"fas fa-link\"><\/i><\/a>\r\n  <\/div>\r\n<\/div>\r\n\r\n<style>\r\n.share-text{font-weight:bold;margin-bottom:8px;font-size:16px;color:#333;text-align:left;padding-left:10px;}\r\n.social-share-icons{display:flex;justify-content:flex-start;align-items:center;gap:15px;max-width:450px;padding-left:10px;}\r\n.social-share-icons a{display:flex;align-items:center;justify-content:center;width:50px;height:50px;font-size:25px;color:white;text-decoration:none;border-radius:8px;transition:transform 0.2s;}\r\n.social-share-icons a:hover{transform:scale(1.2);}\r\n.whatsapp{background:#25D366;}\r\n.messenger{background:#0084FF;}\r\n.sms{background:#34B7F1;}\r\n.copy-link{background:#6c757d;}\r\n@media(max-width:480px){.social-share-icons a{width:40px;height:40px;font-size:20px;}}\r\n<\/style>\r\n\t\t\t\t<\/div>\n\t\t\t\t<\/div>\n\t\t\t\t<div class=\"elementor-element elementor-element-3878280a elementor-widget elementor-widget-text-editor\" data-id=\"3878280a\" data-element_type=\"widget\" data-e-type=\"widget\" data-widget_type=\"text-editor.default\">\n\t\t\t\t<div class=\"elementor-widget-container\">\n\t\t\t\t\t\t\t\t\t<blockquote><p>Hapni linqet me radh\u00eb derisa t\u00eb gjeni ndeshjen q\u00eb d\u00ebshironi t\u00eb shikoni.\u00a0 Pasi ta gjeni ndeshjen, klikoni mbi t\u00eb, por kini kujdes pasi reklamat mund t\u00eb shfaqen dhe mund t&#8217;ju duhet t\u00eb klikoni p\u00ebrs\u00ebri ose diku tjet\u00ebr. Pasi t\u00eb hapet, jini vigjilent\u00eb dhe t\u00eb duruar &#8211; duhet t\u00eb gjeni zon\u00ebn e lojtarit ku po luhet ndeshja dhe t\u00eb klikoni butonin &#8220;luaj&#8221;. N\u00ebse hapet nj\u00eb reklam\u00eb, mbylleni reklam\u00ebn dhe klikoni p\u00ebrs\u00ebri. N\u00ebse hapet p\u00ebrs\u00ebri nj\u00eb reklam\u00eb, klikoni m\u00eb posht\u00eb pasi mund t\u00eb keni klikuar n\u00eb vendin e gabuar.<\/p><\/blockquote>\t\t\t\t\t\t\t\t<\/div>\n\t\t\t\t<\/div>\n\t\t\t\t<div class=\"elementor-element elementor-element-7cde6e60 elementor-widget elementor-widget-text-editor\" data-id=\"7cde6e60\" data-element_type=\"widget\" data-e-type=\"widget\" data-widget_type=\"text-editor.default\">\n\t\t\t\t<div class=\"elementor-widget-container\">\n\t\t\t\t\t\t\t\t\t<blockquote><p>Open the links repeatedly until you find the match you want to watch online. Once you find the match, click on it, but be careful as ads might pop up, and you may need to click again or click somewhere else. Once it opens, be alert and patient\u2014you need to find the player area where the match is being played and click the play button. If an ad opens, close the ad and click again. If an ad opens again, click below as you might have clicked in the wrong place.<\/p><\/blockquote>\t\t\t\t\t\t\t\t<\/div>\n\t\t\t\t<\/div>\n\t\t\t\t<div class=\"elementor-element elementor-element-2856f302 elementor-widget elementor-widget-text-editor\" data-id=\"2856f302\" data-element_type=\"widget\" data-e-type=\"widget\" data-widget_type=\"text-editor.default\">\n\t\t\t\t<div class=\"elementor-widget-container\">\n\t\t\t\t\t\t\t\t\t<p>N\u00ebse mendoni se jan\u00eb shkelur t\u00eb drejtat tuaja t\u00eb autorit ose t\u00eb drejtat e transmetimit t\u00eb nj\u00eb p\u00ebrmbajtjeje, \u00ebsht\u00eb e r\u00ebnd\u00ebsishme t\u00eb na <a href=\"\/contact\" target=\"_blank\" rel=\"noopener\">kontaktoni<\/a>.<\/p><p>If you believe that your copyright or broadcasting rights to content have been violated, it is important to <a href=\"\/contact\">contact us.<\/a><\/p>\t\t\t\t\t\t\t\t<\/div>\n\t\t\t\t<\/div>\n\t\t\t\t<div class=\"elementor-element elementor-element-386aece9 elementor-widget elementor-widget-text-editor\" data-id=\"386aece9\" data-element_type=\"widget\" data-e-type=\"widget\" data-widget_type=\"text-editor.default\">\n\t\t\t\t<div class=\"elementor-widget-container\">\n\t\t\t\t\t\t\t\t\t<p>Be patient because both major and minor matches are streamed live. We guarantee it 100%. We are a serious site and want to let you know that we don\u2019t gain anything from clicking the above links, our minimal gain is simply opening this page that you are reading now. I\u2019m a football fan, and I want to help you. I personally always watch live football here. Thank you!<\/p>\t\t\t\t\t\t\t\t<\/div>\n\t\t\t\t<\/div>\n\t\t\t\t\t<\/div>\n\t\t<\/div>\n\t\t\t\t\t<\/div>\n\t\t<\/section>\n\t\t\t\t<\/div>\n\t\t","protected":false},"excerpt":{"rendered":"<p>D\u00ebshironi t\u00eb shikoni ndeshje futbolli drejtp\u00ebrdrejt falas? Jeni n\u00eb faqen e duhur! M\u00eb posht\u00eb jan\u00eb lidhjet nga faqet e internetit t\u00eb huaja q\u00eb ofrojn\u00eb ndeshje drejtp\u00ebrdrejt nga ligat kryesore! SPORT LINK 1 SPORT LINK 2 SPORT LINK 3 SPORT LINK 4 SPORT LINK 5 Shp\u00ebrndaje Faqen Hapni linqet me radh\u00eb derisa t\u00eb gjeni ndeshjen q\u00eb [&hellip;]<\/p>\n","protected":false},"author":1,"featured_media":0,"parent":0,"menu_order":0,"comment_status":"closed","ping_status":"closed","template":"","meta":{"_joinchat":[],"footnotes":""},"categories":[43746],"tags":[],"class_list":["post-113071","page","type-page","status-publish","hentry","category-zzz"],"aioseo_notices":[],"_links":{"self":[{"href":"https:\/\/inalbania.al\/al\/wp-json\/wp\/v2\/pages\/113071","targetHints":{"allow":["GET"]}}],"collection":[{"href":"https:\/\/inalbania.al\/al\/wp-json\/wp\/v2\/pages"}],"about":[{"href":"https:\/\/inalbania.al\/al\/wp-json\/wp\/v2\/types\/page"}],"author":[{"embeddable":true,"href":"https:\/\/inalbania.al\/al\/wp-json\/wp\/v2\/users\/1"}],"replies":[{"embeddable":true,"href":"https:\/\/inalbania.al\/al\/wp-json\/wp\/v2\/comments?post=113071"}],"version-history":[{"count":0,"href":"https:\/\/inalbania.al\/al\/wp-json\/wp\/v2\/pages\/113071\/revisions"}],"wp:attachment":[{"href":"https:\/\/inalbania.al\/al\/wp-json\/wp\/v2\/media?parent=113071"}],"wp:term":[{"taxonomy":"category","embeddable":true,"href":"https:\/\/inalbania.al\/al\/wp-json\/wp\/v2\/categories?post=113071"},{"taxonomy":"post_tag","embeddable":true,"href":"https:\/\/inalbania.al\/al\/wp-json\/wp\/v2\/tags?post=113071"}],"curies":[{"name":"wp","href":"https:\/\/api.w.org\/{rel}","templated":true}]}}