{"id":114642,"date":"2026-03-27T20:16:06","date_gmt":"2026-03-27T20:16:06","guid":{"rendered":"https:\/\/inalbania.al\/?page_id=114642"},"modified":"2026-03-27T20:58:19","modified_gmt":"2026-03-27T20:58:19","slug":"akupunktura-parimet-mekanizmat-dhe-perfitimet-ne-tirane","status":"publish","type":"page","link":"https:\/\/inalbania.al\/al\/akupunktura-parimet-mekanizmat-dhe-perfitimet-ne-tirane\/","title":{"rendered":"Akupunktura: Parimet, Mekanizmat dhe P\u00ebrfitimet n\u00eb Tiran\u00eb"},"content":{"rendered":"\t\t<div data-elementor-type=\"wp-page\" data-elementor-id=\"114642\" class=\"elementor elementor-114642\" data-elementor-post-type=\"page\">\n\t\t\t\t\t\t<section class=\"elementor-section elementor-top-section elementor-element elementor-element-95b200e elementor-section-boxed elementor-section-height-default elementor-section-height-default\" data-id=\"95b200e\" data-element_type=\"section\" data-e-type=\"section\">\n\t\t\t\t\t\t<div class=\"elementor-container elementor-column-gap-default\">\n\t\t\t\t\t<div class=\"elementor-column elementor-col-100 elementor-top-column elementor-element elementor-element-348a877\" data-id=\"348a877\" data-element_type=\"column\" data-e-type=\"column\">\n\t\t\t<div class=\"elementor-widget-wrap elementor-element-populated\">\n\t\t\t\t\t\t\t<\/div>\n\t\t<\/div>\n\t\t\t\t\t<\/div>\n\t\t<\/section>\n\t\t\t\t<section class=\"elementor-section elementor-top-section elementor-element elementor-element-d2ef5a7 elementor-section-boxed elementor-section-height-default elementor-section-height-default\" data-id=\"d2ef5a7\" data-element_type=\"section\" data-e-type=\"section\">\n\t\t\t\t\t\t<div class=\"elementor-container elementor-column-gap-default\">\n\t\t\t\t\t<div class=\"elementor-column elementor-col-100 elementor-top-column elementor-element elementor-element-ef38002\" data-id=\"ef38002\" data-element_type=\"column\" data-e-type=\"column\">\n\t\t\t<div class=\"elementor-widget-wrap elementor-element-populated\">\n\t\t\t\t\t\t<div class=\"elementor-element elementor-element-0d0b8da elementor-widget elementor-widget-text-editor\" data-id=\"0d0b8da\" data-element_type=\"widget\" data-e-type=\"widget\" data-widget_type=\"text-editor.default\">\n\t\t\t\t<div class=\"elementor-widget-container\">\n\t\t\t\t\t\t\t\t\t<p><img fetchpriority=\"high\" decoding=\"async\" class=\"size-full wp-image-110552 alignleft\" src=\"https:\/\/inalbania.al\/wp-content\/uploads\/2025\/05\/CHINNESE-MASSAGE-TIRANA-\u2022-TAI-CHI-TCM.jpeg\" alt=\"\" width=\"600\" height=\"312\" srcset=\"https:\/\/inalbania.al\/wp-content\/uploads\/2025\/05\/CHINNESE-MASSAGE-TIRANA-\u2022-TAI-CHI-TCM.jpeg 600w, https:\/\/inalbania.al\/wp-content\/uploads\/2025\/05\/CHINNESE-MASSAGE-TIRANA-\u2022-TAI-CHI-TCM-300x156.jpeg 300w, https:\/\/inalbania.al\/wp-content\/uploads\/2025\/05\/CHINNESE-MASSAGE-TIRANA-\u2022-TAI-CHI-TCM-18x9.jpeg 18w, https:\/\/inalbania.al\/wp-content\/uploads\/2025\/05\/CHINNESE-MASSAGE-TIRANA-\u2022-TAI-CHI-TCM-350x182.jpeg 350w\" sizes=\"(max-width: 600px) 100vw, 600px\" \/><\/p><p data-start=\"63\" data-end=\"542\">\u00a0<\/p><p data-start=\"63\" data-end=\"542\">Akupunktura \u00ebsht\u00eb nj\u00eb nga sistemet terapeutike m\u00eb t\u00eb konsoliduara dhe me vazhdim\u00ebsi historike n\u00eb bot\u00eb. Si nj\u00eb komponent qendror i Mjek\u00ebsis\u00eb Tradicionale Kineze (TCM), ajo \u00ebsht\u00eb praktikuar p\u00ebr m\u00eb shum\u00eb se 2,000 vite dhe vazhdon t\u00eb evoluoj\u00eb brenda sistemeve moderne t\u00eb kujdesit sh\u00ebndet\u00ebsor. Sot, akupunktura njihet globalisht jo vet\u00ebm si nj\u00eb art tradicional sh\u00ebrues, por edhe si nj\u00eb nd\u00ebrhyrje terapeutike me r\u00ebnd\u00ebsi klinike dhe gjithnj\u00eb e m\u00eb shum\u00eb e mb\u00ebshtetur nga prova shkencore.<\/p><p data-start=\"544\" data-end=\"1024\">N\u00eb dekadat e fundit, akupunktura ka fituar pranimin n\u00eb rritje brenda komuniteteve shkencore dhe mjek\u00ebsore. Studime klinike, p\u00ebrfshir\u00eb prova t\u00eb kontrolluara t\u00eb rast\u00ebsishme dhe k\u00ebrkime neurofiziologjike, kan\u00eb demonstruar efektivitetin e saj n\u00eb menaxhimin e dhimbjeve kronike, \u00e7rregullimeve neurologjike, gjendjeve t\u00eb lidhura me stresin dhe \u00e7rregullimeve funksionale. Si rezultat, akupunktura \u00ebsht\u00eb integruar tashm\u00eb n\u00eb spitale, qendra rehabilitimi dhe klinika private n\u00eb mbar\u00eb bot\u00ebn.<\/p><p data-start=\"1026\" data-end=\"1448\">N\u00eb Tiran\u00eb, akupunktura po b\u00ebhet gjithnj\u00eb e m\u00eb e aksesueshme, me disa praktikues q\u00eb ofrojn\u00eb trajtime. Megjithat\u00eb, cil\u00ebsia, metodologjia dhe thell\u00ebsia e praktik\u00ebs mund t\u00eb ndryshojn\u00eb ndjesh\u00ebm. N\u00eb <strong data-start=\"1219\" data-end=\"1247\">Kineze, Masazh \u2013 Tai Chi<\/strong>, e vendosur n\u00eb Rruga Astrit Sulejman Balluku, akupunktura kryhet nga praktikues t\u00eb certifikuar t\u00eb TCM-s\u00eb kineze n\u00ebn mbik\u00ebqyrjen e Yang Wang, duke siguruar autenticitet, sakt\u00ebsi dhe efektivitet klinik.<\/p><h3 data-section-id=\"1856v31\" data-start=\"1450\" data-end=\"1481\">1. \u00c7far\u00eb \u00ebsht\u00eb Akupunktura?<\/h3><p data-start=\"1483\" data-end=\"1808\">Akupunktura \u00ebsht\u00eb nj\u00eb teknik\u00eb terapeutike q\u00eb p\u00ebrfshin vendosjen e gjilp\u00ebrave shum\u00eb t\u00eb holla dhe sterile n\u00eb pika specifike anatomike t\u00eb trupit, t\u00eb njohura si pika akupunkture (acupoints). K\u00ebto pika jan\u00eb t\u00eb shp\u00ebrndara p\u00ebrgjat\u00eb rrug\u00ebve t\u00eb quajtura meridiane, t\u00eb cilat rregullojn\u00eb rrjedh\u00ebn e energjis\u00eb jetike t\u00eb njohur si <strong data-start=\"1801\" data-end=\"1807\">Qi<\/strong>.<\/p><p data-start=\"1810\" data-end=\"1846\">Sipas Mjek\u00ebsis\u00eb Tradicionale Kineze:<\/p><ul data-start=\"1848\" data-end=\"1997\"><li data-section-id=\"f6k5bw\" data-start=\"1848\" data-end=\"1928\">Sh\u00ebndeti \u00ebsht\u00eb nj\u00eb gjendje e ekuilibrit dhe rrjedh\u00ebs s\u00eb pand\u00ebrprer\u00eb t\u00eb Qi-s\u00eb<\/li><li data-section-id=\"1qg3kgw\" data-start=\"1929\" data-end=\"1997\">S\u00ebmundja ndodh kur Qi bllokohet, \u00ebsht\u00eb n\u00eb munges\u00eb ose n\u00eb tepric\u00eb<\/li><\/ul><p data-start=\"1999\" data-end=\"2124\" data-is-last-node=\"\" data-is-only-node=\"\">Duke stimuluar pika t\u00eb sakta akupunkture, akupunktura rikthen ekuilibrin dhe nxit aft\u00ebsin\u00eb natyrore t\u00eb trupit p\u00ebr vet\u00ebsh\u00ebrim.<\/p>\t\t\t\t\t\t\t\t<\/div>\n\t\t\t\t<\/div>\n\t\t\t\t<div class=\"elementor-element elementor-element-3b856f3 elementor-widget elementor-widget-text-editor\" data-id=\"3b856f3\" data-element_type=\"widget\" data-e-type=\"widget\" data-widget_type=\"text-editor.default\">\n\t\t\t\t<div class=\"elementor-widget-container\">\n\t\t\t\t\t\t\t\t\t<p>Lexo me shume ne: \u2192 <a href=\"https:\/\/www.taichi.al\/sq\/2026\/03\/21\/acupuncture-principles-mechanisms-clinical-applications-and-professional-practice-in-tirana\" target=\"_blank\" rel=\"noopener\">https:\/\/www.taichi.al<b>\u2197<\/b><\/a><\/p>\t\t\t\t\t\t\t\t<\/div>\n\t\t\t\t<\/div>\n\t\t\t\t\t<\/div>\n\t\t<\/div>\n\t\t\t\t\t<\/div>\n\t\t<\/section>\n\t\t\t\t<\/div>\n\t\t","protected":false},"excerpt":{"rendered":"<p>\u00a0 Akupunktura \u00ebsht\u00eb nj\u00eb nga sistemet terapeutike m\u00eb t\u00eb konsoliduara dhe me vazhdim\u00ebsi historike n\u00eb bot\u00eb. Si nj\u00eb komponent qendror i Mjek\u00ebsis\u00eb Tradicionale Kineze (TCM), ajo \u00ebsht\u00eb praktikuar p\u00ebr m\u00eb shum\u00eb se 2,000 vite dhe vazhdon t\u00eb evoluoj\u00eb brenda sistemeve moderne t\u00eb kujdesit sh\u00ebndet\u00ebsor. Sot, akupunktura njihet globalisht jo vet\u00ebm si nj\u00eb art tradicional sh\u00ebrues, [&hellip;]<\/p>\n","protected":false},"author":1,"featured_media":110552,"parent":0,"menu_order":0,"comment_status":"closed","ping_status":"closed","template":"elementor_header_footer","meta":{"_joinchat":[],"footnotes":""},"categories":[183],"tags":[],"class_list":["post-114642","page","type-page","status-publish","has-post-thumbnail","hentry","category-aktualitet"],"aioseo_notices":[],"_links":{"self":[{"href":"https:\/\/inalbania.al\/al\/wp-json\/wp\/v2\/pages\/114642","targetHints":{"allow":["GET"]}}],"collection":[{"href":"https:\/\/inalbania.al\/al\/wp-json\/wp\/v2\/pages"}],"about":[{"href":"https:\/\/inalbania.al\/al\/wp-json\/wp\/v2\/types\/page"}],"author":[{"embeddable":true,"href":"https:\/\/inalbania.al\/al\/wp-json\/wp\/v2\/users\/1"}],"replies":[{"embeddable":true,"href":"https:\/\/inalbania.al\/al\/wp-json\/wp\/v2\/comments?post=114642"}],"version-history":[{"count":0,"href":"https:\/\/inalbania.al\/al\/wp-json\/wp\/v2\/pages\/114642\/revisions"}],"wp:featuredmedia":[{"embeddable":true,"href":"https:\/\/inalbania.al\/al\/wp-json\/wp\/v2\/media\/110552"}],"wp:attachment":[{"href":"https:\/\/inalbania.al\/al\/wp-json\/wp\/v2\/media?parent=114642"}],"wp:term":[{"taxonomy":"category","embeddable":true,"href":"https:\/\/inalbania.al\/al\/wp-json\/wp\/v2\/categories?post=114642"},{"taxonomy":"post_tag","embeddable":true,"href":"https:\/\/inalbania.al\/al\/wp-json\/wp\/v2\/tags?post=114642"}],"curies":[{"name":"wp","href":"https:\/\/api.w.org\/{rel}","templated":true}]}}