{"id":114659,"date":"2026-03-27T20:34:35","date_gmt":"2026-03-27T20:34:35","guid":{"rendered":"https:\/\/inalbania.al\/?page_id=114659"},"modified":"2026-03-27T20:58:29","modified_gmt":"2026-03-27T20:58:29","slug":"kuptimi-i-meridianeve-dhe-kondicionimi-i-meridianeve-ne-kmt","status":"publish","type":"page","link":"https:\/\/inalbania.al\/al\/kuptimi-i-meridianeve-dhe-kondicionimi-i-meridianeve-ne-kmt\/","title":{"rendered":"Kuptimi i Meridian\u00ebve dhe Kondicionimi i Meridian\u00ebve n\u00eb KMT"},"content":{"rendered":"\t\t<div data-elementor-type=\"wp-page\" data-elementor-id=\"114659\" class=\"elementor elementor-114659\" data-elementor-post-type=\"page\">\n\t\t\t\t\t\t<section class=\"elementor-section elementor-top-section elementor-element elementor-element-a153b66 elementor-section-boxed elementor-section-height-default elementor-section-height-default\" data-id=\"a153b66\" data-element_type=\"section\" data-e-type=\"section\">\n\t\t\t\t\t\t<div class=\"elementor-container elementor-column-gap-default\">\n\t\t\t\t\t<div class=\"elementor-column elementor-col-100 elementor-top-column elementor-element elementor-element-5895807\" data-id=\"5895807\" data-element_type=\"column\" data-e-type=\"column\">\n\t\t\t<div class=\"elementor-widget-wrap elementor-element-populated\">\n\t\t\t\t\t\t\t<\/div>\n\t\t<\/div>\n\t\t\t\t\t<\/div>\n\t\t<\/section>\n\t\t\t\t<section class=\"elementor-section elementor-top-section elementor-element elementor-element-d2ef5a7 elementor-section-boxed elementor-section-height-default elementor-section-height-default\" data-id=\"d2ef5a7\" data-element_type=\"section\" data-e-type=\"section\">\n\t\t\t\t\t\t<div class=\"elementor-container elementor-column-gap-default\">\n\t\t\t\t\t<div class=\"elementor-column elementor-col-100 elementor-top-column elementor-element elementor-element-ef38002\" data-id=\"ef38002\" data-element_type=\"column\" data-e-type=\"column\">\n\t\t\t<div class=\"elementor-widget-wrap elementor-element-populated\">\n\t\t\t\t\t\t<div class=\"elementor-element elementor-element-0d0b8da elementor-widget elementor-widget-text-editor\" data-id=\"0d0b8da\" data-element_type=\"widget\" data-e-type=\"widget\" data-widget_type=\"text-editor.default\">\n\t\t\t\t<div class=\"elementor-widget-container\">\n\t\t\t\t\t\t\t\t\t<p><img fetchpriority=\"high\" decoding=\"async\" class=\"size-full wp-image-110552 alignleft\" src=\"https:\/\/inalbania.al\/wp-content\/uploads\/2025\/05\/CHINNESE-MASSAGE-TIRANA-\u2022-TAI-CHI-TCM.jpeg\" alt=\"\" width=\"600\" height=\"312\" srcset=\"https:\/\/inalbania.al\/wp-content\/uploads\/2025\/05\/CHINNESE-MASSAGE-TIRANA-\u2022-TAI-CHI-TCM.jpeg 600w, https:\/\/inalbania.al\/wp-content\/uploads\/2025\/05\/CHINNESE-MASSAGE-TIRANA-\u2022-TAI-CHI-TCM-300x156.jpeg 300w, https:\/\/inalbania.al\/wp-content\/uploads\/2025\/05\/CHINNESE-MASSAGE-TIRANA-\u2022-TAI-CHI-TCM-18x9.jpeg 18w, https:\/\/inalbania.al\/wp-content\/uploads\/2025\/05\/CHINNESE-MASSAGE-TIRANA-\u2022-TAI-CHI-TCM-350x182.jpeg 350w\" sizes=\"(max-width: 600px) 100vw, 600px\" \/><strong>Autostradat e Fshehura t\u00eb Sh\u00ebndetit: Kuptimi i Meridian\u00ebve dhe Kondicionimi i Meridian\u00ebve n\u00eb KMT.<\/strong><\/p><p>Kur studiova p\u00ebr her\u00eb t\u00eb par\u00eb Mjek\u00ebsin\u00eb Tradicionale Kineze (MTK), nj\u00eb nga zbulimet m\u00eb interesante p\u00ebr mua ishte ideja e meridian\u00ebve &#8211; rrug\u00ebt e padukshme q\u00eb mbartin energji n\u00ebp\u00ebr trup. Ato nuk shfaqen n\u00eb tekstet shkollore t\u00eb anatomis\u00eb, dhe mjek\u00ebsia moderne per\u00ebndimore nuk i njeh ato si struktura fizike. E megjithat\u00eb, p\u00ebr mij\u00ebra vjet, ato kan\u00eb qen\u00eb qendrore n\u00eb m\u00ebnyr\u00ebn se si mjek\u00ebsia kineze e kupton sh\u00ebndetin, ekuilibrin dhe sh\u00ebrimin.<\/p><p>Ajo q\u00eb \u00ebsht\u00eb interesante \u00ebsht\u00eb se, edhe sot, shum\u00eb pacient\u00eb q\u00eb provojn\u00eb trajtime t\u00eb bazuara n\u00eb pun\u00ebn me meridian\u00ebt p\u00ebrshkruajn\u00eb se ndihen m\u00eb t\u00eb leht\u00eb, m\u00eb t\u00eb ekuilibruar dhe m\u00eb t\u00eb qet\u00eb. Qoft\u00eb p\u00ebrmes akupunktur\u00ebs, masazhit apo teknikave t\u00eb tjera, ata shpesh v\u00ebrejn\u00eb ndryshime q\u00eb jan\u00eb t\u00eb v\u00ebshtira p\u00ebr t&#8217;u shpjeguar n\u00eb terma thjesht fizik\u00eb.<\/p><p><strong>\u00c7far\u00eb jan\u00eb Meridian\u00ebt?<\/strong><\/p><p>Meridian\u00ebt mund t\u00eb konsiderohen si autostrada energjie. N\u00eb vend t\u00eb gjakut ose nervave, ato mbartin Qi (energji jet\u00ebsore) dhe ndikojn\u00eb n\u00eb m\u00ebnyr\u00ebn se si funksionojn\u00eb organet, muskujt dhe madje edhe emocionet tona. Ekzistojn\u00eb 12 meridian\u00eb kryesor\u00eb, secili i lidhur me nj\u00eb sistem specifik organesh &#8211; si mushk\u00ebrit\u00eb, zemra, m\u00ebl\u00e7ia ose veshkat.<\/p><p>Kur k\u00ebto rrug\u00eb jan\u00eb t\u00eb hapura dhe rrjedhin, trupi ndihet i gjall\u00eb, energjik dhe n\u00eb ekuilib\u00ebr. Kur ato jan\u00eb t\u00eb bllokuara ose t\u00eb ndenjura, problemet mund t\u00eb shfaqen si dhimbje, lodhje, ndryshime humori ose shqet\u00ebsime t\u00eb tjera.<\/p>\t\t\t\t\t\t\t\t<\/div>\n\t\t\t\t<\/div>\n\t\t\t\t<div class=\"elementor-element elementor-element-3b856f3 elementor-widget elementor-widget-text-editor\" data-id=\"3b856f3\" data-element_type=\"widget\" data-e-type=\"widget\" data-widget_type=\"text-editor.default\">\n\t\t\t\t<div class=\"elementor-widget-container\">\n\t\t\t\t\t\t\t\t\t<p>Lexo me shume ne: \u2192 <a href=\"https:\/\/www.taichi.al\/sq\/2025\/09\/16\/meridianet-tcm-kushtezimi-i-meridianeve\/\" target=\"_blank\" rel=\"noopener\">https:\/\/www.taichi.al<b>\u2197<\/b><\/a><\/p>\t\t\t\t\t\t\t\t<\/div>\n\t\t\t\t<\/div>\n\t\t\t\t\t<\/div>\n\t\t<\/div>\n\t\t\t\t\t<\/div>\n\t\t<\/section>\n\t\t\t\t<\/div>\n\t\t","protected":false},"excerpt":{"rendered":"<p>Autostradat e Fshehura t\u00eb Sh\u00ebndetit: Kuptimi i Meridian\u00ebve dhe Kondicionimi i Meridian\u00ebve n\u00eb KMT. Kur studiova p\u00ebr her\u00eb t\u00eb par\u00eb Mjek\u00ebsin\u00eb Tradicionale Kineze (MTK), nj\u00eb nga zbulimet m\u00eb interesante p\u00ebr mua ishte ideja e meridian\u00ebve &#8211; rrug\u00ebt e padukshme q\u00eb mbartin energji n\u00ebp\u00ebr trup. Ato nuk shfaqen n\u00eb tekstet shkollore t\u00eb anatomis\u00eb, dhe mjek\u00ebsia moderne [&hellip;]<\/p>\n","protected":false},"author":1,"featured_media":110552,"parent":0,"menu_order":0,"comment_status":"closed","ping_status":"closed","template":"elementor_header_footer","meta":{"_joinchat":[],"footnotes":""},"categories":[183],"tags":[],"class_list":["post-114659","page","type-page","status-publish","has-post-thumbnail","hentry","category-aktualitet"],"aioseo_notices":[],"_links":{"self":[{"href":"https:\/\/inalbania.al\/al\/wp-json\/wp\/v2\/pages\/114659","targetHints":{"allow":["GET"]}}],"collection":[{"href":"https:\/\/inalbania.al\/al\/wp-json\/wp\/v2\/pages"}],"about":[{"href":"https:\/\/inalbania.al\/al\/wp-json\/wp\/v2\/types\/page"}],"author":[{"embeddable":true,"href":"https:\/\/inalbania.al\/al\/wp-json\/wp\/v2\/users\/1"}],"replies":[{"embeddable":true,"href":"https:\/\/inalbania.al\/al\/wp-json\/wp\/v2\/comments?post=114659"}],"version-history":[{"count":0,"href":"https:\/\/inalbania.al\/al\/wp-json\/wp\/v2\/pages\/114659\/revisions"}],"wp:featuredmedia":[{"embeddable":true,"href":"https:\/\/inalbania.al\/al\/wp-json\/wp\/v2\/media\/110552"}],"wp:attachment":[{"href":"https:\/\/inalbania.al\/al\/wp-json\/wp\/v2\/media?parent=114659"}],"wp:term":[{"taxonomy":"category","embeddable":true,"href":"https:\/\/inalbania.al\/al\/wp-json\/wp\/v2\/categories?post=114659"},{"taxonomy":"post_tag","embeddable":true,"href":"https:\/\/inalbania.al\/al\/wp-json\/wp\/v2\/tags?post=114659"}],"curies":[{"name":"wp","href":"https:\/\/api.w.org\/{rel}","templated":true}]}}