{"id":3254,"date":"2023-04-25T17:04:17","date_gmt":"2023-04-25T17:04:17","guid":{"rendered":"https:\/\/inalbania.al\/?page_id=3254"},"modified":"2025-02-14T12:10:44","modified_gmt":"2025-02-14T12:10:44","slug":"who-is-inalbania-al","status":"publish","type":"page","link":"https:\/\/inalbania.al\/al\/who-is-inalbania-al\/","title":{"rendered":"KUSH \u00cbSHT\u00cb INALBANIA.AL"},"content":{"rendered":"\t\t<div data-elementor-type=\"wp-page\" data-elementor-id=\"3254\" class=\"elementor elementor-3254\" data-elementor-post-type=\"page\">\n\t\t\t\t\t\t<section class=\"elementor-section elementor-top-section elementor-element elementor-element-4c8fd59 elementor-section-boxed elementor-section-height-default elementor-section-height-default\" data-id=\"4c8fd59\" data-element_type=\"section\" data-e-type=\"section\">\n\t\t\t\t\t\t<div class=\"elementor-container elementor-column-gap-default\">\n\t\t\t\t\t<div class=\"elementor-column elementor-col-100 elementor-top-column elementor-element elementor-element-dead022\" data-id=\"dead022\" data-element_type=\"column\" data-e-type=\"column\">\n\t\t\t<div class=\"elementor-widget-wrap elementor-element-populated\">\n\t\t\t\t\t\t\t<\/div>\n\t\t<\/div>\n\t\t\t\t\t<\/div>\n\t\t<\/section>\n\t\t\t\t<section class=\"elementor-section elementor-top-section elementor-element elementor-element-60ad4853 elementor-section-boxed elementor-section-height-default elementor-section-height-default\" data-id=\"60ad4853\" data-element_type=\"section\" data-e-type=\"section\">\n\t\t\t\t\t\t<div class=\"elementor-container elementor-column-gap-default\">\n\t\t\t\t\t<div class=\"elementor-column elementor-col-66 elementor-top-column elementor-element elementor-element-6487c27b\" data-id=\"6487c27b\" data-element_type=\"column\" data-e-type=\"column\">\n\t\t\t<div class=\"elementor-widget-wrap elementor-element-populated\">\n\t\t\t\t\t\t<div class=\"elementor-element elementor-element-3de78c3 elementor-widget elementor-widget-image\" data-id=\"3de78c3\" data-element_type=\"widget\" data-e-type=\"widget\" data-widget_type=\"image.default\">\n\t\t\t\t<div class=\"elementor-widget-container\">\n\t\t\t\t\t\t\t\t\t\t\t\t\t\t\t<img fetchpriority=\"high\" decoding=\"async\" width=\"800\" height=\"600\" src=\"https:\/\/inalbania.al\/wp-content\/uploads\/2025\/02\/WEB-DESIGNER-SHQIPERI.gif\" class=\"attachment-large size-large wp-image-109079\" alt=\"\" \/>\t\t\t\t\t\t\t\t\t\t\t\t\t\t\t<\/div>\n\t\t\t\t<\/div>\n\t\t\t\t\t<\/div>\n\t\t<\/div>\n\t\t\t\t<div class=\"elementor-column elementor-col-33 elementor-top-column elementor-element elementor-element-286073dd\" data-id=\"286073dd\" data-element_type=\"column\" data-e-type=\"column\">\n\t\t\t<div class=\"elementor-widget-wrap elementor-element-populated\">\n\t\t\t\t\t\t<div class=\"elementor-element elementor-element-7fba23f elementor-widget elementor-widget-text-editor\" data-id=\"7fba23f\" data-element_type=\"widget\" data-e-type=\"widget\" data-widget_type=\"text-editor.default\">\n\t\t\t\t<div class=\"elementor-widget-container\">\n\t\t\t\t\t\t\t\t\t<p><span style=\"color: #339966;\"><strong>Agjencia e Marketingut Online INALBANIA.AL<\/strong><\/span><\/p><p>Q\u00eb nga viti 2018, <strong>INALBANIA.AL<\/strong> ofron sh\u00ebrbime t\u00eb specializuara n\u00eb fush\u00ebn e Marketingut dhe Dizajnit t\u00eb Uebit, duke mund\u00ebsuar q\u00eb bizneset shqiptare t\u00eb arrijn\u00eb sukses n\u00eb nj\u00eb treg gjithnj\u00eb e m\u00eb t\u00eb dixhitalizuar. Ne jemi t\u00eb p\u00ebrkushtuar t\u00eb ofrojm\u00eb zgjidhje efektive dhe t\u00eb personalizuara q\u00eb ndihmojn\u00eb \u00e7do biznes t\u00eb p\u00ebrmir\u00ebsoj\u00eb ecurin\u00eb.<\/p><p><span style=\"color: #339966;\"><strong>Strategji Marketingu dhe Reklamim i Suksessh\u00ebm!<\/strong><\/span><\/p><p>Si nj\u00eb Agjenci Marketingu, ne punojm\u00eb ngusht\u00eb me biznese t\u00eb ndryshme, t\u00eb cil\u00ebt ne i ndihmojm\u00eb t\u00eb arrijn\u00eb objektivat e tyre n\u00ebp\u00ebrmjet reklamimit t\u00eb drejtp\u00ebrdrejt\u00eb dhe t\u00eb targetuar. <strong>INALBANIA.AL<\/strong> ofron mund\u00ebsi p\u00ebr t\u00eb shfaqur biznesin tuaj n\u00eb <strong>Google <\/strong>p\u00ebrmes portalit ton\u00eb dhe Listimin e Biznesit n\u00eb <strong>Google Maps<\/strong>, duke mund\u00ebsuar nj\u00eb prezenc\u00eb t\u00eb fuqishme dhe t\u00eb besueshme online. Ne e b\u00ebjm\u00eb m\u00eb t\u00eb leht\u00eb p\u00ebr klient\u00ebt tuaj t&#8217;ju gjejn\u00eb dhe t&#8217;ju kontaktojn\u00eb, n\u00ebp\u00ebrmjet k\u00ebrkimit n\u00eb google p\u00ebr sh\u00ebrbimet tujaja ose p\u00ebr biznesin tuaj.<\/p>\t\t\t\t\t\t\t\t<\/div>\n\t\t\t\t<\/div>\n\t\t\t\t\t<\/div>\n\t\t<\/div>\n\t\t\t\t\t<\/div>\n\t\t<\/section>\n\t\t\t\t<section class=\"elementor-section elementor-top-section elementor-element elementor-element-9d468df elementor-section-boxed elementor-section-height-default elementor-section-height-default\" data-id=\"9d468df\" data-element_type=\"section\" data-e-type=\"section\">\n\t\t\t\t\t\t<div class=\"elementor-container elementor-column-gap-default\">\n\t\t\t\t\t<div class=\"elementor-column elementor-col-100 elementor-top-column elementor-element elementor-element-d68528e\" data-id=\"d68528e\" data-element_type=\"column\" data-e-type=\"column\">\n\t\t\t<div class=\"elementor-widget-wrap elementor-element-populated\">\n\t\t\t\t\t\t<div class=\"elementor-element elementor-element-cd27e32 elementor-widget elementor-widget-text-editor\" data-id=\"cd27e32\" data-element_type=\"widget\" data-e-type=\"widget\" data-widget_type=\"text-editor.default\">\n\t\t\t\t<div class=\"elementor-widget-container\">\n\t\t\t\t\t\t\t\t\t<p><span style=\"color: #339966;\"><strong>Reklamim n\u00eb Rrjetet Sociale!<\/strong><\/span><\/p><p>P\u00ebrve\u00e7 prezenc\u00ebs n\u00eb Google, ne ofrojm\u00eb sh\u00ebrbime t\u00eb reklamimit n\u00eb rrjetet sociale si <strong>Facebook<\/strong>, <strong>Instagram, <\/strong><strong>TikTok <\/strong>dhe <strong>Youtube,<\/strong>\u00a0p\u00ebr t\u00eb rritur angazhimin dhe ndihmuar biznesin tuaj t\u00eb krijoj\u00eb marr\u00ebdh\u00ebnie online me konsumator\u00ebt e mundsh\u00ebm. Ne hartojm\u00eb fushata reklamimi t\u00eb p\u00ebrshtatura dhe efikase q\u00eb synojn\u00eb audienc\u00ebn e duhur, p\u00ebr t\u00eb maksimizuar kthimin n\u00eb investim.<\/p><p><span style=\"color: #339966;\"><strong>Publikimi i Vendeve t\u00eb Pun\u00ebs!<\/strong><\/span><\/p><p>N\u00ebse jeni n\u00eb k\u00ebrkim t\u00eb forc\u00ebs pun\u00ebtore, ne ofrojm\u00eb mund\u00ebsin\u00eb e <strong>publikimit t\u00eb njoftimeve p\u00ebr vende pune<\/strong>, duke e b\u00ebr\u00eb t\u00eb leht\u00eb p\u00ebr ju t\u00eb gjeni kandidat\u00eb p\u00ebr pozitat q\u00eb k\u00ebrkoni.<\/p>\t\t\t\t\t\t\t\t<\/div>\n\t\t\t\t<\/div>\n\t\t\t\t<div class=\"elementor-element elementor-element-127beb0 elementor-widget elementor-widget-text-editor\" data-id=\"127beb0\" data-element_type=\"widget\" data-e-type=\"widget\" data-widget_type=\"text-editor.default\">\n\t\t\t\t<div class=\"elementor-widget-container\">\n\t\t\t\t\t\t\t\t\t<p><strong><span style=\"color: #339966;\">Krijim Faqe Website?<\/span><\/strong><\/p><ul><li style=\"list-style-type: none;\"><ul><li><strong>Krijimi i faqeve web<\/strong>: Faqe prezantimi t\u00eb thjeshta, faqe t\u00eb avancuara p\u00ebr sh\u00ebrbime t\u00eb ve\u00e7anta, si dhe faqe p\u00ebr\u00a0<strong>shitje online<\/strong>\u00a0dhe\u00a0<strong>rezervime online<\/strong>.<\/li><li><strong>Dizajn i personalizuar<\/strong>: Ne mund t\u00eb krijojm\u00eb faqe sipas k\u00ebrkesave tuaja specifike, ose t\u00eb dizajnojm\u00eb faqe sipas ideve tona, duke ofruar profesionaliz\u00ebm dhe angazhim maksimal.<\/li><li><strong>Optimizimi p\u00ebr motor\u00ebt e k\u00ebrkimit (SEO)<\/strong>: Ne sigurojm\u00eb q\u00eb faqja juaj t\u00eb jet\u00eb optimizuar p\u00ebr\u00a0<strong>Google<\/strong>\u00a0dhe platformat e tjera, duke p\u00ebrfshir\u00eb optimizimin p\u00ebr\u00a0<strong>mobile<\/strong>,\u00a0<strong>tablet<\/strong>\u00a0dhe\u00a0<strong>desktop<\/strong>.<\/li><li><strong>Zhvillimi dhe optimizimi i faqeve p\u00ebr performanc\u00eb maksimale<\/strong>: Krijojm\u00eb website me p\u00ebrqendrim n\u00eb rritjen e dukshm\u00ebris\u00eb dhe p\u00ebrmir\u00ebsimin e pozicionit tuaj n\u00eb motor\u00ebt e k\u00ebrkimit n\u00eb Google.<\/li><li><strong>Website profesionale<\/strong>: Sigurojm\u00eb nj\u00eb produkt t\u00eb cil\u00ebsis\u00eb s\u00eb lart\u00eb q\u00eb ofron nj\u00eb vend t\u00eb r\u00ebnd\u00ebsish\u00ebm p\u00ebr biznesin tuaj n\u00eb industrin\u00eb konkurruese t\u00eb biznesit online.<\/li><\/ul><\/li><\/ul>\t\t\t\t\t\t\t\t<\/div>\n\t\t\t\t<\/div>\n\t\t\t\t<div class=\"elementor-element elementor-element-e926cf7 elementor-widget elementor-widget-text-editor\" data-id=\"e926cf7\" data-element_type=\"widget\" data-e-type=\"widget\" data-widget_type=\"text-editor.default\">\n\t\t\t\t<div class=\"elementor-widget-container\">\n\t\t\t\t\t\t\t\t\t<h3><span style=\"color: #008000;\"><strong>Zgjidhje Profesionale p\u00ebr t\u00eb Gjith\u00eb Bizneset!<\/strong><\/span><\/h3><p>N\u00eb <span style=\"color: #ff0000;\"><strong>INALBANIA.AL<\/strong><\/span>, ne ofrojm\u00eb sh\u00ebrbime profesionale dhe t\u00eb p\u00ebrshtatura p\u00ebr \u00e7do lloj biznesi, qoft\u00eb ai i vog\u00ebl, i mes\u00ebm ose i madh. Pavar\u00ebsisht n\u00ebse jeni duke nisur nj\u00eb biznes t\u00eb ri ose keni nj\u00eb kompani t\u00eb konsoliduar, ne mund t&#8217;ju ndihmojm\u00eb t\u00eb zhvilloni nj\u00eb strategji marketingu q\u00eb do t\u00eb p\u00ebrmir\u00ebsoj\u00eb dukshm\u00ebrin\u00eb tuaj dhe t\u00eb rris\u00eb shitjet.<\/p>\t\t\t\t\t\t\t\t<\/div>\n\t\t\t\t<\/div>\n\t\t\t\t<div class=\"elementor-element elementor-element-48a7be3 elementor-widget elementor-widget-text-editor\" data-id=\"48a7be3\" data-element_type=\"widget\" data-e-type=\"widget\" data-widget_type=\"text-editor.default\">\n\t\t\t\t<div class=\"elementor-widget-container\">\n\t\t\t\t\t\t\t\t\t<p style=\"text-align: center;\"><strong>Na Kontaktoni dhe Rritni Biznesin Tuaj Me Ne!<\/strong><\/p>\t\t\t\t\t\t\t\t<\/div>\n\t\t\t\t<\/div>\n\t\t\t\t<div class=\"elementor-element elementor-element-5636520 elementor-align-center elementor-widget__width-initial elementor-widget elementor-widget-button\" data-id=\"5636520\" data-element_type=\"widget\" data-e-type=\"widget\" data-widget_type=\"button.default\">\n\t\t\t\t<div class=\"elementor-widget-container\">\n\t\t\t\t\t\t\t\t\t<div class=\"elementor-button-wrapper\">\n\t\t\t\t\t<a class=\"elementor-button elementor-button-link elementor-size-sm\" href=\"#joinchat\" target=\"_blank\">\n\t\t\t\t\t\t<span class=\"elementor-button-content-wrapper\">\n\t\t\t\t\t\t<span class=\"elementor-button-icon\">\n\t\t\t\t<i aria-hidden=\"true\" class=\"fab fa-whatsapp\"><\/i>\t\t\t<\/span>\n\t\t\t\t\t\t\t\t\t<span class=\"elementor-button-text\">Na Kontaktoni n\u00eb WhatsApp<\/span>\n\t\t\t\t\t<\/span>\n\t\t\t\t\t<\/a>\n\t\t\t\t<\/div>\n\t\t\t\t\t\t\t\t<\/div>\n\t\t\t\t<\/div>\n\t\t\t\t<div class=\"elementor-element elementor-element-5a45b8f elementor-align-center elementor-widget__width-initial elementor-widget elementor-widget-button\" data-id=\"5a45b8f\" data-element_type=\"widget\" data-e-type=\"widget\" data-widget_type=\"button.default\">\n\t\t\t\t<div class=\"elementor-widget-container\">\n\t\t\t\t\t\t\t\t\t<div class=\"elementor-button-wrapper\">\n\t\t\t\t\t<a class=\"elementor-button elementor-button-link elementor-size-sm\" href=\"https:\/\/facebook.com\/inalbania.al\/\" target=\"_blank\">\n\t\t\t\t\t\t<span class=\"elementor-button-content-wrapper\">\n\t\t\t\t\t\t<span class=\"elementor-button-icon\">\n\t\t\t\t<i aria-hidden=\"true\" class=\"fab fa-facebook\"><\/i>\t\t\t<\/span>\n\t\t\t\t\t\t\t\t\t<span class=\"elementor-button-text\">Facebook<\/span>\n\t\t\t\t\t<\/span>\n\t\t\t\t\t<\/a>\n\t\t\t\t<\/div>\n\t\t\t\t\t\t\t\t<\/div>\n\t\t\t\t<\/div>\n\t\t\t\t<div class=\"elementor-element elementor-element-735414f elementor-align-center elementor-widget__width-initial elementor-widget elementor-widget-button\" data-id=\"735414f\" data-element_type=\"widget\" data-e-type=\"widget\" data-widget_type=\"button.default\">\n\t\t\t\t<div class=\"elementor-widget-container\">\n\t\t\t\t\t\t\t\t\t<div class=\"elementor-button-wrapper\">\n\t\t\t\t\t<a class=\"elementor-button elementor-button-link elementor-size-sm\" href=\"https:\/\/instagram.com\/inalbania.al\" target=\"_blank\">\n\t\t\t\t\t\t<span class=\"elementor-button-content-wrapper\">\n\t\t\t\t\t\t<span class=\"elementor-button-icon\">\n\t\t\t\t<i aria-hidden=\"true\" class=\"fab fa-instagram\"><\/i>\t\t\t<\/span>\n\t\t\t\t\t\t\t\t\t<span class=\"elementor-button-text\">Instagram<\/span>\n\t\t\t\t\t<\/span>\n\t\t\t\t\t<\/a>\n\t\t\t\t<\/div>\n\t\t\t\t\t\t\t\t<\/div>\n\t\t\t\t<\/div>\n\t\t\t\t\t<\/div>\n\t\t<\/div>\n\t\t\t\t\t<\/div>\n\t\t<\/section>\n\t\t\t\t<\/div>\n\t\t","protected":false},"excerpt":{"rendered":"<p>Agjencia e Marketingut Online INALBANIA.AL Q\u00eb nga viti 2018, INALBANIA.AL ofron sh\u00ebrbime t\u00eb specializuara n\u00eb fush\u00ebn e Marketingut dhe Dizajnit t\u00eb Uebit, duke mund\u00ebsuar q\u00eb bizneset shqiptare t\u00eb arrijn\u00eb sukses n\u00eb nj\u00eb treg gjithnj\u00eb e m\u00eb t\u00eb dixhitalizuar. Ne jemi t\u00eb p\u00ebrkushtuar t\u00eb ofrojm\u00eb zgjidhje efektive dhe t\u00eb personalizuara q\u00eb ndihmojn\u00eb \u00e7do biznes t\u00eb p\u00ebrmir\u00ebsoj\u00eb [&hellip;]<\/p>\n","protected":false},"author":1,"featured_media":89407,"parent":0,"menu_order":0,"comment_status":"closed","ping_status":"closed","template":"","meta":{"_joinchat":[],"footnotes":""},"categories":[1],"tags":[74],"class_list":["post-3254","page","type-page","status-publish","has-post-thumbnail","hentry","category-uncategorized","tag-inalbania-al"],"aioseo_notices":[],"_links":{"self":[{"href":"https:\/\/inalbania.al\/al\/wp-json\/wp\/v2\/pages\/3254","targetHints":{"allow":["GET"]}}],"collection":[{"href":"https:\/\/inalbania.al\/al\/wp-json\/wp\/v2\/pages"}],"about":[{"href":"https:\/\/inalbania.al\/al\/wp-json\/wp\/v2\/types\/page"}],"author":[{"embeddable":true,"href":"https:\/\/inalbania.al\/al\/wp-json\/wp\/v2\/users\/1"}],"replies":[{"embeddable":true,"href":"https:\/\/inalbania.al\/al\/wp-json\/wp\/v2\/comments?post=3254"}],"version-history":[{"count":0,"href":"https:\/\/inalbania.al\/al\/wp-json\/wp\/v2\/pages\/3254\/revisions"}],"wp:featuredmedia":[{"embeddable":true,"href":"https:\/\/inalbania.al\/al\/wp-json\/wp\/v2\/media\/89407"}],"wp:attachment":[{"href":"https:\/\/inalbania.al\/al\/wp-json\/wp\/v2\/media?parent=3254"}],"wp:term":[{"taxonomy":"category","embeddable":true,"href":"https:\/\/inalbania.al\/al\/wp-json\/wp\/v2\/categories?post=3254"},{"taxonomy":"post_tag","embeddable":true,"href":"https:\/\/inalbania.al\/al\/wp-json\/wp\/v2\/tags?post=3254"}],"curies":[{"name":"wp","href":"https:\/\/api.w.org\/{rel}","templated":true}]}}