{"id":3920,"date":"2022-09-05T07:31:08","date_gmt":"2022-09-05T07:31:08","guid":{"rendered":"https:\/\/inalbania.al\/?page_id=3920"},"modified":"2025-09-16T13:27:23","modified_gmt":"2025-09-16T13:27:23","slug":"kopshti-miqte-e-diellit-tirane","status":"publish","type":"page","link":"https:\/\/inalbania.al\/al\/kopshti-miqte-e-diellit-tirane\/","title":{"rendered":"QENDA NUMANI \u2022 TIRAN\u00cb"},"content":{"rendered":"\t\t<div data-elementor-type=\"wp-page\" data-elementor-id=\"3920\" class=\"elementor elementor-3920\" data-elementor-post-type=\"page\">\n\t\t\t\t\t\t<section class=\"elementor-section elementor-top-section elementor-element elementor-element-20aee043 elementor-section-stretched elementor-section-boxed elementor-section-height-default elementor-section-height-default\" data-id=\"20aee043\" data-element_type=\"section\" data-e-type=\"section\" data-settings=\"{&quot;stretch_section&quot;:&quot;section-stretched&quot;}\">\n\t\t\t\t\t\t<div class=\"elementor-container elementor-column-gap-default\">\n\t\t\t\t\t<div class=\"elementor-column elementor-col-100 elementor-top-column elementor-element elementor-element-acaf5d2\" data-id=\"acaf5d2\" data-element_type=\"column\" data-e-type=\"column\">\n\t\t\t<div class=\"elementor-widget-wrap elementor-element-populated\">\n\t\t\t\t\t\t<section class=\"elementor-section elementor-inner-section elementor-element elementor-element-2bb605ce elementor-section-boxed elementor-section-height-default elementor-section-height-default\" data-id=\"2bb605ce\" data-element_type=\"section\" data-e-type=\"section\" data-settings=\"{&quot;background_background&quot;:&quot;classic&quot;}\">\n\t\t\t\t\t\t<div class=\"elementor-container elementor-column-gap-default\">\n\t\t\t\t\t<div class=\"elementor-column elementor-col-50 elementor-inner-column elementor-element elementor-element-14d79173\" data-id=\"14d79173\" data-element_type=\"column\" data-e-type=\"column\">\n\t\t\t<div class=\"elementor-widget-wrap elementor-element-populated\">\n\t\t\t\t\t\t<div class=\"elementor-element elementor-element-6d6cf003 elementor-widget__width-initial elementor-widget elementor-widget-theme-post-featured-image elementor-widget-image\" data-id=\"6d6cf003\" data-element_type=\"widget\" data-e-type=\"widget\" data-widget_type=\"theme-post-featured-image.default\">\n\t\t\t\t<div class=\"elementor-widget-container\">\n\t\t\t\t\t\t\t\t\t\t\t\t\t\t\t<img fetchpriority=\"high\" decoding=\"async\" width=\"600\" height=\"500\" src=\"https:\/\/inalbania.al\/wp-content\/uploads\/2025\/09\/Qendra-Numani-Tirane-600x500.jpg\" class=\"attachment-ireca_m size-ireca_m wp-image-112434\" alt=\"\" srcset=\"https:\/\/inalbania.al\/wp-content\/uploads\/2025\/09\/Qendra-Numani-Tirane-600x500.jpg 600w, https:\/\/inalbania.al\/wp-content\/uploads\/2025\/09\/Qendra-Numani-Tirane-300x250.jpg 300w, https:\/\/inalbania.al\/wp-content\/uploads\/2025\/09\/Qendra-Numani-Tirane-768x640.jpg 768w, https:\/\/inalbania.al\/wp-content\/uploads\/2025\/09\/Qendra-Numani-Tirane-14x12.jpg 14w, https:\/\/inalbania.al\/wp-content\/uploads\/2025\/09\/Qendra-Numani-Tirane-350x292.jpg 350w, https:\/\/inalbania.al\/wp-content\/uploads\/2025\/09\/Qendra-Numani-Tirane.jpg 931w\" sizes=\"(max-width: 600px) 100vw, 600px\" \/>\t\t\t\t\t\t\t\t\t\t\t\t\t\t\t<\/div>\n\t\t\t\t<\/div>\n\t\t\t\t\t<\/div>\n\t\t<\/div>\n\t\t\t\t<div class=\"elementor-column elementor-col-50 elementor-inner-column elementor-element elementor-element-4c1aed04\" data-id=\"4c1aed04\" data-element_type=\"column\" data-e-type=\"column\">\n\t\t\t<div class=\"elementor-widget-wrap elementor-element-populated\">\n\t\t\t\t\t\t<div class=\"elementor-element elementor-element-29b2bea3 elementor-align-start elementor-mobile-align-center elementor-icon-list--layout-inline elementor-list-item-link-full_width elementor-widget elementor-widget-icon-list\" data-id=\"29b2bea3\" data-element_type=\"widget\" data-e-type=\"widget\" data-widget_type=\"icon-list.default\">\n\t\t\t\t<div class=\"elementor-widget-container\">\n\t\t\t\t\t\t\t<ul class=\"elementor-icon-list-items elementor-inline-items\">\n\t\t\t\t\t\t\t<li class=\"elementor-icon-list-item elementor-inline-item\">\n\t\t\t\t\t\t\t\t\t\t\t<a href=\"https:\/\/maps.app.goo.gl\/v9pHayGVTfzMyJGm8\" target=\"_blank\">\n\n\t\t\t\t\t\t\t\t\t\t\t\t<span class=\"elementor-icon-list-icon\">\n\t\t\t\t\t\t\t<i aria-hidden=\"true\" class=\"fas fa-map-marker-alt\"><\/i>\t\t\t\t\t\t<\/span>\n\t\t\t\t\t\t\t\t\t\t<span class=\"elementor-icon-list-text\">Komuna e Parisit, Tiran\u00eb<\/span>\n\t\t\t\t\t\t\t\t\t\t\t<\/a>\n\t\t\t\t\t\t\t\t\t<\/li>\n\t\t\t\t\t\t<\/ul>\n\t\t\t\t\t\t<\/div>\n\t\t\t\t<\/div>\n\t\t\t\t<div class=\"elementor-element elementor-element-16f8ff6 elementor-align-center elementor-widget__width-initial elementor-widget elementor-widget-button\" data-id=\"16f8ff6\" data-element_type=\"widget\" data-e-type=\"widget\" data-widget_type=\"button.default\">\n\t\t\t\t<div class=\"elementor-widget-container\">\n\t\t\t\t\t\t\t\t\t<div class=\"elementor-button-wrapper\">\n\t\t\t\t\t<a class=\"elementor-button elementor-button-link elementor-size-sm\" href=\"#joinchat\" target=\"_blank\">\n\t\t\t\t\t\t<span class=\"elementor-button-content-wrapper\">\n\t\t\t\t\t\t<span class=\"elementor-button-icon\">\n\t\t\t\t<i aria-hidden=\"true\" class=\"fab fa-whatsapp\"><\/i>\t\t\t<\/span>\n\t\t\t\t\t\t\t\t\t<span class=\"elementor-button-text\">Na Kontaktoni n\u00eb WhatsApp<\/span>\n\t\t\t\t\t<\/span>\n\t\t\t\t\t<\/a>\n\t\t\t\t<\/div>\n\t\t\t\t\t\t\t\t<\/div>\n\t\t\t\t<\/div>\n\t\t\t\t\t<\/div>\n\t\t<\/div>\n\t\t\t\t\t<\/div>\n\t\t<\/section>\n\t\t\t\t<section class=\"elementor-section elementor-inner-section elementor-element elementor-element-4243364b elementor-section-boxed elementor-section-height-default elementor-section-height-default\" data-id=\"4243364b\" data-element_type=\"section\" data-e-type=\"section\">\n\t\t\t\t\t\t<div class=\"elementor-container elementor-column-gap-default\">\n\t\t\t\t\t<div class=\"elementor-column elementor-col-100 elementor-inner-column elementor-element elementor-element-305ed67f\" data-id=\"305ed67f\" data-element_type=\"column\" data-e-type=\"column\">\n\t\t\t<div class=\"elementor-widget-wrap elementor-element-populated\">\n\t\t\t\t\t\t<div class=\"elementor-element elementor-element-5f7c2e8d elementor-widget elementor-widget-text-editor\" data-id=\"5f7c2e8d\" data-element_type=\"widget\" data-e-type=\"widget\" data-widget_type=\"text-editor.default\">\n\t\t\t\t<div class=\"elementor-widget-container\">\n\t\t\t\t\t\t\t\t\t<div class=\"x11i5rnm xat24cr x1mh8g0r x1vvkbs xtlvy1s x126k92a\"><div dir=\"auto\"><strong>Kopshti \u201cMiqte e Diellit\u201d<\/strong> ofron kop\u00ebsht dhe \u00e7erdhe p\u00ebr f\u00ebmij\u00eb. Vendi i duhur ku femija juaj duhet t\u00eb nis\u00eb rrug\u00ebn e gjat\u00eb t\u00eb edukimi!<\/div><\/div><div class=\"x11i5rnm xat24cr x1mh8g0r x1vvkbs xtlvy1s x126k92a\"><div dir=\"auto\">\u00a0<\/div><div dir=\"auto\"><strong>Kopshti \u201cMiqte e diellit\u201d i siguron f\u00ebmij\u00ebs tuaj:<\/strong><\/div><\/div><div class=\"x11i5rnm xat24cr x1mh8g0r x1vvkbs xtlvy1s x126k92a\"><div dir=\"auto\" style=\"padding-left: 40px;\">\u2022 Mjedis t\u00eb sigurt\u00eb, t\u00eb past\u00ebr, t\u00eb k\u00ebndsh\u00ebm, me k\u00ebnd lojrash dhe gjelb\u00ebrim.<\/div><div dir=\"auto\" style=\"padding-left: 40px;\">\u2022 Ushqim t\u00eb pasur, t\u00eb kontrolluar dhe cil\u00ebsor.<\/div><div dir=\"auto\" style=\"padding-left: 40px;\">\u2022 Nivel t\u00eb lart\u00eb edukimi me m\u00ebsues t\u00eb kualifikuar me formim t\u00eb lart\u00eb metodik, duke v\u00ebn\u00eb me pun\u00eb krijuese f\u00ebmij\u00ebt me an\u00eb t\u00eb m\u00ebsimit loj\u00eb.<\/div><div dir=\"auto\" style=\"padding-left: 40px;\">\u2022 Edukimin e f\u00ebmij\u00ebs duke p\u00ebrdorur metod\u00ebn \u201cHap pas Hapi\u201d, sipas programit p\u00ebr edukimin parashkollor t\u00eb miratuar nga MASH.<\/div><div dir=\"auto\" style=\"padding-left: 40px;\">\u2022 Zhvillimin e personalitetit shoq\u00ebror dhe intelektual t\u00eb f\u00ebmij\u00ebs.<\/div><div dir=\"auto\" style=\"padding-left: 40px;\">\u2022 Marrjen e disa njohurive fillestare n\u00eb gjuh\u00ebn angleze duke p\u00ebrdorur metod\u00ebn \u201cHooray! Let\u2019s play!\u201d<\/div><div dir=\"auto\" style=\"padding-left: 40px;\">\u2022 Zhvillimin e disa aft\u00ebsive praktike p\u00ebr p\u00ebrdorimin e kompjuterit.<\/div><div dir=\"auto\" style=\"padding-left: 40px;\">\u2022 Arg\u00ebtim n\u00ebp\u00ebrmjet k\u00ebrcimit, k\u00ebng\u00ebs, pun\u00ebve artistike dhe loj\u00ebrave t\u00eb animuara.<\/div><div dir=\"auto\" style=\"padding-left: 40px;\">\u2022 Sigurimin e baz\u00ebs didaktike t\u00eb pasur dhe t\u00eb larmishme.<\/div><div dir=\"auto\" style=\"padding-left: 40px;\">\u2022 Sigurimin e rregullit dhe t\u00eb qet\u00ebsis\u00eb gjat\u00eb koh\u00ebs q\u00eb kopshti \u00ebsht\u00eb i hapur.<\/div><\/div>\t\t\t\t\t\t\t\t<\/div>\n\t\t\t\t<\/div>\n\t\t\t\t\t<\/div>\n\t\t<\/div>\n\t\t\t\t\t<\/div>\n\t\t<\/section>\n\t\t\t\t<section class=\"elementor-section elementor-inner-section elementor-element elementor-element-18a28ffa elementor-section-boxed elementor-section-height-default elementor-section-height-default\" data-id=\"18a28ffa\" data-element_type=\"section\" data-e-type=\"section\">\n\t\t\t\t\t\t<div class=\"elementor-container elementor-column-gap-default\">\n\t\t\t\t\t<div class=\"elementor-column elementor-col-100 elementor-inner-column elementor-element elementor-element-7d9f7091\" data-id=\"7d9f7091\" data-element_type=\"column\" data-e-type=\"column\">\n\t\t\t<div class=\"elementor-widget-wrap elementor-element-populated\">\n\t\t\t\t\t\t<div class=\"elementor-element elementor-element-6008779e elementor-widget elementor-widget-shortcode\" data-id=\"6008779e\" data-element_type=\"widget\" data-e-type=\"widget\" data-widget_type=\"shortcode.default\">\n\t\t\t\t<div class=\"elementor-widget-container\">\n\t\t\t\t\t\t\t<div class=\"elementor-shortcode\"><center><div class=\"ingallery-container\" data-id=\"112303\"><\/div><\/div>\n\t\t\t\t\t\t<\/div>\n\t\t\t\t<\/div>\n\t\t\t\t<div class=\"elementor-element elementor-element-1cfbc86 elementor-widget elementor-widget-html\" data-id=\"1cfbc86\" data-element_type=\"widget\" data-e-type=\"widget\" data-widget_type=\"html.default\">\n\t\t\t\t<div class=\"elementor-widget-container\">\n\t\t\t\t\t<iframe src=\"https:\/\/www.instagram.com\/qendra_numani\/embed\" width=\"1080\" height=\"850\" frameborder=\"0\" scrolling=\"no\" allowtransparency=\"true\"><\/iframe>\t\t\t\t<\/div>\n\t\t\t\t<\/div>\n\t\t\t\t<div class=\"elementor-element elementor-element-2c77dadd elementor-widget elementor-widget-text-editor\" data-id=\"2c77dadd\" data-element_type=\"widget\" data-e-type=\"widget\" data-widget_type=\"text-editor.default\">\n\t\t\t\t<div class=\"elementor-widget-container\">\n\t\t\t\t\t\t\t\t\t<p>Kujdesi jon\u00eb \u00ebsht\u00eb maksimal p\u00ebr \u00e7do f\u00ebmij\u00eb. Ju Mir\u00ebpresim!<\/p>\t\t\t\t\t\t\t\t<\/div>\n\t\t\t\t<\/div>\n\t\t\t\t<div class=\"elementor-element elementor-element-500fb8c0 elementor-widget elementor-widget-text-editor\" data-id=\"500fb8c0\" data-element_type=\"widget\" data-e-type=\"widget\" data-widget_type=\"text-editor.default\">\n\t\t\t\t<div class=\"elementor-widget-container\">\n\t\t\t\t\t\t\t\t\t<p><strong>Adresa:<\/strong> Rruga Bilal Golemi, Komuna e Parisit, Tiran\u00eb.<\/p>\t\t\t\t\t\t\t\t<\/div>\n\t\t\t\t<\/div>\n\t\t\t\t<div class=\"elementor-element elementor-element-54645dbd elementor-widget elementor-widget-text-editor\" data-id=\"54645dbd\" data-element_type=\"widget\" data-e-type=\"widget\" data-widget_type=\"text-editor.default\">\n\t\t\t\t<div class=\"elementor-widget-container\">\n\t\t\t\t\t\t\t\t\t<p>P\u00ebr m\u00eb shum\u00eb informacion, na kontaktoni!<\/p>\t\t\t\t\t\t\t\t<\/div>\n\t\t\t\t<\/div>\n\t\t\t\t<div class=\"elementor-element elementor-element-fa27e19 elementor-align-center elementor-mobile-align-center elementor-icon-list--layout-inline elementor-list-item-link-full_width elementor-widget elementor-widget-icon-list\" data-id=\"fa27e19\" data-element_type=\"widget\" data-e-type=\"widget\" data-widget_type=\"icon-list.default\">\n\t\t\t\t<div class=\"elementor-widget-container\">\n\t\t\t\t\t\t\t<ul class=\"elementor-icon-list-items elementor-inline-items\">\n\t\t\t\t\t\t\t<li class=\"elementor-icon-list-item elementor-inline-item\">\n\t\t\t\t\t\t\t\t\t\t\t<a href=\"tel:+355683259871\" target=\"_blank\">\n\n\t\t\t\t\t\t\t\t\t\t\t\t<span class=\"elementor-icon-list-icon\">\n\t\t\t\t\t\t\t<i aria-hidden=\"true\" class=\"fas fa-phone-alt\"><\/i>\t\t\t\t\t\t<\/span>\n\t\t\t\t\t\t\t\t\t\t<span class=\"elementor-icon-list-text\">+355 68 325 9871<\/span>\n\t\t\t\t\t\t\t\t\t\t\t<\/a>\n\t\t\t\t\t\t\t\t\t<\/li>\n\t\t\t\t\t\t<\/ul>\n\t\t\t\t\t\t<\/div>\n\t\t\t\t<\/div>\n\t\t\t\t<div class=\"elementor-element elementor-element-52a2829 elementor-align-center elementor-mobile-align-center elementor-icon-list--layout-inline elementor-list-item-link-full_width elementor-widget elementor-widget-icon-list\" data-id=\"52a2829\" data-element_type=\"widget\" data-e-type=\"widget\" data-widget_type=\"icon-list.default\">\n\t\t\t\t<div class=\"elementor-widget-container\">\n\t\t\t\t\t\t\t<ul class=\"elementor-icon-list-items elementor-inline-items\">\n\t\t\t\t\t\t\t<li class=\"elementor-icon-list-item elementor-inline-item\">\n\t\t\t\t\t\t\t\t\t\t\t<a href=\"#joinchat\" target=\"_blank\">\n\n\t\t\t\t\t\t\t\t\t\t\t\t<span class=\"elementor-icon-list-icon\">\n\t\t\t\t\t\t\t<i aria-hidden=\"true\" class=\"fab fa-whatsapp-square\"><\/i>\t\t\t\t\t\t<\/span>\n\t\t\t\t\t\t\t\t\t\t<span class=\"elementor-icon-list-text\">Chat on WhatsApp<\/span>\n\t\t\t\t\t\t\t\t\t\t\t<\/a>\n\t\t\t\t\t\t\t\t\t<\/li>\n\t\t\t\t\t\t<\/ul>\n\t\t\t\t\t\t<\/div>\n\t\t\t\t<\/div>\n\t\t\t\t<div class=\"elementor-element elementor-element-e9206ad e-grid-align-mobile-center elementor-shape-rounded elementor-grid-0 e-grid-align-center elementor-widget elementor-widget-social-icons\" data-id=\"e9206ad\" data-element_type=\"widget\" data-e-type=\"widget\" data-widget_type=\"social-icons.default\">\n\t\t\t\t<div class=\"elementor-widget-container\">\n\t\t\t\t\t\t\t<div class=\"elementor-social-icons-wrapper elementor-grid\" role=\"list\">\n\t\t\t\t\t\t\t<span class=\"elementor-grid-item\" role=\"listitem\">\n\t\t\t\t\t<a class=\"elementor-icon elementor-social-icon elementor-social-icon-instagram elementor-repeater-item-c1550e1\" href=\"https:\/\/instagram.com\/kopshti_miqte_e_diellit\" target=\"_blank\">\n\t\t\t\t\t\t<span class=\"elementor-screen-only\">Instagram<\/span>\n\t\t\t\t\t\t<i aria-hidden=\"true\" class=\"fab fa-instagram\"><\/i>\t\t\t\t\t<\/a>\n\t\t\t\t<\/span>\n\t\t\t\t\t\t\t<span class=\"elementor-grid-item\" role=\"listitem\">\n\t\t\t\t\t<a class=\"elementor-icon elementor-social-icon elementor-social-icon-facebook elementor-repeater-item-bd5b204\" href=\"https:\/\/www.facebook.com\/profile.php?id=61565071501911&#038;mibextid=ZbWKwL\" target=\"_blank\">\n\t\t\t\t\t\t<span class=\"elementor-screen-only\">Facebook<\/span>\n\t\t\t\t\t\t<i aria-hidden=\"true\" class=\"fab fa-facebook\"><\/i>\t\t\t\t\t<\/a>\n\t\t\t\t<\/span>\n\t\t\t\t\t\t\t<span class=\"elementor-grid-item\" role=\"listitem\">\n\t\t\t\t\t<a class=\"elementor-icon elementor-social-icon elementor-social-icon-map-marker-alt elementor-repeater-item-97edd62\" href=\"https:\/\/goo.gl\/maps\/d4oZSVFvzwEvNfdaA\" target=\"_blank\">\n\t\t\t\t\t\t<span class=\"elementor-screen-only\">Map-marker-alt<\/span>\n\t\t\t\t\t\t<i aria-hidden=\"true\" class=\"fas fa-map-marker-alt\"><\/i>\t\t\t\t\t<\/a>\n\t\t\t\t<\/span>\n\t\t\t\t\t<\/div>\n\t\t\t\t\t\t<\/div>\n\t\t\t\t<\/div>\n\t\t\t\t<div class=\"elementor-element elementor-element-54552435 elementor-align-right elementor-widget elementor-widget-post-info\" data-id=\"54552435\" data-element_type=\"widget\" data-e-type=\"widget\" data-widget_type=\"post-info.default\">\n\t\t\t\t<div class=\"elementor-widget-container\">\n\t\t\t\t\t\t\t<ul class=\"elementor-inline-items elementor-icon-list-items elementor-post-info\">\n\t\t\t\t\t\t\t\t<li class=\"elementor-icon-list-item elementor-repeater-item-b32d7d2 elementor-inline-item\" itemprop=\"about\">\n\t\t\t\t\t\t\t\t\t\t<span class=\"elementor-icon-list-icon\">\n\t\t\t\t\t\t\t\t<i aria-hidden=\"true\" class=\"fas fa-tags\"><\/i>\t\t\t\t\t\t\t<\/span>\n\t\t\t\t\t\t\t\t\t<span class=\"elementor-icon-list-text elementor-post-info__item elementor-post-info__item--type-terms\">\n\t\t\t\t\t\t\t<span class=\"elementor-post-info__item-prefix\">Category:<\/span>\n\t\t\t\t\t\t\t\t\t\t<span class=\"elementor-post-info__terms-list\">\n\t\t\t\t<a href=\"https:\/\/inalbania.al\/al\/category\/kopsht-cerdhe\/\" class=\"elementor-post-info__terms-list-item\">Kop\u00ebsht &amp; \u00c7erdhe<\/a>\t\t\t\t<\/span>\n\t\t\t\t\t<\/span>\n\t\t\t\t\t\t\t\t<\/li>\n\t\t\t\t<\/ul>\n\t\t\t\t\t\t<\/div>\n\t\t\t\t<\/div>\n\t\t\t\t\t<\/div>\n\t\t<\/div>\n\t\t\t\t\t<\/div>\n\t\t<\/section>\n\t\t\t\t\t<\/div>\n\t\t<\/div>\n\t\t\t\t\t<\/div>\n\t\t<\/section>\n\t\t\t\t<\/div>\n\t\t","protected":false},"excerpt":{"rendered":"<p>Komuna e Parisit, Tiran\u00eb Na Kontaktoni n\u00eb WhatsApp Kopshti \u201cMiqte e Diellit\u201d ofron kop\u00ebsht dhe \u00e7erdhe p\u00ebr f\u00ebmij\u00eb. Vendi i duhur ku femija juaj duhet t\u00eb nis\u00eb rrug\u00ebn e gjat\u00eb t\u00eb edukimi!\u00a0Kopshti \u201cMiqte e diellit\u201d i siguron f\u00ebmij\u00ebs tuaj:\u2022 Mjedis t\u00eb sigurt\u00eb, t\u00eb past\u00ebr, t\u00eb k\u00ebndsh\u00ebm, me k\u00ebnd lojrash dhe gjelb\u00ebrim.\u2022 Ushqim t\u00eb pasur, t\u00eb [&hellip;]<\/p>\n","protected":false},"author":1,"featured_media":112434,"parent":0,"menu_order":0,"comment_status":"closed","ping_status":"closed","template":"","meta":{"_joinchat":{"telephone":"+355683259871"},"footnotes":""},"categories":[145],"tags":[36863,36864,36865,36866,36867,36868,36869,36870,36871,36872,36873,36891],"class_list":["post-3920","page","type-page","status-publish","has-post-thumbnail","hentry","category-kopsht-cerdhe","tag-kopesht-cerdhe-tek-komuna-e-parisit","tag-kopesht-femijesh","tag-kopesht-femijesh-ne-tirane","tag-kopesht-femijesh-prane-bllokut","tag-kopesht-femijesh-prane-kodres-diellit","tag-kopesht-femijesh-prane-liqenit","tag-kopesht-femijesh-prane-selites","tag-kopesht-femijesh-prane-stadiumit-dinamo","tag-kopesht-femijesh-prane-vasil-shanto","tag-kopesht-femijesh-tek-komuna-e-parisit","tag-kopesht-femijesh-tek-komuna-e-parisit-tirane","tag-kopshti-miqte-e-diellit"],"aioseo_notices":[],"_links":{"self":[{"href":"https:\/\/inalbania.al\/al\/wp-json\/wp\/v2\/pages\/3920","targetHints":{"allow":["GET"]}}],"collection":[{"href":"https:\/\/inalbania.al\/al\/wp-json\/wp\/v2\/pages"}],"about":[{"href":"https:\/\/inalbania.al\/al\/wp-json\/wp\/v2\/types\/page"}],"author":[{"embeddable":true,"href":"https:\/\/inalbania.al\/al\/wp-json\/wp\/v2\/users\/1"}],"replies":[{"embeddable":true,"href":"https:\/\/inalbania.al\/al\/wp-json\/wp\/v2\/comments?post=3920"}],"version-history":[{"count":0,"href":"https:\/\/inalbania.al\/al\/wp-json\/wp\/v2\/pages\/3920\/revisions"}],"wp:featuredmedia":[{"embeddable":true,"href":"https:\/\/inalbania.al\/al\/wp-json\/wp\/v2\/media\/112434"}],"wp:attachment":[{"href":"https:\/\/inalbania.al\/al\/wp-json\/wp\/v2\/media?parent=3920"}],"wp:term":[{"taxonomy":"category","embeddable":true,"href":"https:\/\/inalbania.al\/al\/wp-json\/wp\/v2\/categories?post=3920"},{"taxonomy":"post_tag","embeddable":true,"href":"https:\/\/inalbania.al\/al\/wp-json\/wp\/v2\/tags?post=3920"}],"curies":[{"name":"wp","href":"https:\/\/api.w.org\/{rel}","templated":true}]}}