{"id":4530,"date":"2023-04-29T16:39:02","date_gmt":"2023-04-29T16:39:02","guid":{"rendered":"https:\/\/inalbania.al\/?page_id=4530"},"modified":"2025-02-05T18:21:25","modified_gmt":"2025-02-05T18:21:25","slug":"arredim","status":"publish","type":"page","link":"https:\/\/inalbania.al\/al\/arredim\/","title":{"rendered":"INTERIOR DESIGN"},"content":{"rendered":"\t\t<div data-elementor-type=\"wp-page\" data-elementor-id=\"4530\" class=\"elementor elementor-4530\" data-elementor-post-type=\"page\">\n\t\t\t\t\t\t<section class=\"elementor-section elementor-top-section elementor-element elementor-element-cae81a6 elementor-section-boxed elementor-section-height-default elementor-section-height-default\" data-id=\"cae81a6\" data-element_type=\"section\" data-e-type=\"section\">\n\t\t\t\t\t\t<div class=\"elementor-container elementor-column-gap-default\">\n\t\t\t\t\t<div class=\"elementor-column elementor-col-100 elementor-top-column elementor-element elementor-element-f14f497\" data-id=\"f14f497\" data-element_type=\"column\" data-e-type=\"column\">\n\t\t\t<div class=\"elementor-widget-wrap elementor-element-populated\">\n\t\t\t\t\t\t\t<\/div>\n\t\t<\/div>\n\t\t\t\t\t<\/div>\n\t\t<\/section>\n\t\t\t\t<section class=\"elementor-section elementor-top-section elementor-element elementor-element-cd98626 elementor-section-full_width elementor-section-stretched elementor-section-height-default elementor-section-height-default\" data-id=\"cd98626\" data-element_type=\"section\" data-e-type=\"section\" data-settings=\"{&quot;stretch_section&quot;:&quot;section-stretched&quot;}\">\n\t\t\t\t\t\t<div class=\"elementor-container elementor-column-gap-default\">\n\t\t\t\t\t<div class=\"elementor-column elementor-col-16 elementor-top-column elementor-element elementor-element-10bab6a\" data-id=\"10bab6a\" data-element_type=\"column\" data-e-type=\"column\" data-settings=\"{&quot;animation&quot;:&quot;none&quot;}\">\n\t\t\t<div class=\"elementor-widget-wrap elementor-element-populated\">\n\t\t\t\t\t\t<div class=\"elementor-element elementor-element-6547e9f elementor-widget elementor-widget-image\" data-id=\"6547e9f\" data-element_type=\"widget\" data-e-type=\"widget\" data-widget_type=\"image.default\">\n\t\t\t\t<div class=\"elementor-widget-container\">\n\t\t\t\t\t\t\t\t\t\t\t\t\t\t\t\t<a href=\"https:\/\/inalbania.al\/category\/mobileri\" target=\"_blank\">\n\t\t\t\t\t\t\t<img fetchpriority=\"high\" decoding=\"async\" width=\"388\" height=\"240\" src=\"https:\/\/inalbania.al\/wp-content\/uploads\/2023\/04\/Mobileri.webp\" class=\"attachment-large size-large wp-image-4550\" alt=\"\" srcset=\"https:\/\/inalbania.al\/wp-content\/uploads\/2023\/04\/Mobileri.webp 388w, https:\/\/inalbania.al\/wp-content\/uploads\/2023\/04\/Mobileri-300x186.webp 300w, https:\/\/inalbania.al\/wp-content\/uploads\/2023\/04\/Mobileri-18x12.webp 18w, https:\/\/inalbania.al\/wp-content\/uploads\/2023\/04\/Mobileri-350x216.webp 350w\" sizes=\"(max-width: 388px) 100vw, 388px\" \/>\t\t\t\t\t\t\t\t<\/a>\n\t\t\t\t\t\t\t\t\t\t\t\t\t\t\t<\/div>\n\t\t\t\t<\/div>\n\t\t\t\t<div class=\"elementor-element elementor-element-a8dd55b elementor-align-center elementor-widget elementor-widget-button\" data-id=\"a8dd55b\" data-element_type=\"widget\" data-e-type=\"widget\" data-widget_type=\"button.default\">\n\t\t\t\t<div class=\"elementor-widget-container\">\n\t\t\t\t\t\t\t\t\t<div class=\"elementor-button-wrapper\">\n\t\t\t\t\t<a class=\"elementor-button elementor-button-link elementor-size-sm\" href=\"https:\/\/inalbania.al\/category\/mobileri\" target=\"_blank\">\n\t\t\t\t\t\t<span class=\"elementor-button-content-wrapper\">\n\t\t\t\t\t\t\t\t\t<span class=\"elementor-button-text\">Mobileri<\/span>\n\t\t\t\t\t<\/span>\n\t\t\t\t\t<\/a>\n\t\t\t\t<\/div>\n\t\t\t\t\t\t\t\t<\/div>\n\t\t\t\t<\/div>\n\t\t\t\t\t<\/div>\n\t\t<\/div>\n\t\t\t\t<div class=\"elementor-column elementor-col-16 elementor-top-column elementor-element elementor-element-71fce30e\" data-id=\"71fce30e\" data-element_type=\"column\" data-e-type=\"column\" data-settings=\"{&quot;animation&quot;:&quot;none&quot;}\">\n\t\t\t<div class=\"elementor-widget-wrap elementor-element-populated\">\n\t\t\t\t\t\t<div class=\"elementor-element elementor-element-290cb11 elementor-widget elementor-widget-image\" data-id=\"290cb11\" data-element_type=\"widget\" data-e-type=\"widget\" data-widget_type=\"image.default\">\n\t\t\t\t<div class=\"elementor-widget-container\">\n\t\t\t\t\t\t\t\t\t\t\t\t\t\t\t\t<a href=\"https:\/\/inalbania.al\/category\/dyer-te-blinduara\" target=\"_blank\">\n\t\t\t\t\t\t\t<img decoding=\"async\" width=\"388\" height=\"240\" src=\"https:\/\/inalbania.al\/wp-content\/uploads\/2023\/04\/Dyer-te-Blinduara.webp\" class=\"attachment-large size-large wp-image-4539\" alt=\"\" srcset=\"https:\/\/inalbania.al\/wp-content\/uploads\/2023\/04\/Dyer-te-Blinduara.webp 388w, https:\/\/inalbania.al\/wp-content\/uploads\/2023\/04\/Dyer-te-Blinduara-300x186.webp 300w, https:\/\/inalbania.al\/wp-content\/uploads\/2023\/04\/Dyer-te-Blinduara-18x12.webp 18w, https:\/\/inalbania.al\/wp-content\/uploads\/2023\/04\/Dyer-te-Blinduara-350x216.webp 350w\" sizes=\"(max-width: 388px) 100vw, 388px\" \/>\t\t\t\t\t\t\t\t<\/a>\n\t\t\t\t\t\t\t\t\t\t\t\t\t\t\t<\/div>\n\t\t\t\t<\/div>\n\t\t\t\t<div class=\"elementor-element elementor-element-590d7388 elementor-align-center elementor-widget elementor-widget-button\" data-id=\"590d7388\" data-element_type=\"widget\" data-e-type=\"widget\" data-widget_type=\"button.default\">\n\t\t\t\t<div class=\"elementor-widget-container\">\n\t\t\t\t\t\t\t\t\t<div class=\"elementor-button-wrapper\">\n\t\t\t\t\t<a class=\"elementor-button elementor-button-link elementor-size-sm\" href=\"https:\/\/inalbania.al\/category\/dyer-te-blinduara\" target=\"_blank\">\n\t\t\t\t\t\t<span class=\"elementor-button-content-wrapper\">\n\t\t\t\t\t\t\t\t\t<span class=\"elementor-button-text\">Dyet t\u00eb Blinduara<\/span>\n\t\t\t\t\t<\/span>\n\t\t\t\t\t<\/a>\n\t\t\t\t<\/div>\n\t\t\t\t\t\t\t\t<\/div>\n\t\t\t\t<\/div>\n\t\t\t\t\t<\/div>\n\t\t<\/div>\n\t\t\t\t<div class=\"elementor-column elementor-col-16 elementor-top-column elementor-element elementor-element-01b37d0\" data-id=\"01b37d0\" data-element_type=\"column\" data-e-type=\"column\" data-settings=\"{&quot;animation&quot;:&quot;none&quot;}\">\n\t\t\t<div class=\"elementor-widget-wrap elementor-element-populated\">\n\t\t\t\t\t\t<div class=\"elementor-element elementor-element-cdaa4f6 elementor-widget elementor-widget-image\" data-id=\"cdaa4f6\" data-element_type=\"widget\" data-e-type=\"widget\" data-widget_type=\"image.default\">\n\t\t\t\t<div class=\"elementor-widget-container\">\n\t\t\t\t\t\t\t\t\t\t\t\t\t\t\t\t<a href=\"https:\/\/inalbania.al\/category\/shezllona\" target=\"_blank\">\n\t\t\t\t\t\t\t<img decoding=\"async\" width=\"388\" height=\"240\" src=\"https:\/\/inalbania.al\/wp-content\/uploads\/2023\/04\/SHEZLLONA-CADRA-PLAZHI-_.webp\" class=\"attachment-large size-large wp-image-4546\" alt=\"\" srcset=\"https:\/\/inalbania.al\/wp-content\/uploads\/2023\/04\/SHEZLLONA-CADRA-PLAZHI-_.webp 388w, https:\/\/inalbania.al\/wp-content\/uploads\/2023\/04\/SHEZLLONA-CADRA-PLAZHI-_-300x186.webp 300w, https:\/\/inalbania.al\/wp-content\/uploads\/2023\/04\/SHEZLLONA-CADRA-PLAZHI-_-18x12.webp 18w, https:\/\/inalbania.al\/wp-content\/uploads\/2023\/04\/SHEZLLONA-CADRA-PLAZHI-_-350x216.webp 350w\" sizes=\"(max-width: 388px) 100vw, 388px\" \/>\t\t\t\t\t\t\t\t<\/a>\n\t\t\t\t\t\t\t\t\t\t\t\t\t\t\t<\/div>\n\t\t\t\t<\/div>\n\t\t\t\t<div class=\"elementor-element elementor-element-dd51422 elementor-align-center elementor-widget elementor-widget-button\" data-id=\"dd51422\" data-element_type=\"widget\" data-e-type=\"widget\" data-widget_type=\"button.default\">\n\t\t\t\t<div class=\"elementor-widget-container\">\n\t\t\t\t\t\t\t\t\t<div class=\"elementor-button-wrapper\">\n\t\t\t\t\t<a class=\"elementor-button elementor-button-link elementor-size-sm\" href=\"https:\/\/inalbania.al\/category\/shezllona\" target=\"_blank\">\n\t\t\t\t\t\t<span class=\"elementor-button-content-wrapper\">\n\t\t\t\t\t\t\t\t\t<span class=\"elementor-button-text\">Shezllone Plazhi<\/span>\n\t\t\t\t\t<\/span>\n\t\t\t\t\t<\/a>\n\t\t\t\t<\/div>\n\t\t\t\t\t\t\t\t<\/div>\n\t\t\t\t<\/div>\n\t\t\t\t\t<\/div>\n\t\t<\/div>\n\t\t\t\t<div class=\"elementor-column elementor-col-16 elementor-top-column elementor-element elementor-element-5373a8d\" data-id=\"5373a8d\" data-element_type=\"column\" data-e-type=\"column\" data-settings=\"{&quot;animation&quot;:&quot;none&quot;}\">\n\t\t\t<div class=\"elementor-widget-wrap elementor-element-populated\">\n\t\t\t\t\t\t<div class=\"elementor-element elementor-element-25c685c elementor-widget elementor-widget-image\" data-id=\"25c685c\" data-element_type=\"widget\" data-e-type=\"widget\" data-widget_type=\"image.default\">\n\t\t\t\t<div class=\"elementor-widget-container\">\n\t\t\t\t\t\t\t\t\t\t\t\t\t\t\t\t<a href=\"https:\/\/inalbania.al\/category\/dekore-arredim\" target=\"_blank\">\n\t\t\t\t\t\t\t<img loading=\"lazy\" decoding=\"async\" width=\"388\" height=\"240\" src=\"https:\/\/inalbania.al\/wp-content\/uploads\/2023\/04\/Dekor.webp\" class=\"attachment-large size-large wp-image-4545\" alt=\"\" srcset=\"https:\/\/inalbania.al\/wp-content\/uploads\/2023\/04\/Dekor.webp 388w, https:\/\/inalbania.al\/wp-content\/uploads\/2023\/04\/Dekor-300x186.webp 300w, https:\/\/inalbania.al\/wp-content\/uploads\/2023\/04\/Dekor-18x12.webp 18w, https:\/\/inalbania.al\/wp-content\/uploads\/2023\/04\/Dekor-350x216.webp 350w\" sizes=\"(max-width: 388px) 100vw, 388px\" \/>\t\t\t\t\t\t\t\t<\/a>\n\t\t\t\t\t\t\t\t\t\t\t\t\t\t\t<\/div>\n\t\t\t\t<\/div>\n\t\t\t\t<div class=\"elementor-element elementor-element-f983b91 elementor-align-center elementor-widget elementor-widget-button\" data-id=\"f983b91\" data-element_type=\"widget\" data-e-type=\"widget\" data-widget_type=\"button.default\">\n\t\t\t\t<div class=\"elementor-widget-container\">\n\t\t\t\t\t\t\t\t\t<div class=\"elementor-button-wrapper\">\n\t\t\t\t\t<a class=\"elementor-button elementor-button-link elementor-size-sm\" href=\"https:\/\/inalbania.al\/category\/dekore-arredim\" target=\"_blank\">\n\t\t\t\t\t\t<span class=\"elementor-button-content-wrapper\">\n\t\t\t\t\t\t\t\t\t<span class=\"elementor-button-text\">Dekor<\/span>\n\t\t\t\t\t<\/span>\n\t\t\t\t\t<\/a>\n\t\t\t\t<\/div>\n\t\t\t\t\t\t\t\t<\/div>\n\t\t\t\t<\/div>\n\t\t\t\t\t<\/div>\n\t\t<\/div>\n\t\t\t\t<div class=\"elementor-column elementor-col-16 elementor-top-column elementor-element elementor-element-6f0c7cb\" data-id=\"6f0c7cb\" data-element_type=\"column\" data-e-type=\"column\" data-settings=\"{&quot;animation&quot;:&quot;none&quot;}\">\n\t\t\t<div class=\"elementor-widget-wrap elementor-element-populated\">\n\t\t\t\t\t\t<div class=\"elementor-element elementor-element-1315106 elementor-widget elementor-widget-image\" data-id=\"1315106\" data-element_type=\"widget\" data-e-type=\"widget\" data-widget_type=\"image.default\">\n\t\t\t\t<div class=\"elementor-widget-container\">\n\t\t\t\t\t\t\t\t\t\t\t\t\t\t\t\t<a href=\"https:\/\/inalbania.al\/category\/ambazhure\" target=\"_blank\">\n\t\t\t\t\t\t\t<img loading=\"lazy\" decoding=\"async\" width=\"388\" height=\"240\" src=\"https:\/\/inalbania.al\/wp-content\/uploads\/2023\/04\/Ambazhure.webp\" class=\"attachment-large size-large wp-image-4554\" alt=\"\" srcset=\"https:\/\/inalbania.al\/wp-content\/uploads\/2023\/04\/Ambazhure.webp 388w, https:\/\/inalbania.al\/wp-content\/uploads\/2023\/04\/Ambazhure-300x186.webp 300w, https:\/\/inalbania.al\/wp-content\/uploads\/2023\/04\/Ambazhure-18x12.webp 18w, https:\/\/inalbania.al\/wp-content\/uploads\/2023\/04\/Ambazhure-350x216.webp 350w\" sizes=\"(max-width: 388px) 100vw, 388px\" \/>\t\t\t\t\t\t\t\t<\/a>\n\t\t\t\t\t\t\t\t\t\t\t\t\t\t\t<\/div>\n\t\t\t\t<\/div>\n\t\t\t\t<div class=\"elementor-element elementor-element-77200ee elementor-align-center elementor-widget elementor-widget-button\" data-id=\"77200ee\" data-element_type=\"widget\" data-e-type=\"widget\" data-widget_type=\"button.default\">\n\t\t\t\t<div class=\"elementor-widget-container\">\n\t\t\t\t\t\t\t\t\t<div class=\"elementor-button-wrapper\">\n\t\t\t\t\t<a class=\"elementor-button elementor-button-link elementor-size-sm\" href=\"https:\/\/inalbania.al\/category\/ambazhure\" target=\"_blank\">\n\t\t\t\t\t\t<span class=\"elementor-button-content-wrapper\">\n\t\t\t\t\t\t\t\t\t<span class=\"elementor-button-text\">Ambazhure<\/span>\n\t\t\t\t\t<\/span>\n\t\t\t\t\t<\/a>\n\t\t\t\t<\/div>\n\t\t\t\t\t\t\t\t<\/div>\n\t\t\t\t<\/div>\n\t\t\t\t\t<\/div>\n\t\t<\/div>\n\t\t\t\t<div class=\"elementor-column elementor-col-16 elementor-top-column elementor-element elementor-element-ef864a6\" data-id=\"ef864a6\" data-element_type=\"column\" data-e-type=\"column\" data-settings=\"{&quot;animation&quot;:&quot;none&quot;}\">\n\t\t\t<div class=\"elementor-widget-wrap elementor-element-populated\">\n\t\t\t\t\t\t<div class=\"elementor-element elementor-element-873d57e elementor-widget elementor-widget-image\" data-id=\"873d57e\" data-element_type=\"widget\" data-e-type=\"widget\" data-widget_type=\"image.default\">\n\t\t\t\t<div class=\"elementor-widget-container\">\n\t\t\t\t\t\t\t\t\t\t\t\t\t\t\t\t<a href=\"https:\/\/inalbania.al\/category\/lule-peme-natyrale\" target=\"_blank\">\n\t\t\t\t\t\t\t<img loading=\"lazy\" decoding=\"async\" width=\"388\" height=\"240\" src=\"https:\/\/inalbania.al\/wp-content\/uploads\/2023\/04\/Lule-Peme-Natyrale.webp\" class=\"attachment-large size-large wp-image-4558\" alt=\"\" srcset=\"https:\/\/inalbania.al\/wp-content\/uploads\/2023\/04\/Lule-Peme-Natyrale.webp 388w, https:\/\/inalbania.al\/wp-content\/uploads\/2023\/04\/Lule-Peme-Natyrale-300x186.webp 300w, https:\/\/inalbania.al\/wp-content\/uploads\/2023\/04\/Lule-Peme-Natyrale-18x12.webp 18w, https:\/\/inalbania.al\/wp-content\/uploads\/2023\/04\/Lule-Peme-Natyrale-350x216.webp 350w\" sizes=\"(max-width: 388px) 100vw, 388px\" \/>\t\t\t\t\t\t\t\t<\/a>\n\t\t\t\t\t\t\t\t\t\t\t\t\t\t\t<\/div>\n\t\t\t\t<\/div>\n\t\t\t\t<div class=\"elementor-element elementor-element-d6376ea elementor-align-center elementor-widget elementor-widget-button\" data-id=\"d6376ea\" data-element_type=\"widget\" data-e-type=\"widget\" data-widget_type=\"button.default\">\n\t\t\t\t<div class=\"elementor-widget-container\">\n\t\t\t\t\t\t\t\t\t<div class=\"elementor-button-wrapper\">\n\t\t\t\t\t<a class=\"elementor-button elementor-button-link elementor-size-sm\" href=\"https:\/\/inalbania.al\/category\/lule-peme-natyrale\" target=\"_blank\">\n\t\t\t\t\t\t<span class=\"elementor-button-content-wrapper\">\n\t\t\t\t\t\t\t\t\t<span class=\"elementor-button-text\">Pem\u00eb &amp; Lule Natyrale<\/span>\n\t\t\t\t\t<\/span>\n\t\t\t\t\t<\/a>\n\t\t\t\t<\/div>\n\t\t\t\t\t\t\t\t<\/div>\n\t\t\t\t<\/div>\n\t\t\t\t\t<\/div>\n\t\t<\/div>\n\t\t\t\t\t<\/div>\n\t\t<\/section>\n\t\t\t\t<section class=\"elementor-section elementor-top-section elementor-element elementor-element-312cacb elementor-section-stretched elementor-section-boxed elementor-section-height-default elementor-section-height-default\" data-id=\"312cacb\" data-element_type=\"section\" data-e-type=\"section\" data-settings=\"{&quot;stretch_section&quot;:&quot;section-stretched&quot;}\">\n\t\t\t\t\t\t<div class=\"elementor-container elementor-column-gap-default\">\n\t\t\t\t\t<div class=\"elementor-column elementor-col-16 elementor-top-column elementor-element elementor-element-168e526\" data-id=\"168e526\" data-element_type=\"column\" data-e-type=\"column\" data-settings=\"{&quot;animation&quot;:&quot;none&quot;}\">\n\t\t\t<div class=\"elementor-widget-wrap elementor-element-populated\">\n\t\t\t\t\t\t<div class=\"elementor-element elementor-element-5e585ae elementor-widget elementor-widget-image\" data-id=\"5e585ae\" data-element_type=\"widget\" data-e-type=\"widget\" data-widget_type=\"image.default\">\n\t\t\t\t<div class=\"elementor-widget-container\">\n\t\t\t\t\t\t\t\t\t\t\t\t\t\t\t\t<a href=\"https:\/\/inalbania.al\/category\/punime-druri\" target=\"_blank\">\n\t\t\t\t\t\t\t<img loading=\"lazy\" decoding=\"async\" width=\"388\" height=\"240\" src=\"https:\/\/inalbania.al\/wp-content\/uploads\/2023\/04\/Punime-Druri.webp\" class=\"attachment-large size-large wp-image-4566\" alt=\"\" srcset=\"https:\/\/inalbania.al\/wp-content\/uploads\/2023\/04\/Punime-Druri.webp 388w, https:\/\/inalbania.al\/wp-content\/uploads\/2023\/04\/Punime-Druri-300x186.webp 300w, https:\/\/inalbania.al\/wp-content\/uploads\/2023\/04\/Punime-Druri-18x12.webp 18w, https:\/\/inalbania.al\/wp-content\/uploads\/2023\/04\/Punime-Druri-350x216.webp 350w\" sizes=\"(max-width: 388px) 100vw, 388px\" \/>\t\t\t\t\t\t\t\t<\/a>\n\t\t\t\t\t\t\t\t\t\t\t\t\t\t\t<\/div>\n\t\t\t\t<\/div>\n\t\t\t\t<div class=\"elementor-element elementor-element-ccda12e elementor-align-center elementor-widget elementor-widget-button\" data-id=\"ccda12e\" data-element_type=\"widget\" data-e-type=\"widget\" data-widget_type=\"button.default\">\n\t\t\t\t<div class=\"elementor-widget-container\">\n\t\t\t\t\t\t\t\t\t<div class=\"elementor-button-wrapper\">\n\t\t\t\t\t<a class=\"elementor-button elementor-button-link elementor-size-sm\" href=\"https:\/\/inalbania.al\/category\/punime-druri\" target=\"_blank\">\n\t\t\t\t\t\t<span class=\"elementor-button-content-wrapper\">\n\t\t\t\t\t\t\t\t\t<span class=\"elementor-button-text\">Punime Druri<\/span>\n\t\t\t\t\t<\/span>\n\t\t\t\t\t<\/a>\n\t\t\t\t<\/div>\n\t\t\t\t\t\t\t\t<\/div>\n\t\t\t\t<\/div>\n\t\t\t\t\t<\/div>\n\t\t<\/div>\n\t\t\t\t<div class=\"elementor-column elementor-col-16 elementor-top-column elementor-element elementor-element-25e018e\" data-id=\"25e018e\" data-element_type=\"column\" data-e-type=\"column\" data-settings=\"{&quot;animation&quot;:&quot;none&quot;}\">\n\t\t\t<div class=\"elementor-widget-wrap elementor-element-populated\">\n\t\t\t\t\t\t<div class=\"elementor-element elementor-element-190ce9d elementor-widget elementor-widget-image\" data-id=\"190ce9d\" data-element_type=\"widget\" data-e-type=\"widget\" data-widget_type=\"image.default\">\n\t\t\t\t<div class=\"elementor-widget-container\">\n\t\t\t\t\t\t\t\t\t\t\t\t\t\t\t\t<a href=\"https:\/\/inalbania.al\/riveshje-divanesh\" target=\"_blank\">\n\t\t\t\t\t\t\t<img loading=\"lazy\" decoding=\"async\" width=\"388\" height=\"240\" src=\"https:\/\/inalbania.al\/wp-content\/uploads\/2023\/04\/Riveshje-Divanesh.webp\" class=\"attachment-large size-large wp-image-4562\" alt=\"\" srcset=\"https:\/\/inalbania.al\/wp-content\/uploads\/2023\/04\/Riveshje-Divanesh.webp 388w, https:\/\/inalbania.al\/wp-content\/uploads\/2023\/04\/Riveshje-Divanesh-300x186.webp 300w, https:\/\/inalbania.al\/wp-content\/uploads\/2023\/04\/Riveshje-Divanesh-18x12.webp 18w, https:\/\/inalbania.al\/wp-content\/uploads\/2023\/04\/Riveshje-Divanesh-350x216.webp 350w\" sizes=\"(max-width: 388px) 100vw, 388px\" \/>\t\t\t\t\t\t\t\t<\/a>\n\t\t\t\t\t\t\t\t\t\t\t\t\t\t\t<\/div>\n\t\t\t\t<\/div>\n\t\t\t\t<div class=\"elementor-element elementor-element-3ab70e0 elementor-align-center elementor-widget elementor-widget-button\" data-id=\"3ab70e0\" data-element_type=\"widget\" data-e-type=\"widget\" data-widget_type=\"button.default\">\n\t\t\t\t<div class=\"elementor-widget-container\">\n\t\t\t\t\t\t\t\t\t<div class=\"elementor-button-wrapper\">\n\t\t\t\t\t<a class=\"elementor-button elementor-button-link elementor-size-sm\" href=\"https:\/\/inalbania.al\/riveshje-divanesh\" target=\"_blank\">\n\t\t\t\t\t\t<span class=\"elementor-button-content-wrapper\">\n\t\t\t\t\t\t\t\t\t<span class=\"elementor-button-text\">Riveshje Mobiljesh<\/span>\n\t\t\t\t\t<\/span>\n\t\t\t\t\t<\/a>\n\t\t\t\t<\/div>\n\t\t\t\t\t\t\t\t<\/div>\n\t\t\t\t<\/div>\n\t\t\t\t\t<\/div>\n\t\t<\/div>\n\t\t\t\t<div class=\"elementor-column elementor-col-16 elementor-top-column elementor-element elementor-element-ce0271c\" data-id=\"ce0271c\" data-element_type=\"column\" data-e-type=\"column\" data-settings=\"{&quot;animation&quot;:&quot;none&quot;}\">\n\t\t\t<div class=\"elementor-widget-wrap elementor-element-populated\">\n\t\t\t\t\t\t<div class=\"elementor-element elementor-element-1ada448 elementor-widget elementor-widget-image\" data-id=\"1ada448\" data-element_type=\"widget\" data-e-type=\"widget\" data-widget_type=\"image.default\">\n\t\t\t\t<div class=\"elementor-widget-container\">\n\t\t\t\t\t\t\t\t\t\t\t\t\t\t\t\t<a href=\"https:\/\/inalbania.al\/category\/dysheke\/\" target=\"_blank\">\n\t\t\t\t\t\t\t<img loading=\"lazy\" decoding=\"async\" width=\"388\" height=\"240\" src=\"https:\/\/inalbania.al\/wp-content\/uploads\/2024\/07\/DYSHEKE.jpg\" class=\"attachment-full size-full wp-image-102595\" alt=\"\" srcset=\"https:\/\/inalbania.al\/wp-content\/uploads\/2024\/07\/DYSHEKE.jpg 388w, https:\/\/inalbania.al\/wp-content\/uploads\/2024\/07\/DYSHEKE-300x186.jpg 300w, https:\/\/inalbania.al\/wp-content\/uploads\/2024\/07\/DYSHEKE-18x12.jpg 18w, https:\/\/inalbania.al\/wp-content\/uploads\/2024\/07\/DYSHEKE-350x216.jpg 350w\" sizes=\"(max-width: 388px) 100vw, 388px\" \/>\t\t\t\t\t\t\t\t<\/a>\n\t\t\t\t\t\t\t\t\t\t\t\t\t\t\t<\/div>\n\t\t\t\t<\/div>\n\t\t\t\t<div class=\"elementor-element elementor-element-f90d89c elementor-align-center elementor-widget elementor-widget-button\" data-id=\"f90d89c\" data-element_type=\"widget\" data-e-type=\"widget\" data-widget_type=\"button.default\">\n\t\t\t\t<div class=\"elementor-widget-container\">\n\t\t\t\t\t\t\t\t\t<div class=\"elementor-button-wrapper\">\n\t\t\t\t\t<a class=\"elementor-button elementor-button-link elementor-size-sm\" href=\"https:\/\/inalbania.al\/category\/dysheke\/\" target=\"_blank\">\n\t\t\t\t\t\t<span class=\"elementor-button-content-wrapper\">\n\t\t\t\t\t\t\t\t\t<span class=\"elementor-button-text\">Dyshek\u00eb<\/span>\n\t\t\t\t\t<\/span>\n\t\t\t\t\t<\/a>\n\t\t\t\t<\/div>\n\t\t\t\t\t\t\t\t<\/div>\n\t\t\t\t<\/div>\n\t\t\t\t\t<\/div>\n\t\t<\/div>\n\t\t\t\t<div class=\"elementor-column elementor-col-16 elementor-top-column elementor-element elementor-element-3e222d9\" data-id=\"3e222d9\" data-element_type=\"column\" data-e-type=\"column\" data-settings=\"{&quot;animation&quot;:&quot;none&quot;}\">\n\t\t\t<div class=\"elementor-widget-wrap elementor-element-populated\">\n\t\t\t\t\t\t<div class=\"elementor-element elementor-element-f328942 elementor-widget elementor-widget-image\" data-id=\"f328942\" data-element_type=\"widget\" data-e-type=\"widget\" data-widget_type=\"image.default\">\n\t\t\t\t<div class=\"elementor-widget-container\">\n\t\t\t\t\t\t\t\t\t\t\t\t\t\t\t\t<a href=\"https:\/\/inalbania.al\/al\/category\/hidrosanitare\/\" target=\"_blank\">\n\t\t\t\t\t\t\t<img loading=\"lazy\" decoding=\"async\" width=\"388\" height=\"240\" src=\"https:\/\/inalbania.al\/wp-content\/uploads\/2023\/04\/Hidrosanitare.webp\" class=\"attachment-large size-large wp-image-4578\" alt=\"\" srcset=\"https:\/\/inalbania.al\/wp-content\/uploads\/2023\/04\/Hidrosanitare.webp 388w, https:\/\/inalbania.al\/wp-content\/uploads\/2023\/04\/Hidrosanitare-300x186.webp 300w, https:\/\/inalbania.al\/wp-content\/uploads\/2023\/04\/Hidrosanitare-18x12.webp 18w, https:\/\/inalbania.al\/wp-content\/uploads\/2023\/04\/Hidrosanitare-350x216.webp 350w\" sizes=\"(max-width: 388px) 100vw, 388px\" \/>\t\t\t\t\t\t\t\t<\/a>\n\t\t\t\t\t\t\t\t\t\t\t\t\t\t\t<\/div>\n\t\t\t\t<\/div>\n\t\t\t\t<div class=\"elementor-element elementor-element-c2add81 elementor-align-center elementor-widget elementor-widget-button\" data-id=\"c2add81\" data-element_type=\"widget\" data-e-type=\"widget\" data-widget_type=\"button.default\">\n\t\t\t\t<div class=\"elementor-widget-container\">\n\t\t\t\t\t\t\t\t\t<div class=\"elementor-button-wrapper\">\n\t\t\t\t\t<a class=\"elementor-button elementor-button-link elementor-size-sm\" href=\"https:\/\/inalbania.al\/al\/category\/hidrosanitare\/\" target=\"_blank\">\n\t\t\t\t\t\t<span class=\"elementor-button-content-wrapper\">\n\t\t\t\t\t\t\t\t\t<span class=\"elementor-button-text\">Hidrosanitare<\/span>\n\t\t\t\t\t<\/span>\n\t\t\t\t\t<\/a>\n\t\t\t\t<\/div>\n\t\t\t\t\t\t\t\t<\/div>\n\t\t\t\t<\/div>\n\t\t\t\t\t<\/div>\n\t\t<\/div>\n\t\t\t\t<div class=\"elementor-column elementor-col-16 elementor-top-column elementor-element elementor-element-106aa5a\" data-id=\"106aa5a\" data-element_type=\"column\" data-e-type=\"column\" data-settings=\"{&quot;animation&quot;:&quot;none&quot;}\">\n\t\t\t<div class=\"elementor-widget-wrap\">\n\t\t\t\t\t\t\t<\/div>\n\t\t<\/div>\n\t\t\t\t<div class=\"elementor-column elementor-col-16 elementor-top-column elementor-element elementor-element-c286759\" data-id=\"c286759\" data-element_type=\"column\" data-e-type=\"column\" data-settings=\"{&quot;animation&quot;:&quot;none&quot;}\">\n\t\t\t<div class=\"elementor-widget-wrap\">\n\t\t\t\t\t\t\t<\/div>\n\t\t<\/div>\n\t\t\t\t\t<\/div>\n\t\t<\/section>\n\t\t\t\t<\/div>\n\t\t","protected":false},"excerpt":{"rendered":"<p>Mobileri Dyet t\u00eb Blinduara Shezllone Plazhi Dekor Ambazhure Pem\u00eb &#038; Lule Natyrale Punime Druri Riveshje Mobiljesh Dyshek\u00eb Hidrosanitare<\/p>\n","protected":false},"author":1,"featured_media":0,"parent":0,"menu_order":0,"comment_status":"closed","ping_status":"closed","template":"","meta":{"_joinchat":[],"footnotes":""},"categories":[43746],"tags":[],"class_list":["post-4530","page","type-page","status-publish","hentry","category-zzz"],"aioseo_notices":[],"_links":{"self":[{"href":"https:\/\/inalbania.al\/al\/wp-json\/wp\/v2\/pages\/4530","targetHints":{"allow":["GET"]}}],"collection":[{"href":"https:\/\/inalbania.al\/al\/wp-json\/wp\/v2\/pages"}],"about":[{"href":"https:\/\/inalbania.al\/al\/wp-json\/wp\/v2\/types\/page"}],"author":[{"embeddable":true,"href":"https:\/\/inalbania.al\/al\/wp-json\/wp\/v2\/users\/1"}],"replies":[{"embeddable":true,"href":"https:\/\/inalbania.al\/al\/wp-json\/wp\/v2\/comments?post=4530"}],"version-history":[{"count":0,"href":"https:\/\/inalbania.al\/al\/wp-json\/wp\/v2\/pages\/4530\/revisions"}],"wp:attachment":[{"href":"https:\/\/inalbania.al\/al\/wp-json\/wp\/v2\/media?parent=4530"}],"wp:term":[{"taxonomy":"category","embeddable":true,"href":"https:\/\/inalbania.al\/al\/wp-json\/wp\/v2\/categories?post=4530"},{"taxonomy":"post_tag","embeddable":true,"href":"https:\/\/inalbania.al\/al\/wp-json\/wp\/v2\/tags?post=4530"}],"curies":[{"name":"wp","href":"https:\/\/api.w.org\/{rel}","templated":true}]}}