{"id":4826,"date":"2023-04-30T19:12:45","date_gmt":"2023-04-30T19:12:45","guid":{"rendered":"https:\/\/inalbania.al\/?page_id=4826"},"modified":"2025-01-12T20:19:03","modified_gmt":"2025-01-12T20:19:03","slug":"edukim-sport","status":"publish","type":"page","link":"https:\/\/inalbania.al\/al\/edukim-sport\/","title":{"rendered":"EDUKIM &#038; SPORT"},"content":{"rendered":"\t\t<div data-elementor-type=\"wp-page\" data-elementor-id=\"4826\" class=\"elementor elementor-4826\" data-elementor-post-type=\"page\">\n\t\t\t\t\t\t<section class=\"elementor-section elementor-top-section elementor-element elementor-element-dcc6af2 elementor-section-boxed elementor-section-height-default elementor-section-height-default\" data-id=\"dcc6af2\" data-element_type=\"section\" data-e-type=\"section\">\n\t\t\t\t\t\t<div class=\"elementor-container elementor-column-gap-default\">\n\t\t\t\t\t<div class=\"elementor-column elementor-col-100 elementor-top-column elementor-element elementor-element-5df6791\" data-id=\"5df6791\" data-element_type=\"column\" data-e-type=\"column\">\n\t\t\t<div class=\"elementor-widget-wrap elementor-element-populated\">\n\t\t\t\t\t\t\t<\/div>\n\t\t<\/div>\n\t\t\t\t\t<\/div>\n\t\t<\/section>\n\t\t\t\t<section class=\"elementor-section elementor-top-section elementor-element elementor-element-51b354c3 elementor-section-stretched elementor-section-boxed elementor-section-height-default elementor-section-height-default\" data-id=\"51b354c3\" data-element_type=\"section\" data-e-type=\"section\" data-settings=\"{&quot;stretch_section&quot;:&quot;section-stretched&quot;}\">\n\t\t\t\t\t\t<div class=\"elementor-container elementor-column-gap-default\">\n\t\t\t\t\t<div class=\"elementor-column elementor-col-20 elementor-top-column elementor-element elementor-element-7c20232b\" data-id=\"7c20232b\" data-element_type=\"column\" data-e-type=\"column\" data-settings=\"{&quot;animation&quot;:&quot;none&quot;}\">\n\t\t\t<div class=\"elementor-widget-wrap elementor-element-populated\">\n\t\t\t\t\t\t<div class=\"elementor-element elementor-element-67b30904 elementor-widget elementor-widget-image\" data-id=\"67b30904\" data-element_type=\"widget\" data-e-type=\"widget\" data-widget_type=\"image.default\">\n\t\t\t\t<div class=\"elementor-widget-container\">\n\t\t\t\t\t\t\t\t\t\t\t\t\t\t\t\t<a href=\"https:\/\/inalbania.al\/category\/qender-kursesh\" target=\"_blank\">\n\t\t\t\t\t\t\t<img fetchpriority=\"high\" decoding=\"async\" width=\"388\" height=\"240\" src=\"https:\/\/inalbania.al\/wp-content\/uploads\/2023\/04\/Qender-Kursesh.webp\" class=\"attachment-large size-large wp-image-4832\" alt=\"\" srcset=\"https:\/\/inalbania.al\/wp-content\/uploads\/2023\/04\/Qender-Kursesh.webp 388w, https:\/\/inalbania.al\/wp-content\/uploads\/2023\/04\/Qender-Kursesh-300x186.webp 300w, https:\/\/inalbania.al\/wp-content\/uploads\/2023\/04\/Qender-Kursesh-18x12.webp 18w, https:\/\/inalbania.al\/wp-content\/uploads\/2023\/04\/Qender-Kursesh-350x216.webp 350w\" sizes=\"(max-width: 388px) 100vw, 388px\" \/>\t\t\t\t\t\t\t\t<\/a>\n\t\t\t\t\t\t\t\t\t\t\t\t\t\t\t<\/div>\n\t\t\t\t<\/div>\n\t\t\t\t<div class=\"elementor-element elementor-element-78b40f46 elementor-align-center elementor-widget elementor-widget-button\" data-id=\"78b40f46\" data-element_type=\"widget\" data-e-type=\"widget\" data-widget_type=\"button.default\">\n\t\t\t\t<div class=\"elementor-widget-container\">\n\t\t\t\t\t\t\t\t\t<div class=\"elementor-button-wrapper\">\n\t\t\t\t\t<a class=\"elementor-button elementor-button-link elementor-size-sm\" href=\"https:\/\/inalbania.al\/category\/qender-kursesh\" target=\"_blank\">\n\t\t\t\t\t\t<span class=\"elementor-button-content-wrapper\">\n\t\t\t\t\t\t\t\t\t<span class=\"elementor-button-text\">Qend\u00ebr Kursesh<\/span>\n\t\t\t\t\t<\/span>\n\t\t\t\t\t<\/a>\n\t\t\t\t<\/div>\n\t\t\t\t\t\t\t\t<\/div>\n\t\t\t\t<\/div>\n\t\t\t\t\t<\/div>\n\t\t<\/div>\n\t\t\t\t<div class=\"elementor-column elementor-col-20 elementor-top-column elementor-element elementor-element-4589f399\" data-id=\"4589f399\" data-element_type=\"column\" data-e-type=\"column\" data-settings=\"{&quot;animation&quot;:&quot;none&quot;}\">\n\t\t\t<div class=\"elementor-widget-wrap elementor-element-populated\">\n\t\t\t\t\t\t<div class=\"elementor-element elementor-element-2e3779dd elementor-widget elementor-widget-image\" data-id=\"2e3779dd\" data-element_type=\"widget\" data-e-type=\"widget\" data-widget_type=\"image.default\">\n\t\t\t\t<div class=\"elementor-widget-container\">\n\t\t\t\t\t\t\t\t\t\t\t\t\t\t\t\t<a href=\"https:\/\/inalbania.al\/category\/kopsht-cerdhe\" target=\"_blank\">\n\t\t\t\t\t\t\t<img decoding=\"async\" width=\"388\" height=\"240\" src=\"https:\/\/inalbania.al\/wp-content\/uploads\/2023\/04\/Kopesht-Cerdhe-Femijesh.webp\" class=\"attachment-large size-large wp-image-4834\" alt=\"\" srcset=\"https:\/\/inalbania.al\/wp-content\/uploads\/2023\/04\/Kopesht-Cerdhe-Femijesh.webp 388w, https:\/\/inalbania.al\/wp-content\/uploads\/2023\/04\/Kopesht-Cerdhe-Femijesh-300x186.webp 300w, https:\/\/inalbania.al\/wp-content\/uploads\/2023\/04\/Kopesht-Cerdhe-Femijesh-18x12.webp 18w, https:\/\/inalbania.al\/wp-content\/uploads\/2023\/04\/Kopesht-Cerdhe-Femijesh-350x216.webp 350w\" sizes=\"(max-width: 388px) 100vw, 388px\" \/>\t\t\t\t\t\t\t\t<\/a>\n\t\t\t\t\t\t\t\t\t\t\t\t\t\t\t<\/div>\n\t\t\t\t<\/div>\n\t\t\t\t<div class=\"elementor-element elementor-element-7b1dacfd elementor-align-center elementor-widget elementor-widget-button\" data-id=\"7b1dacfd\" data-element_type=\"widget\" data-e-type=\"widget\" data-widget_type=\"button.default\">\n\t\t\t\t<div class=\"elementor-widget-container\">\n\t\t\t\t\t\t\t\t\t<div class=\"elementor-button-wrapper\">\n\t\t\t\t\t<a class=\"elementor-button elementor-button-link elementor-size-sm\" href=\"https:\/\/inalbania.al\/category\/kopsht-cerdhe\" target=\"_blank\">\n\t\t\t\t\t\t<span class=\"elementor-button-content-wrapper\">\n\t\t\t\t\t\t\t\t\t<span class=\"elementor-button-text\">Kop\u00ebsht &amp; \u00c7erdhe<\/span>\n\t\t\t\t\t<\/span>\n\t\t\t\t\t<\/a>\n\t\t\t\t<\/div>\n\t\t\t\t\t\t\t\t<\/div>\n\t\t\t\t<\/div>\n\t\t\t\t\t<\/div>\n\t\t<\/div>\n\t\t\t\t<div class=\"elementor-column elementor-col-20 elementor-top-column elementor-element elementor-element-429a2969\" data-id=\"429a2969\" data-element_type=\"column\" data-e-type=\"column\" data-settings=\"{&quot;animation&quot;:&quot;none&quot;}\">\n\t\t\t<div class=\"elementor-widget-wrap elementor-element-populated\">\n\t\t\t\t\t\t<div class=\"elementor-element elementor-element-5c4788c0 elementor-widget elementor-widget-image\" data-id=\"5c4788c0\" data-element_type=\"widget\" data-e-type=\"widget\" data-widget_type=\"image.default\">\n\t\t\t\t<div class=\"elementor-widget-container\">\n\t\t\t\t\t\t\t\t\t\t\t\t\t\t\t\t<a href=\"https:\/\/inalbania.al\/category\/materiale-peshkimi\" target=\"_blank\">\n\t\t\t\t\t\t\t<img decoding=\"async\" width=\"388\" height=\"240\" src=\"https:\/\/inalbania.al\/wp-content\/uploads\/2023\/04\/Aksesore-Peshkimi.webp\" class=\"attachment-large size-large wp-image-4835\" alt=\"\" srcset=\"https:\/\/inalbania.al\/wp-content\/uploads\/2023\/04\/Aksesore-Peshkimi.webp 388w, https:\/\/inalbania.al\/wp-content\/uploads\/2023\/04\/Aksesore-Peshkimi-300x186.webp 300w, https:\/\/inalbania.al\/wp-content\/uploads\/2023\/04\/Aksesore-Peshkimi-18x12.webp 18w, https:\/\/inalbania.al\/wp-content\/uploads\/2023\/04\/Aksesore-Peshkimi-350x216.webp 350w\" sizes=\"(max-width: 388px) 100vw, 388px\" \/>\t\t\t\t\t\t\t\t<\/a>\n\t\t\t\t\t\t\t\t\t\t\t\t\t\t\t<\/div>\n\t\t\t\t<\/div>\n\t\t\t\t<div class=\"elementor-element elementor-element-76542ce elementor-align-center elementor-widget elementor-widget-button\" data-id=\"76542ce\" data-element_type=\"widget\" data-e-type=\"widget\" data-widget_type=\"button.default\">\n\t\t\t\t<div class=\"elementor-widget-container\">\n\t\t\t\t\t\t\t\t\t<div class=\"elementor-button-wrapper\">\n\t\t\t\t\t<a class=\"elementor-button elementor-button-link elementor-size-sm\" href=\"https:\/\/inalbania.al\/category\/materiale-peshkimi\" target=\"_blank\">\n\t\t\t\t\t\t<span class=\"elementor-button-content-wrapper\">\n\t\t\t\t\t\t\t\t\t<span class=\"elementor-button-text\">Peshkimi<\/span>\n\t\t\t\t\t<\/span>\n\t\t\t\t\t<\/a>\n\t\t\t\t<\/div>\n\t\t\t\t\t\t\t\t<\/div>\n\t\t\t\t<\/div>\n\t\t\t\t\t<\/div>\n\t\t<\/div>\n\t\t\t\t<div class=\"elementor-column elementor-col-20 elementor-top-column elementor-element elementor-element-786724d\" data-id=\"786724d\" data-element_type=\"column\" data-e-type=\"column\" data-settings=\"{&quot;animation&quot;:&quot;none&quot;}\">\n\t\t\t<div class=\"elementor-widget-wrap elementor-element-populated\">\n\t\t\t\t\t\t<div class=\"elementor-element elementor-element-7a0dfa2e elementor-widget elementor-widget-image\" data-id=\"7a0dfa2e\" data-element_type=\"widget\" data-e-type=\"widget\" data-widget_type=\"image.default\">\n\t\t\t\t<div class=\"elementor-widget-container\">\n\t\t\t\t\t\t\t\t\t\t\t\t\t\t\t\t<a href=\"https:\/\/inalbania.al\/category\/bicikleta\" target=\"_blank\">\n\t\t\t\t\t\t\t<img loading=\"lazy\" decoding=\"async\" width=\"388\" height=\"240\" src=\"https:\/\/inalbania.al\/wp-content\/uploads\/2023\/05\/Moto-Bike.webp\" class=\"attachment-large size-large wp-image-86023\" alt=\"\" srcset=\"https:\/\/inalbania.al\/wp-content\/uploads\/2023\/05\/Moto-Bike.webp 388w, https:\/\/inalbania.al\/wp-content\/uploads\/2023\/05\/Moto-Bike-300x186.webp 300w, https:\/\/inalbania.al\/wp-content\/uploads\/2023\/05\/Moto-Bike-18x12.webp 18w, https:\/\/inalbania.al\/wp-content\/uploads\/2023\/05\/Moto-Bike-350x216.webp 350w\" sizes=\"(max-width: 388px) 100vw, 388px\" \/>\t\t\t\t\t\t\t\t<\/a>\n\t\t\t\t\t\t\t\t\t\t\t\t\t\t\t<\/div>\n\t\t\t\t<\/div>\n\t\t\t\t<div class=\"elementor-element elementor-element-eb41ec7 elementor-align-center elementor-widget elementor-widget-button\" data-id=\"eb41ec7\" data-element_type=\"widget\" data-e-type=\"widget\" data-widget_type=\"button.default\">\n\t\t\t\t<div class=\"elementor-widget-container\">\n\t\t\t\t\t\t\t\t\t<div class=\"elementor-button-wrapper\">\n\t\t\t\t\t<a class=\"elementor-button elementor-button-link elementor-size-sm\" href=\"https:\/\/inalbania.al\/category\/bicikleta\" target=\"_blank\">\n\t\t\t\t\t\t<span class=\"elementor-button-content-wrapper\">\n\t\t\t\t\t\t\t\t\t<span class=\"elementor-button-text\">Moto &amp; Bike<\/span>\n\t\t\t\t\t<\/span>\n\t\t\t\t\t<\/a>\n\t\t\t\t<\/div>\n\t\t\t\t\t\t\t\t<\/div>\n\t\t\t\t<\/div>\n\t\t\t\t\t<\/div>\n\t\t<\/div>\n\t\t\t\t<div class=\"elementor-column elementor-col-20 elementor-top-column elementor-element elementor-element-e93bf24\" data-id=\"e93bf24\" data-element_type=\"column\" data-e-type=\"column\" data-settings=\"{&quot;animation&quot;:&quot;none&quot;}\">\n\t\t\t<div class=\"elementor-widget-wrap elementor-element-populated\">\n\t\t\t\t\t\t<div class=\"elementor-element elementor-element-8f46442 elementor-widget elementor-widget-image\" data-id=\"8f46442\" data-element_type=\"widget\" data-e-type=\"widget\" data-widget_type=\"image.default\">\n\t\t\t\t<div class=\"elementor-widget-container\">\n\t\t\t\t\t\t\t\t\t\t\t\t\t\t\t\t<a href=\"https:\/\/inalbania.al\/category\/pishina\" target=\"_blank\">\n\t\t\t\t\t\t\t<img loading=\"lazy\" decoding=\"async\" width=\"388\" height=\"240\" src=\"https:\/\/inalbania.al\/wp-content\/uploads\/2023\/04\/Pishina.webp\" class=\"attachment-large size-large wp-image-4836\" alt=\"\" srcset=\"https:\/\/inalbania.al\/wp-content\/uploads\/2023\/04\/Pishina.webp 388w, https:\/\/inalbania.al\/wp-content\/uploads\/2023\/04\/Pishina-300x186.webp 300w, https:\/\/inalbania.al\/wp-content\/uploads\/2023\/04\/Pishina-18x12.webp 18w, https:\/\/inalbania.al\/wp-content\/uploads\/2023\/04\/Pishina-350x216.webp 350w\" sizes=\"(max-width: 388px) 100vw, 388px\" \/>\t\t\t\t\t\t\t\t<\/a>\n\t\t\t\t\t\t\t\t\t\t\t\t\t\t\t<\/div>\n\t\t\t\t<\/div>\n\t\t\t\t<div class=\"elementor-element elementor-element-02cce4c elementor-align-center elementor-widget elementor-widget-button\" data-id=\"02cce4c\" data-element_type=\"widget\" data-e-type=\"widget\" data-widget_type=\"button.default\">\n\t\t\t\t<div class=\"elementor-widget-container\">\n\t\t\t\t\t\t\t\t\t<div class=\"elementor-button-wrapper\">\n\t\t\t\t\t<a class=\"elementor-button elementor-button-link elementor-size-sm\" href=\"https:\/\/inalbania.al\/category\/pishina\" target=\"_blank\">\n\t\t\t\t\t\t<span class=\"elementor-button-content-wrapper\">\n\t\t\t\t\t\t\t\t\t<span class=\"elementor-button-text\">Pishina<\/span>\n\t\t\t\t\t<\/span>\n\t\t\t\t\t<\/a>\n\t\t\t\t<\/div>\n\t\t\t\t\t\t\t\t<\/div>\n\t\t\t\t<\/div>\n\t\t\t\t\t<\/div>\n\t\t<\/div>\n\t\t\t\t\t<\/div>\n\t\t<\/section>\n\t\t\t\t<\/div>\n\t\t","protected":false},"excerpt":{"rendered":"<p>Qend\u00ebr Kursesh Kop\u00ebsht &#038; \u00c7erdhe Peshkimi Moto &#038; Bike Pishina<\/p>\n","protected":false},"author":1,"featured_media":0,"parent":0,"menu_order":0,"comment_status":"closed","ping_status":"closed","template":"","meta":{"_joinchat":[],"footnotes":""},"categories":[],"tags":[],"class_list":["post-4826","page","type-page","status-publish","hentry"],"aioseo_notices":[],"_links":{"self":[{"href":"https:\/\/inalbania.al\/al\/wp-json\/wp\/v2\/pages\/4826","targetHints":{"allow":["GET"]}}],"collection":[{"href":"https:\/\/inalbania.al\/al\/wp-json\/wp\/v2\/pages"}],"about":[{"href":"https:\/\/inalbania.al\/al\/wp-json\/wp\/v2\/types\/page"}],"author":[{"embeddable":true,"href":"https:\/\/inalbania.al\/al\/wp-json\/wp\/v2\/users\/1"}],"replies":[{"embeddable":true,"href":"https:\/\/inalbania.al\/al\/wp-json\/wp\/v2\/comments?post=4826"}],"version-history":[{"count":0,"href":"https:\/\/inalbania.al\/al\/wp-json\/wp\/v2\/pages\/4826\/revisions"}],"wp:attachment":[{"href":"https:\/\/inalbania.al\/al\/wp-json\/wp\/v2\/media?parent=4826"}],"wp:term":[{"taxonomy":"category","embeddable":true,"href":"https:\/\/inalbania.al\/al\/wp-json\/wp\/v2\/categories?post=4826"},{"taxonomy":"post_tag","embeddable":true,"href":"https:\/\/inalbania.al\/al\/wp-json\/wp\/v2\/tags?post=4826"}],"curies":[{"name":"wp","href":"https:\/\/api.w.org\/{rel}","templated":true}]}}