{"id":114658,"date":"2026-03-27T20:31:53","date_gmt":"2026-03-27T20:31:53","guid":{"rendered":"https:\/\/inalbania.al\/?page_id=114658"},"modified":"2026-03-27T20:58:38","modified_gmt":"2026-03-27T20:58:38","slug":"sherim-i-lashte-qetesi-moderne-masazh-kinez-ne-zemer-te-tiranes","status":"publish","type":"page","link":"https:\/\/inalbania.al\/en\/sherim-i-lashte-qetesi-moderne-masazh-kinez-ne-zemer-te-tiranes\/","title":{"rendered":"Sh\u00ebrim i lasht\u00eb, qet\u00ebsi moderne \u2013 Masazh Kinez n\u00eb zem\u00ebr t\u00eb Tiran\u00ebs"},"content":{"rendered":"<div data-elementor-type=\"wp-page\" data-elementor-id=\"114658\" class=\"elementor elementor-114658\" data-elementor-post-type=\"page\">\n\t\t\t\t\t\t<section class=\"elementor-section elementor-top-section elementor-element elementor-element-fc5bef8 elementor-section-boxed elementor-section-height-default elementor-section-height-default\" data-id=\"fc5bef8\" data-element_type=\"section\" data-e-type=\"section\">\n\t\t\t\t\t\t<div class=\"elementor-container elementor-column-gap-default\">\n\t\t\t\t\t<div class=\"elementor-column elementor-col-100 elementor-top-column elementor-element elementor-element-001a581\" data-id=\"001a581\" data-element_type=\"column\" data-e-type=\"column\">\n\t\t\t<div class=\"elementor-widget-wrap elementor-element-populated\">\n\t\t\t\t\t\t\t<\/div>\n\t\t<\/div>\n\t\t\t\t\t<\/div>\n\t\t<\/section>\n\t\t\t\t<section class=\"elementor-section elementor-top-section elementor-element elementor-element-d2ef5a7 elementor-section-boxed elementor-section-height-default elementor-section-height-default\" data-id=\"d2ef5a7\" data-element_type=\"section\" data-e-type=\"section\">\n\t\t\t\t\t\t<div class=\"elementor-container elementor-column-gap-default\">\n\t\t\t\t\t<div class=\"elementor-column elementor-col-100 elementor-top-column elementor-element elementor-element-ef38002\" data-id=\"ef38002\" data-element_type=\"column\" data-e-type=\"column\">\n\t\t\t<div class=\"elementor-widget-wrap elementor-element-populated\">\n\t\t\t\t\t\t<div class=\"elementor-element elementor-element-0d0b8da elementor-widget elementor-widget-text-editor\" data-id=\"0d0b8da\" data-element_type=\"widget\" data-e-type=\"widget\" data-widget_type=\"text-editor.default\">\n\t\t\t\t<div class=\"elementor-widget-container\">\n\t\t\t\t\t\t\t\t\t<p><img fetchpriority=\"high\" decoding=\"async\" class=\"size-full wp-image-110552 alignleft\" src=\"https:\/\/inalbania.al\/wp-content\/uploads\/2025\/05\/CHINNESE-MASSAGE-TIRANA-\u2022-TAI-CHI-TCM.jpeg\" alt=\"\" width=\"600\" height=\"312\" srcset=\"https:\/\/inalbania.al\/wp-content\/uploads\/2025\/05\/CHINNESE-MASSAGE-TIRANA-\u2022-TAI-CHI-TCM.jpeg 600w, https:\/\/inalbania.al\/wp-content\/uploads\/2025\/05\/CHINNESE-MASSAGE-TIRANA-\u2022-TAI-CHI-TCM-300x156.jpeg 300w, https:\/\/inalbania.al\/wp-content\/uploads\/2025\/05\/CHINNESE-MASSAGE-TIRANA-\u2022-TAI-CHI-TCM-18x9.jpeg 18w, https:\/\/inalbania.al\/wp-content\/uploads\/2025\/05\/CHINNESE-MASSAGE-TIRANA-\u2022-TAI-CHI-TCM-350x182.jpeg 350w\" sizes=\"(max-width: 600px) 100vw, 600px\" \/><\/p><header class=\"hero\"><div class=\"hero-content\"><p class=\"hero-label\"><span style=\"color: #b80fb8;\"><strong>After the Calm<\/strong><\/span>. <strong>After You\u00a0<em>Leave!<\/em><\/strong><\/p><p class=\"hero-byline\"><strong>by Yang Wang<\/strong><\/p><\/div><\/header><article class=\"page\"><div class=\"ornament\">\u00a0<\/div><p class=\"lede\">The door closes softly behind you. For a moment, the room is quiet again\u2014the kind of stillness that remains after an hour of slower breathing, relaxed shoulders, and a mind that has finally let go of the noise outside.<\/p><div class=\"article-body\"><p>You leave feeling lighter. That\u2019s how it should be.<\/p><p>But the story of that hour does not end when you walk out.<\/p><p>In our center, there are three massage rooms. I work alongside two massage therapists, and after each guest leaves, we begin a quiet routine that repeats many times each day.<\/p><div class=\"scene-break\">\u2726<\/div><div class=\"ritual-block\"><p>The bed is cleaned first. The sheets that held the previous hour are removed and replaced with fresh ones\u2014smooth, clean, carefully arranged so that the next person sees only calm order upon entering.<\/p><p>The towels are folded again, clean and soft.<\/p><p>The showers are washed until the glass is clear and the tiles shine. Toiletries are checked and replaced so that everything appears untouched and ready.<\/p><p>The windows are opened for fresh air. The room breathes again.<\/p><\/div><p>A gentle scent slowly returns to the space. The floor is cleaned. The decorations are adjusted. The candles are aligned. Small stones are placed back into their perfect order. The music is reset to the beginning.<\/p><p>Each room must feel as though it has been quietly waiting for the next guest.<\/p><\/div><\/article>\t\t\t\t\t\t\t\t<\/div>\n\t\t\t\t<\/div>\n\t\t\t\t<div class=\"elementor-element elementor-element-3b856f3 elementor-widget elementor-widget-text-editor\" data-id=\"3b856f3\" data-element_type=\"widget\" data-e-type=\"widget\" data-widget_type=\"text-editor.default\">\n\t\t\t\t<div class=\"elementor-widget-container\">\n\t\t\t\t\t\t\t\t\t<p>Read more at: <a href=\"https:\/\/www.taichi.al\/sq\/2026\/03\/12\/pas-qetesise-pasi-largohesh\/\" target=\"_blank\" rel=\"noopener\">https:\/\/www.taichi.al<b>\u2197<\/b><\/a><\/p>\t\t\t\t\t\t\t\t<\/div>\n\t\t\t\t<\/div>\n\t\t\t\t\t<\/div>\n\t\t<\/div>\n\t\t\t\t\t<\/div>\n\t\t<\/section>\n\t\t\t\t<\/div>","protected":false},"excerpt":{"rendered":"<p>Pas Qet\u00ebsis\u00eb. Pas Teje\u00a0Largohu! nga Yang Wang \u00a0 Dera mbyllet but\u00ebsisht pas teje. P\u00ebr nj\u00eb moment dhoma \u00ebsht\u00eb p\u00ebrs\u00ebri e qet\u00eb &#8211; qet\u00ebsia q\u00eb mbetet pas nj\u00eb ore frym\u00ebmarrjeje m\u00eb t\u00eb ngadalt\u00eb, shpatullave t\u00eb relaksuara dhe nj\u00eb mendjeje q\u00eb m\u00eb n\u00eb fund e ka l\u00ebn\u00eb t\u00eb lir\u00eb zhurm\u00ebn jasht\u00eb. Largohesh duke u ndjer\u00eb m\u00eb i [&hellip;]<\/p>\n","protected":false},"author":1,"featured_media":110552,"parent":0,"menu_order":0,"comment_status":"closed","ping_status":"closed","template":"elementor_header_footer","meta":{"_joinchat":[],"footnotes":""},"categories":[183],"tags":[],"class_list":["post-114658","page","type-page","status-publish","has-post-thumbnail","hentry","category-aktualitet"],"aioseo_notices":[],"_links":{"self":[{"href":"https:\/\/inalbania.al\/en\/wp-json\/wp\/v2\/pages\/114658","targetHints":{"allow":["GET"]}}],"collection":[{"href":"https:\/\/inalbania.al\/en\/wp-json\/wp\/v2\/pages"}],"about":[{"href":"https:\/\/inalbania.al\/en\/wp-json\/wp\/v2\/types\/page"}],"author":[{"embeddable":true,"href":"https:\/\/inalbania.al\/en\/wp-json\/wp\/v2\/users\/1"}],"replies":[{"embeddable":true,"href":"https:\/\/inalbania.al\/en\/wp-json\/wp\/v2\/comments?post=114658"}],"version-history":[{"count":0,"href":"https:\/\/inalbania.al\/en\/wp-json\/wp\/v2\/pages\/114658\/revisions"}],"wp:featuredmedia":[{"embeddable":true,"href":"https:\/\/inalbania.al\/en\/wp-json\/wp\/v2\/media\/110552"}],"wp:attachment":[{"href":"https:\/\/inalbania.al\/en\/wp-json\/wp\/v2\/media?parent=114658"}],"wp:term":[{"taxonomy":"category","embeddable":true,"href":"https:\/\/inalbania.al\/en\/wp-json\/wp\/v2\/categories?post=114658"},{"taxonomy":"post_tag","embeddable":true,"href":"https:\/\/inalbania.al\/en\/wp-json\/wp\/v2\/tags?post=114658"}],"curies":[{"name":"wp","href":"https:\/\/api.w.org\/{rel}","templated":true}]}}