{"id":115290,"date":"2026-04-29T11:18:06","date_gmt":"2026-04-29T11:18:06","guid":{"rendered":"https:\/\/inalbania.al\/?page_id=115290"},"modified":"2026-04-29T11:21:11","modified_gmt":"2026-04-29T11:21:11","slug":"fast-food-te-fresku-pita-klasike-2","status":"publish","type":"page","link":"https:\/\/inalbania.al\/en\/fast-food-te-fresku-pita-klasike-2\/","title":{"rendered":"PITA KLASIKE 2"},"content":{"rendered":"<p>Pita Klasike 2 n\u00eb Fresk, Tiran\u00eb \u00ebsht\u00eb nj\u00eb zgjedhje ideale p\u00ebr t\u00eb shijuar fast food t\u00eb fresk\u00ebt dhe t\u00eb shijsh\u00ebm \u00e7do dit\u00eb. Me nj\u00eb eksperienc\u00eb disa vje\u00e7are n\u00eb treg, ofron produkte cil\u00ebsore t\u00eb p\u00ebrgatitura me kujdes dhe shpejt\u00ebsi nga nj\u00eb staf profesional.<\/p>\n<p>K\u00ebtu mund t\u00eb gjeni pita t\u00eb ndryshme, ushqime fast food, sallata dhe pije freskuese, t\u00eb gjitha me shije t\u00eb ve\u00e7ant\u00eb dhe \u00e7mime t\u00eb arsyeshme. Sh\u00ebrbimi \u00ebsht\u00eb i shpejt\u00eb dhe korrekt, duke e b\u00ebr\u00eb t\u00eb p\u00ebrshtatsh\u00ebm si p\u00ebr konsum n\u00eb vend ashtu edhe p\u00ebr porosi.<\/p>\n<p>Pita Klasike 2 n\u00eb Fresk mbetet nj\u00eb nga zgjedhjet m\u00eb t\u00eb mira p\u00ebr nj\u00eb vakt t\u00eb shpejt\u00eb dhe t\u00eb shijsh\u00ebm n\u00eb zon\u00ebn e Tiran\u00ebs.<\/p>\n<p>Kontakt<\/p>\n<p>069 838 1772<\/p>","protected":false},"excerpt":{"rendered":"<p>Pita Klasike 2 n\u00eb Fresk, Tiran\u00eb \u00ebsht\u00eb nj\u00eb zgjedhje ideale p\u00ebr t\u00eb shijuar fast food t\u00eb fresk\u00ebt dhe t\u00eb shijsh\u00ebm \u00e7do dit\u00eb. Me nj\u00eb eksperienc\u00eb disa vje\u00e7are n\u00eb treg, ofron produkte cil\u00ebsore t\u00eb p\u00ebrgatitura me kujdes dhe shpejt\u00ebsi nga nj\u00eb staf profesional. K\u00ebtu mund t\u00eb gjeni pita t\u00eb ndryshme, ushqime fast food, sallata dhe pije [&hellip;]<\/p>\n","protected":false},"author":1,"featured_media":0,"parent":0,"menu_order":0,"comment_status":"closed","ping_status":"closed","template":"","meta":{"_joinchat":[],"footnotes":""},"categories":[112],"tags":[],"class_list":["post-115290","page","type-page","status-publish","hentry","category-fast-food-piceri"],"aioseo_notices":[],"_links":{"self":[{"href":"https:\/\/inalbania.al\/en\/wp-json\/wp\/v2\/pages\/115290","targetHints":{"allow":["GET"]}}],"collection":[{"href":"https:\/\/inalbania.al\/en\/wp-json\/wp\/v2\/pages"}],"about":[{"href":"https:\/\/inalbania.al\/en\/wp-json\/wp\/v2\/types\/page"}],"author":[{"embeddable":true,"href":"https:\/\/inalbania.al\/en\/wp-json\/wp\/v2\/users\/1"}],"replies":[{"embeddable":true,"href":"https:\/\/inalbania.al\/en\/wp-json\/wp\/v2\/comments?post=115290"}],"version-history":[{"count":3,"href":"https:\/\/inalbania.al\/en\/wp-json\/wp\/v2\/pages\/115290\/revisions"}],"predecessor-version":[{"id":115293,"href":"https:\/\/inalbania.al\/en\/wp-json\/wp\/v2\/pages\/115290\/revisions\/115293"}],"wp:attachment":[{"href":"https:\/\/inalbania.al\/en\/wp-json\/wp\/v2\/media?parent=115290"}],"wp:term":[{"taxonomy":"category","embeddable":true,"href":"https:\/\/inalbania.al\/en\/wp-json\/wp\/v2\/categories?post=115290"},{"taxonomy":"post_tag","embeddable":true,"href":"https:\/\/inalbania.al\/en\/wp-json\/wp\/v2\/tags?post=115290"}],"curies":[{"name":"wp","href":"https:\/\/api.w.org\/{rel}","templated":true}]}}