{"id":4157,"date":"2023-07-18T09:46:12","date_gmt":"2023-07-18T09:46:12","guid":{"rendered":"https:\/\/inalbania.al\/?page_id=4157"},"modified":"2025-04-28T12:13:20","modified_gmt":"2025-04-28T12:13:20","slug":"taxi-florini-kamez","status":"publish","type":"page","link":"https:\/\/inalbania.al\/en\/taxi-florini-kamez\/","title":{"rendered":"TAXI FLORI KAMEZ"},"content":{"rendered":"<div data-elementor-type=\"wp-page\" data-elementor-id=\"4157\" class=\"elementor elementor-4157\" data-elementor-post-type=\"page\">\n\t\t\t\t\t\t<section class=\"elementor-section elementor-top-section elementor-element elementor-element-747d7479 elementor-section-stretched elementor-section-boxed elementor-section-height-default elementor-section-height-default\" data-id=\"747d7479\" data-element_type=\"section\" data-e-type=\"section\" data-settings=\"{&quot;stretch_section&quot;:&quot;section-stretched&quot;}\">\n\t\t\t\t\t\t<div class=\"elementor-container elementor-column-gap-default\">\n\t\t\t\t\t<div class=\"elementor-column elementor-col-100 elementor-top-column elementor-element elementor-element-43ef3a88\" data-id=\"43ef3a88\" data-element_type=\"column\" data-e-type=\"column\">\n\t\t\t<div class=\"elementor-widget-wrap elementor-element-populated\">\n\t\t\t\t\t\t<section class=\"elementor-section elementor-inner-section elementor-element elementor-element-7ea32f06 elementor-section-boxed elementor-section-height-default elementor-section-height-default\" data-id=\"7ea32f06\" data-element_type=\"section\" data-e-type=\"section\" data-settings=\"{&quot;background_background&quot;:&quot;classic&quot;}\">\n\t\t\t\t\t\t<div class=\"elementor-container elementor-column-gap-default\">\n\t\t\t\t\t<div class=\"elementor-column elementor-col-50 elementor-inner-column elementor-element elementor-element-26666938\" data-id=\"26666938\" data-element_type=\"column\" data-e-type=\"column\">\n\t\t\t<div class=\"elementor-widget-wrap elementor-element-populated\">\n\t\t\t\t\t\t<div class=\"elementor-element elementor-element-317cfd64 elementor-widget elementor-widget-theme-post-featured-image elementor-widget-image\" data-id=\"317cfd64\" data-element_type=\"widget\" data-e-type=\"widget\" data-widget_type=\"theme-post-featured-image.default\">\n\t\t\t\t<div class=\"elementor-widget-container\">\n\t\t\t\t\t\t\t\t\t\t\t\t\t\t\t<img fetchpriority=\"high\" decoding=\"async\" width=\"600\" height=\"336\" src=\"https:\/\/inalbania.al\/wp-content\/uploads\/2023\/07\/TAXI-FLORINI-KAMEZ-600x336.jpg\" class=\"attachment-ireca_m size-ireca_m wp-image-88894\" alt=\"\" srcset=\"https:\/\/inalbania.al\/wp-content\/uploads\/2023\/07\/TAXI-FLORINI-KAMEZ-600x336.jpg 600w, https:\/\/inalbania.al\/wp-content\/uploads\/2023\/07\/TAXI-FLORINI-KAMEZ-300x168.jpg 300w, https:\/\/inalbania.al\/wp-content\/uploads\/2023\/07\/TAXI-FLORINI-KAMEZ-18x10.jpg 18w, https:\/\/inalbania.al\/wp-content\/uploads\/2023\/07\/TAXI-FLORINI-KAMEZ-350x196.jpg 350w, https:\/\/inalbania.al\/wp-content\/uploads\/2023\/07\/TAXI-FLORINI-KAMEZ.jpg 648w\" sizes=\"(max-width: 600px) 100vw, 600px\" \/>\t\t\t\t\t\t\t\t\t\t\t\t\t\t\t<\/div>\n\t\t\t\t<\/div>\n\t\t\t\t\t<\/div>\n\t\t<\/div>\n\t\t\t\t<div class=\"elementor-column elementor-col-50 elementor-inner-column elementor-element elementor-element-4c96a642\" data-id=\"4c96a642\" data-element_type=\"column\" data-e-type=\"column\">\n\t\t\t<div class=\"elementor-widget-wrap elementor-element-populated\">\n\t\t\t\t\t\t<div class=\"elementor-element elementor-element-4a53042d elementor-align-start elementor-mobile-align-center elementor-icon-list--layout-inline elementor-list-item-link-full_width elementor-widget elementor-widget-icon-list\" data-id=\"4a53042d\" data-element_type=\"widget\" data-e-type=\"widget\" data-widget_type=\"icon-list.default\">\n\t\t\t\t<div class=\"elementor-widget-container\">\n\t\t\t\t\t\t\t<ul class=\"elementor-icon-list-items elementor-inline-items\">\n\t\t\t\t\t\t\t<li class=\"elementor-icon-list-item elementor-inline-item\">\n\t\t\t\t\t\t\t\t\t\t\t<span class=\"elementor-icon-list-icon\">\n\t\t\t\t\t\t\t<i aria-hidden=\"true\" class=\"fas fa-map-marker-alt\"><\/i>\t\t\t\t\t\t<\/span>\n\t\t\t\t\t\t\t\t\t\t<span class=\"elementor-icon-list-text\">Kam\u00ebz. We operate throughout Albania.<\/span>\n\t\t\t\t\t\t\t\t\t<\/li>\n\t\t\t\t\t\t<\/ul>\n\t\t\t\t\t\t<\/div>\n\t\t\t\t<\/div>\n\t\t\t\t<div class=\"elementor-element elementor-element-5cbcd9c elementor-align-center elementor-widget__width-initial elementor-widget elementor-widget-button\" data-id=\"5cbcd9c\" data-element_type=\"widget\" data-e-type=\"widget\" data-widget_type=\"button.default\">\n\t\t\t\t<div class=\"elementor-widget-container\">\n\t\t\t\t\t\t\t\t\t<div class=\"elementor-button-wrapper\">\n\t\t\t\t\t<a class=\"elementor-button elementor-button-link elementor-size-sm\" href=\"#joinchat\" target=\"_blank\">\n\t\t\t\t\t\t<span class=\"elementor-button-content-wrapper\">\n\t\t\t\t\t\t<span class=\"elementor-button-icon\">\n\t\t\t\t<i aria-hidden=\"true\" class=\"fab fa-whatsapp\"><\/i>\t\t\t<\/span>\n\t\t\t\t\t\t\t\t\t<span class=\"elementor-button-text\">Contact Us via WhatsApp<\/span>\n\t\t\t\t\t<\/span>\n\t\t\t\t\t<\/a>\n\t\t\t\t<\/div>\n\t\t\t\t\t\t\t\t<\/div>\n\t\t\t\t<\/div>\n\t\t\t\t\t<\/div>\n\t\t<\/div>\n\t\t\t\t\t<\/div>\n\t\t<\/section>\n\t\t\t\t<section class=\"elementor-section elementor-inner-section elementor-element elementor-element-1d0abe5b elementor-section-boxed elementor-section-height-default elementor-section-height-default\" data-id=\"1d0abe5b\" data-element_type=\"section\" data-e-type=\"section\">\n\t\t\t\t\t\t<div class=\"elementor-container elementor-column-gap-default\">\n\t\t\t\t\t<div class=\"elementor-column elementor-col-100 elementor-inner-column elementor-element elementor-element-47993039\" data-id=\"47993039\" data-element_type=\"column\" data-e-type=\"column\">\n\t\t\t<div class=\"elementor-widget-wrap elementor-element-populated\">\n\t\t\t\t\t\t<div class=\"elementor-element elementor-element-6f88919a elementor-widget elementor-widget-text-editor\" data-id=\"6f88919a\" data-element_type=\"widget\" data-e-type=\"widget\" data-widget_type=\"text-editor.default\">\n\t\t\t\t<div class=\"elementor-widget-container\">\n\t\t\t\t\t\t\t\t\t<p><strong>Taxi Flori<\/strong> offers 24-hour taxi service in Kam\u00ebz and in every city in Albania, providing a fast, safe and reasonably priced service. We take care of our passengers by offering comfortable and worry-free trips, always with a focus on quality and safety.<\/p><p>Our vehicles are Electric, new and in excellent working condition, equipped with modern technology that guarantee a comfortable and problem-free trip.<\/p><p>Our service is available 24 hours a day, enabling you to reach your destination at any time of the day or night, whether for personal needs, business trips, or transportation for special events.<\/p>\t\t\t\t\t\t\t\t<\/div>\n\t\t\t\t<\/div>\n\t\t\t\t\t<\/div>\n\t\t<\/div>\n\t\t\t\t\t<\/div>\n\t\t<\/section>\n\t\t\t\t<section class=\"elementor-section elementor-inner-section elementor-element elementor-element-a919c5d elementor-section-boxed elementor-section-height-default elementor-section-height-default\" data-id=\"a919c5d\" data-element_type=\"section\" data-e-type=\"section\">\n\t\t\t\t\t\t<div class=\"elementor-container elementor-column-gap-default\">\n\t\t\t\t\t<div class=\"elementor-column elementor-col-33 elementor-inner-column elementor-element elementor-element-880afd6\" data-id=\"880afd6\" data-element_type=\"column\" data-e-type=\"column\">\n\t\t\t<div class=\"elementor-widget-wrap elementor-element-populated\">\n\t\t\t\t\t\t<div class=\"elementor-element elementor-element-523cf20 elementor-widget elementor-widget-image\" data-id=\"523cf20\" data-element_type=\"widget\" data-e-type=\"widget\" data-widget_type=\"image.default\">\n\t\t\t\t<div class=\"elementor-widget-container\">\n\t\t\t\t\t\t\t\t\t\t\t\t\t\t\t<img decoding=\"async\" width=\"650\" height=\"650\" src=\"https:\/\/inalbania.al\/wp-content\/uploads\/2023\/10\/Taxi-Florini-Kamez-_-1-1.jpg\" class=\"attachment-full size-full wp-image-95766\" alt=\"\" srcset=\"https:\/\/inalbania.al\/wp-content\/uploads\/2023\/10\/Taxi-Florini-Kamez-_-1-1.jpg 650w, https:\/\/inalbania.al\/wp-content\/uploads\/2023\/10\/Taxi-Florini-Kamez-_-1-1-300x300.jpg 300w, https:\/\/inalbania.al\/wp-content\/uploads\/2023\/10\/Taxi-Florini-Kamez-_-1-1-150x150.jpg 150w, https:\/\/inalbania.al\/wp-content\/uploads\/2023\/10\/Taxi-Florini-Kamez-_-1-1-12x12.jpg 12w, https:\/\/inalbania.al\/wp-content\/uploads\/2023\/10\/Taxi-Florini-Kamez-_-1-1-350x350.jpg 350w, https:\/\/inalbania.al\/wp-content\/uploads\/2023\/10\/Taxi-Florini-Kamez-_-1-1-600x600.jpg 600w\" sizes=\"(max-width: 650px) 100vw, 650px\" \/>\t\t\t\t\t\t\t\t\t\t\t\t\t\t\t<\/div>\n\t\t\t\t<\/div>\n\t\t\t\t\t<\/div>\n\t\t<\/div>\n\t\t\t\t<div class=\"elementor-column elementor-col-33 elementor-inner-column elementor-element elementor-element-286e357\" data-id=\"286e357\" data-element_type=\"column\" data-e-type=\"column\">\n\t\t\t<div class=\"elementor-widget-wrap elementor-element-populated\">\n\t\t\t\t\t\t<div class=\"elementor-element elementor-element-5a0b4b5 elementor-widget elementor-widget-image\" data-id=\"5a0b4b5\" data-element_type=\"widget\" data-e-type=\"widget\" data-widget_type=\"image.default\">\n\t\t\t\t<div class=\"elementor-widget-container\">\n\t\t\t\t\t\t\t\t\t\t\t\t\t\t\t<img decoding=\"async\" width=\"650\" height=\"650\" src=\"https:\/\/inalbania.al\/wp-content\/uploads\/2023\/10\/Taxi-Florini-Kamez-_-2.jpg\" class=\"attachment-full size-full wp-image-95764\" alt=\"\" srcset=\"https:\/\/inalbania.al\/wp-content\/uploads\/2023\/10\/Taxi-Florini-Kamez-_-2.jpg 650w, https:\/\/inalbania.al\/wp-content\/uploads\/2023\/10\/Taxi-Florini-Kamez-_-2-300x300.jpg 300w, https:\/\/inalbania.al\/wp-content\/uploads\/2023\/10\/Taxi-Florini-Kamez-_-2-150x150.jpg 150w, https:\/\/inalbania.al\/wp-content\/uploads\/2023\/10\/Taxi-Florini-Kamez-_-2-12x12.jpg 12w, https:\/\/inalbania.al\/wp-content\/uploads\/2023\/10\/Taxi-Florini-Kamez-_-2-350x350.jpg 350w, https:\/\/inalbania.al\/wp-content\/uploads\/2023\/10\/Taxi-Florini-Kamez-_-2-600x600.jpg 600w\" sizes=\"(max-width: 650px) 100vw, 650px\" \/>\t\t\t\t\t\t\t\t\t\t\t\t\t\t\t<\/div>\n\t\t\t\t<\/div>\n\t\t\t\t\t<\/div>\n\t\t<\/div>\n\t\t\t\t<div class=\"elementor-column elementor-col-33 elementor-inner-column elementor-element elementor-element-8adf9e6\" data-id=\"8adf9e6\" data-element_type=\"column\" data-e-type=\"column\">\n\t\t\t<div class=\"elementor-widget-wrap elementor-element-populated\">\n\t\t\t\t\t\t<div class=\"elementor-element elementor-element-ef1949c elementor-widget elementor-widget-image\" data-id=\"ef1949c\" data-element_type=\"widget\" data-e-type=\"widget\" data-widget_type=\"image.default\">\n\t\t\t\t<div class=\"elementor-widget-container\">\n\t\t\t\t\t\t\t\t\t\t\t\t\t\t\t<img loading=\"lazy\" decoding=\"async\" width=\"650\" height=\"650\" src=\"https:\/\/inalbania.al\/wp-content\/uploads\/2023\/10\/Taxi-Florini-Kamez-_-1.jpg\" class=\"attachment-full size-full wp-image-95765\" alt=\"\" srcset=\"https:\/\/inalbania.al\/wp-content\/uploads\/2023\/10\/Taxi-Florini-Kamez-_-1.jpg 650w, https:\/\/inalbania.al\/wp-content\/uploads\/2023\/10\/Taxi-Florini-Kamez-_-1-300x300.jpg 300w, https:\/\/inalbania.al\/wp-content\/uploads\/2023\/10\/Taxi-Florini-Kamez-_-1-150x150.jpg 150w, https:\/\/inalbania.al\/wp-content\/uploads\/2023\/10\/Taxi-Florini-Kamez-_-1-12x12.jpg 12w, https:\/\/inalbania.al\/wp-content\/uploads\/2023\/10\/Taxi-Florini-Kamez-_-1-350x350.jpg 350w, https:\/\/inalbania.al\/wp-content\/uploads\/2023\/10\/Taxi-Florini-Kamez-_-1-600x600.jpg 600w\" sizes=\"(max-width: 650px) 100vw, 650px\" \/>\t\t\t\t\t\t\t\t\t\t\t\t\t\t\t<\/div>\n\t\t\t\t<\/div>\n\t\t\t\t\t<\/div>\n\t\t<\/div>\n\t\t\t\t\t<\/div>\n\t\t<\/section>\n\t\t\t\t<section class=\"elementor-section elementor-inner-section elementor-element elementor-element-23ab04a4 elementor-section-boxed elementor-section-height-default elementor-section-height-default\" data-id=\"23ab04a4\" data-element_type=\"section\" data-e-type=\"section\">\n\t\t\t\t\t\t<div class=\"elementor-container elementor-column-gap-default\">\n\t\t\t\t\t<div class=\"elementor-column elementor-col-100 elementor-inner-column elementor-element elementor-element-59503562\" data-id=\"59503562\" data-element_type=\"column\" data-e-type=\"column\">\n\t\t\t<div class=\"elementor-widget-wrap elementor-element-populated\">\n\t\t\t\t\t\t<div class=\"elementor-element elementor-element-1521362b elementor-widget elementor-widget-text-editor\" data-id=\"1521362b\" data-element_type=\"widget\" data-e-type=\"widget\" data-widget_type=\"text-editor.default\">\n\t\t\t\t<div class=\"elementor-widget-container\">\n\t\t\t\t\t\t\t\t\t<p>With <strong>Taxi Flori<\/strong>, your trips are always fast, safe and without unwanted stops. You can count on us for a perfect service and a worry-free trip anywhere in Albania.<\/p>\t\t\t\t\t\t\t\t<\/div>\n\t\t\t\t<\/div>\n\t\t\t\t<div class=\"elementor-element elementor-element-5427f6c6 elementor-widget elementor-widget-text-editor\" data-id=\"5427f6c6\" data-element_type=\"widget\" data-e-type=\"widget\" data-widget_type=\"text-editor.default\">\n\t\t\t\t<div class=\"elementor-widget-container\">\n\t\t\t\t\t\t\t\t\t<p><strong>Address<\/strong>: Kam\u00ebz. We operate throughout Albania.<\/p>\t\t\t\t\t\t\t\t<\/div>\n\t\t\t\t<\/div>\n\t\t\t\t<div class=\"elementor-element elementor-element-2ec13793 elementor-widget elementor-widget-text-editor\" data-id=\"2ec13793\" data-element_type=\"widget\" data-e-type=\"widget\" data-widget_type=\"text-editor.default\">\n\t\t\t\t<div class=\"elementor-widget-container\">\n\t\t\t\t\t\t\t\t\t<div class=\"flex-shrink-0 flex flex-col relative items-end\"><div><div class=\"pt-0\"><div class=\"gizmo-bot-avatar flex h-8 w-8 items-center justify-center overflow-hidden rounded-full\"><div class=\"relative p-1 rounded-sm flex items-center justify-center bg-token-main-surface-primary text-token-text-primary h-8 w-8\">For more information, contact us!<\/div><\/div><\/div><\/div><\/div>\t\t\t\t\t\t\t\t<\/div>\n\t\t\t\t<\/div>\n\t\t\t\t<div class=\"elementor-element elementor-element-4f6e807d elementor-align-center elementor-mobile-align-center elementor-icon-list--layout-traditional elementor-list-item-link-full_width elementor-widget elementor-widget-icon-list\" data-id=\"4f6e807d\" data-element_type=\"widget\" data-e-type=\"widget\" data-widget_type=\"icon-list.default\">\n\t\t\t\t<div class=\"elementor-widget-container\">\n\t\t\t\t\t\t\t<ul class=\"elementor-icon-list-items\">\n\t\t\t\t\t\t\t<li class=\"elementor-icon-list-item\">\n\t\t\t\t\t\t\t\t\t\t\t<a href=\"tel:+355695800001\" target=\"_blank\">\n\n\t\t\t\t\t\t\t\t\t\t\t\t<span class=\"elementor-icon-list-icon\">\n\t\t\t\t\t\t\t<i aria-hidden=\"true\" class=\"fas fa-phone-alt\"><\/i>\t\t\t\t\t\t<\/span>\n\t\t\t\t\t\t\t\t\t\t<span class=\"elementor-icon-list-text\">+355 69 580 0001<\/span>\n\t\t\t\t\t\t\t\t\t\t\t<\/a>\n\t\t\t\t\t\t\t\t\t<\/li>\n\t\t\t\t\t\t<\/ul>\n\t\t\t\t\t\t<\/div>\n\t\t\t\t<\/div>\n\t\t\t\t<div class=\"elementor-element elementor-element-545d41a5 elementor-shape-rounded elementor-grid-0 e-grid-align-center elementor-widget elementor-widget-social-icons\" data-id=\"545d41a5\" data-element_type=\"widget\" data-e-type=\"widget\" data-widget_type=\"social-icons.default\">\n\t\t\t\t<div class=\"elementor-widget-container\">\n\t\t\t\t\t\t\t<div class=\"elementor-social-icons-wrapper elementor-grid\" role=\"list\">\n\t\t\t\t\t\t\t<span class=\"elementor-grid-item\" role=\"listitem\">\n\t\t\t\t\t<a class=\"elementor-icon elementor-social-icon elementor-social-icon-instagram elementor-repeater-item-c1550e1\" href=\"https:\/\/www.instagram.com\/taxi_kamez_24h\" target=\"_blank\">\n\t\t\t\t\t\t<span class=\"elementor-screen-only\">Instagram<\/span>\n\t\t\t\t\t\t<i aria-hidden=\"true\" class=\"fab fa-instagram\"><\/i>\t\t\t\t\t<\/a>\n\t\t\t\t<\/span>\n\t\t\t\t\t\t\t<span class=\"elementor-grid-item\" role=\"listitem\">\n\t\t\t\t\t<a class=\"elementor-icon elementor-social-icon elementor-social-icon-facebook elementor-repeater-item-bd5b204\" href=\"https:\/\/facebook.com\/florin.kurmeka\" target=\"_blank\">\n\t\t\t\t\t\t<span class=\"elementor-screen-only\">Facebook<\/span>\n\t\t\t\t\t\t<i aria-hidden=\"true\" class=\"fab fa-facebook\"><\/i>\t\t\t\t\t<\/a>\n\t\t\t\t<\/span>\n\t\t\t\t\t\t\t<span class=\"elementor-grid-item\" role=\"listitem\">\n\t\t\t\t\t<a class=\"elementor-icon elementor-social-icon elementor-social-icon-map-marker-alt elementor-repeater-item-97edd62\" href=\"https:\/\/goo.gl\/maps\/teKFqSqoccJH4cRP8\" target=\"_blank\">\n\t\t\t\t\t\t<span class=\"elementor-screen-only\">Map-marker-alt<\/span>\n\t\t\t\t\t\t<i aria-hidden=\"true\" class=\"fas fa-map-marker-alt\"><\/i>\t\t\t\t\t<\/a>\n\t\t\t\t<\/span>\n\t\t\t\t\t<\/div>\n\t\t\t\t\t\t<\/div>\n\t\t\t\t<\/div>\n\t\t\t\t<div class=\"elementor-element elementor-element-21da1f69 elementor-align-right elementor-widget elementor-widget-post-info\" data-id=\"21da1f69\" data-element_type=\"widget\" data-e-type=\"widget\" data-widget_type=\"post-info.default\">\n\t\t\t\t<div class=\"elementor-widget-container\">\n\t\t\t\t\t\t\t<ul class=\"elementor-inline-items elementor-icon-list-items elementor-post-info\">\n\t\t\t\t\t\t\t\t<li class=\"elementor-icon-list-item elementor-repeater-item-b32d7d2 elementor-inline-item\" itemprop=\"about\">\n\t\t\t\t\t\t\t\t\t\t<span class=\"elementor-icon-list-icon\">\n\t\t\t\t\t\t\t\t<i aria-hidden=\"true\" class=\"fas fa-tags\"><\/i>\t\t\t\t\t\t\t<\/span>\n\t\t\t\t\t\t\t\t\t<span class=\"elementor-icon-list-text elementor-post-info__item elementor-post-info__item--type-terms\">\n\t\t\t\t\t\t\t<span class=\"elementor-post-info__item-prefix\">Category:<\/span>\n\t\t\t\t\t\t\t\t\t\t<span class=\"elementor-post-info__terms-list\">\n\t\t\t\t<a href=\"https:\/\/inalbania.al\/en\/category\/sherbim-taxi\/\" class=\"elementor-post-info__terms-list-item\">Sh\u00ebrbim Taxi<\/a>\t\t\t\t<\/span>\n\t\t\t\t\t<\/span>\n\t\t\t\t\t\t\t\t<\/li>\n\t\t\t\t<\/ul>\n\t\t\t\t\t\t<\/div>\n\t\t\t\t<\/div>\n\t\t\t\t<div class=\"elementor-element elementor-element-1dc5c9c2 elementor-widget-divider--separator-type-pattern elementor-widget-divider--view-line elementor-widget elementor-widget-divider\" data-id=\"1dc5c9c2\" data-element_type=\"widget\" data-e-type=\"widget\" data-widget_type=\"divider.default\">\n\t\t\t\t<div class=\"elementor-widget-container\">\n\t\t\t\t\t\t\t<div class=\"elementor-divider\" style=\"--divider-pattern-url: url(&quot;data:image\/svg+xml,%3Csvg xmlns=&#039;http:\/\/www.w3.org\/2000\/svg&#039; preserveAspectRatio=&#039;none&#039; overflow=&#039;visible&#039; height=&#039;100%&#039; viewBox=&#039;0 0 20 16&#039; fill=&#039;none&#039; stroke=&#039;black&#039; stroke-width=&#039;1&#039; stroke-linecap=&#039;square&#039; stroke-miterlimit=&#039;10&#039;%3E%3Cg transform=&#039;translate(-12.000000, 0)&#039;%3E%3Cpath d=&#039;M28,0L10,18&#039;\/%3E%3Cpath d=&#039;M18,0L0,18&#039;\/%3E%3Cpath d=&#039;M48,0L30,18&#039;\/%3E%3Cpath d=&#039;M38,0L20,18&#039;\/%3E%3C\/g%3E%3C\/svg%3E&quot;);\">\n\t\t\t<span class=\"elementor-divider-separator\">\n\t\t\t\t\t\t<\/span>\n\t\t<\/div>\n\t\t\t\t\t\t<\/div>\n\t\t\t\t<\/div>\n\t\t\t\t\t<\/div>\n\t\t<\/div>\n\t\t\t\t\t<\/div>\n\t\t<\/section>\n\t\t\t\t\t<\/div>\n\t\t<\/div>\n\t\t\t\t\t<\/div>\n\t\t<\/section>\n\t\t\t\t<\/div>","protected":false},"excerpt":{"rendered":"<p>Kam\u00ebz. Operojm\u00eb n\u00eb t\u00eb gjith\u00eb Shqip\u00ebrin\u00eb. Na Kontaktoni n\u00eb WhatsApp Taxi Flori ofron sh\u00ebrbim taksie 24 or\u00eb n\u00eb Kam\u00ebz dhe n\u00eb \u00e7do qytet t\u00eb Shqip\u00ebris\u00eb, duke siguruar nj\u00eb sh\u00ebrbim t\u00eb shpejt\u00eb, t\u00eb sigurt dhe me \u00e7mime t\u00eb arsyeshme. Ne kujdesemi p\u00ebr pasagjer\u00ebt tan\u00eb duke ofruar udh\u00ebtime t\u00eb rehatshme dhe pa shqet\u00ebsime, gjithmon\u00eb me fokus tek [&hellip;]<\/p>\n","protected":false},"author":1,"featured_media":88894,"parent":0,"menu_order":0,"comment_status":"closed","ping_status":"closed","template":"","meta":{"_joinchat":{"telephone":"+355695800001"},"footnotes":""},"categories":[99],"tags":[11505,11506,11507,76081,11508,11510,11511,11512,11513,11514,11515,11516,11517,76064,76070,76076,76088,76084,76086,76067,76075,11518,11519,11520,11521,11522,11523,11524,11525,11526,11527,11528,11530,11531,11532,76068,11533,11534,41314,11538,41315,41316,11539,11540,41317,11542,76074,11543,11544,11545,11546,11547,11548,43759,11549,11550,11551,11552,11553,76083,76089,76079,76087,76069,76082,76071,11554,11555,11556,11557,11559,11560,11561,11562,11563,11564,11565,11566,11567,41313,41318,41319,11571,11572,11573,11574,11575,11576,11577,11578,11579,11580,11581,11582,76065,11583,11584,11585,11586,76078,76066,76077,76073,76072,76080,76085],"class_list":["post-4157","page","type-page","status-publish","has-post-thumbnail","hentry","category-sherbim-taxi","tag-gjej-taksi","tag-kontakt-taksi","tag-merr-taksi","tag-rezervim-taksie-kamez","tag-sherbim-taksi-24-ore","tag-sherbim-taksi-24-ore-ne-kamez","tag-sherbim-taksi-24-ore-ne-shqiperi","tag-sherbim-taksi-24-ore-shqiperi","tag-sherbim-taksi-24h","tag-sherbim-taksi-kamez","tag-sherbim-taksi-ne-kamez","tag-sherbim-taksi-non-stop-ne-shqiperi","tag-sherbim-taksi-nonstop","tag-sherbim-taksie-24-ore-kamez","tag-sherbim-taksie-i-shpejte-kamez","tag-sherbim-taksie-i-shpejte-shqiperi","tag-sherbim-taksie-kudo-ne-shqiperi","tag-sherbim-taksie-per-udhetime-personale","tag-sherbim-taksie-profesional-kamez","tag-sherbim-taksie-shqiperi","tag-sherbim-taksie-te-besueshem","tag-sherbim-taxi-24-h-kamez","tag-sherbim-taxi-24-ore-kamez","tag-sherbim-taxi-24-ore-ne-kamez","tag-sherbim-taxi-24-ore-ne-shqiperi","tag-sherbim-taxi-24h-kamez","tag-sherbim-taxi-kamez","tag-sherbim-taxi-laknas","tag-sherbim-taxi-ne-bathore","tag-sherbim-taxi-ne-institut","tag-sherbim-taxi-ne-kamez","tag-taksi-24-ore","tag-taksi-24-ore-kamez","tag-taksi-24-ore-ne-kamez","tag-taksi-24-ore-ne-laknas","tag-taksi-24-ore-shqiperi","tag-taksi-24-ore-tirane","tag-taksi-24-24","tag-taksi-altini-kamez","tag-taksi-ekspres-ne-shqiperi","tag-taksi-florini","tag-taksi-florini-kamez","tag-taksi-kamez","tag-taksi-kamez-24-ore","tag-taksi-kamez-24-ore-taxi-florini-kamez","tag-taksi-kamez-24h","tag-taksi-me-cmim-te-arsyeshem-kamez","tag-taksi-ne-institut","tag-taksi-ne-kamez","tag-taksi-ne-kamez-afrimi","tag-taksi-ne-klos","tag-taksi-ne-kufi","tag-taksi-ne-laknas","tag-taksi-ne-shqiperi","tag-taksi-ne-tirane","tag-taksi-ne-zall-herr","tag-taksi-near-me-in-kamez","tag-taksi-near-me-in-kamez-albania","tag-taksi-nonstop-ne-shqiperi","tag-taksi-per-fluturime-rinas","tag-taksi-per-grupe-kamez","tag-taksi-per-ngjarje-speciale","tag-taksi-per-pune-kamez","tag-taksi-per-qytete-te-shqiperise","tag-taksi-per-transferime","tag-taksi-te-reja-kamez","tag-taksi-tek-treshi","tag-taxi-24-h-kamez","tag-taxi-24-h-ne-kamez","tag-taxi-24-ore","tag-taxi-24-ore-kamez","tag-taxi-24-ore-ne-bathore","tag-taxi-24-ore-ne-institut","tag-taxi-24-ore-ne-kamez","tag-taxi-24-ore-ne-rinas","tag-taxi-24-ore-ne-zall-herr","tag-taxi-24-ore-tirane","tag-taxi-24h","tag-taxi-24h-ne-kamez","tag-taxi-airport","tag-taxi-florini","tag-taxi-florini-kamez","tag-taxi-institut","tag-taxi-kamez","tag-taxi-kamez-24-ore","tag-taxi-kamez-24h","tag-taxi-ne-bathore","tag-taxi-ne-kamez","tag-taxi-ne-kamez-taksi-24-ore-ne-kamez","tag-taxi-ne-kamez-taksi-24-ore-ne-kamez-taxi-24-h-kamez","tag-taxi-ne-laknas","tag-taxi-ne-rinas","tag-taxi-near-me-in-kamez","tag-taxi-near-me-in-kamez-albania","tag-taxi-per-ne-kamez","tag-taxi-service-in-albania","tag-taxi-service-in-kamza","tag-taxi-service-in-kamza-albania","tag-taxi-sevice-in-kamez-albania","tag-transport-i-sigurt-kamez","tag-transport-kamez","tag-udhetim-pa-shqetesime-kamez","tag-udhetim-te-rehatshem-kamez","tag-udhetim-te-sigurt-kamez","tag-udhetime-te-shpejta-kamez","tag-udhetime-te-sigurt-dhe-te-rehatshme-kamez"],"aioseo_notices":[],"_links":{"self":[{"href":"https:\/\/inalbania.al\/en\/wp-json\/wp\/v2\/pages\/4157","targetHints":{"allow":["GET"]}}],"collection":[{"href":"https:\/\/inalbania.al\/en\/wp-json\/wp\/v2\/pages"}],"about":[{"href":"https:\/\/inalbania.al\/en\/wp-json\/wp\/v2\/types\/page"}],"author":[{"embeddable":true,"href":"https:\/\/inalbania.al\/en\/wp-json\/wp\/v2\/users\/1"}],"replies":[{"embeddable":true,"href":"https:\/\/inalbania.al\/en\/wp-json\/wp\/v2\/comments?post=4157"}],"version-history":[{"count":0,"href":"https:\/\/inalbania.al\/en\/wp-json\/wp\/v2\/pages\/4157\/revisions"}],"wp:featuredmedia":[{"embeddable":true,"href":"https:\/\/inalbania.al\/en\/wp-json\/wp\/v2\/media\/88894"}],"wp:attachment":[{"href":"https:\/\/inalbania.al\/en\/wp-json\/wp\/v2\/media?parent=4157"}],"wp:term":[{"taxonomy":"category","embeddable":true,"href":"https:\/\/inalbania.al\/en\/wp-json\/wp\/v2\/categories?post=4157"},{"taxonomy":"post_tag","embeddable":true,"href":"https:\/\/inalbania.al\/en\/wp-json\/wp\/v2\/tags?post=4157"}],"curies":[{"name":"wp","href":"https:\/\/api.w.org\/{rel}","templated":true}]}}