{"id":4474,"date":"2023-04-29T10:36:46","date_gmt":"2023-04-29T10:36:46","guid":{"rendered":"https:\/\/inalbania.al\/?page_id=4474"},"modified":"2025-01-12T19:43:01","modified_gmt":"2025-01-12T19:43:01","slug":"elektronike","status":"publish","type":"page","link":"https:\/\/inalbania.al\/en\/elektronike\/","title":{"rendered":"ELECTRONICS"},"content":{"rendered":"<div data-elementor-type=\"wp-page\" data-elementor-id=\"4474\" class=\"elementor elementor-4474\" data-elementor-post-type=\"page\">\n\t\t\t\t\t\t<section class=\"elementor-section elementor-top-section elementor-element elementor-element-75ab582 elementor-section-boxed elementor-section-height-default elementor-section-height-default\" data-id=\"75ab582\" data-element_type=\"section\" data-e-type=\"section\">\n\t\t\t\t\t\t<div class=\"elementor-container elementor-column-gap-default\">\n\t\t\t\t\t<div class=\"elementor-column elementor-col-100 elementor-top-column elementor-element elementor-element-a5eada8\" data-id=\"a5eada8\" data-element_type=\"column\" data-e-type=\"column\">\n\t\t\t<div class=\"elementor-widget-wrap elementor-element-populated\">\n\t\t\t\t\t\t\t<\/div>\n\t\t<\/div>\n\t\t\t\t\t<\/div>\n\t\t<\/section>\n\t\t\t\t<section class=\"elementor-section elementor-top-section elementor-element elementor-element-4e66449b elementor-section-stretched elementor-section-boxed elementor-section-height-default elementor-section-height-default\" data-id=\"4e66449b\" data-element_type=\"section\" data-e-type=\"section\" data-settings=\"{&quot;stretch_section&quot;:&quot;section-stretched&quot;}\">\n\t\t\t\t\t\t<div class=\"elementor-container elementor-column-gap-default\">\n\t\t\t\t\t<div class=\"elementor-column elementor-col-16 elementor-top-column elementor-element elementor-element-44675d37\" data-id=\"44675d37\" data-element_type=\"column\" data-e-type=\"column\" data-settings=\"{&quot;animation&quot;:&quot;none&quot;}\">\n\t\t\t<div class=\"elementor-widget-wrap elementor-element-populated\">\n\t\t\t\t\t\t<div class=\"elementor-element elementor-element-180e27c elementor-widget elementor-widget-image\" data-id=\"180e27c\" data-element_type=\"widget\" data-e-type=\"widget\" data-widget_type=\"image.default\">\n\t\t\t\t<div class=\"elementor-widget-container\">\n\t\t\t\t\t\t\t\t\t\t\t\t\t\t\t\t<a href=\"https:\/\/inalbania.al\/en\/category\/elektroshtepiake-elektrike\/\" target=\"_blank\">\n\t\t\t\t\t\t\t<img fetchpriority=\"high\" decoding=\"async\" width=\"388\" height=\"240\" src=\"https:\/\/inalbania.al\/wp-content\/uploads\/2023\/04\/Elektroshtepiake.webp\" class=\"attachment-large size-large wp-image-4489\" alt=\"\" srcset=\"https:\/\/inalbania.al\/wp-content\/uploads\/2023\/04\/Elektroshtepiake.webp 388w, https:\/\/inalbania.al\/wp-content\/uploads\/2023\/04\/Elektroshtepiake-300x186.webp 300w, https:\/\/inalbania.al\/wp-content\/uploads\/2023\/04\/Elektroshtepiake-18x12.webp 18w, https:\/\/inalbania.al\/wp-content\/uploads\/2023\/04\/Elektroshtepiake-350x216.webp 350w\" sizes=\"(max-width: 388px) 100vw, 388px\" \/>\t\t\t\t\t\t\t\t<\/a>\n\t\t\t\t\t\t\t\t\t\t\t\t\t\t\t<\/div>\n\t\t\t\t<\/div>\n\t\t\t\t<div class=\"elementor-element elementor-element-05c6cef elementor-align-center elementor-widget elementor-widget-button\" data-id=\"05c6cef\" data-element_type=\"widget\" data-e-type=\"widget\" data-widget_type=\"button.default\">\n\t\t\t\t<div class=\"elementor-widget-container\">\n\t\t\t\t\t\t\t\t\t<div class=\"elementor-button-wrapper\">\n\t\t\t\t\t<a class=\"elementor-button elementor-button-link elementor-size-sm\" href=\"https:\/\/inalbania.al\/en\/category\/elektroshtepiake-elektrike\/\" target=\"_blank\">\n\t\t\t\t\t\t<span class=\"elementor-button-content-wrapper\">\n\t\t\t\t\t\t\t\t\t<span class=\"elementor-button-text\">Elektrosht\u00ebpiake<\/span>\n\t\t\t\t\t<\/span>\n\t\t\t\t\t<\/a>\n\t\t\t\t<\/div>\n\t\t\t\t\t\t\t\t<\/div>\n\t\t\t\t<\/div>\n\t\t\t\t\t<\/div>\n\t\t<\/div>\n\t\t\t\t<div class=\"elementor-column elementor-col-16 elementor-top-column elementor-element elementor-element-59627e58\" data-id=\"59627e58\" data-element_type=\"column\" data-e-type=\"column\">\n\t\t\t<div class=\"elementor-widget-wrap elementor-element-populated\">\n\t\t\t\t\t\t<div class=\"elementor-element elementor-element-faa38ea elementor-widget elementor-widget-image\" data-id=\"faa38ea\" data-element_type=\"widget\" data-e-type=\"widget\" data-widget_type=\"image.default\">\n\t\t\t\t<div class=\"elementor-widget-container\">\n\t\t\t\t\t\t\t\t\t\t\t\t\t\t\t\t<a href=\"https:\/\/inalbania.al\/en\/category\/elektroshtepiake-elektrike\/\" target=\"_blank\">\n\t\t\t\t\t\t\t<img decoding=\"async\" width=\"388\" height=\"240\" src=\"https:\/\/inalbania.al\/wp-content\/uploads\/2023\/04\/Elektrike.webp\" class=\"attachment-large size-large wp-image-4491\" alt=\"\" srcset=\"https:\/\/inalbania.al\/wp-content\/uploads\/2023\/04\/Elektrike.webp 388w, https:\/\/inalbania.al\/wp-content\/uploads\/2023\/04\/Elektrike-300x186.webp 300w, https:\/\/inalbania.al\/wp-content\/uploads\/2023\/04\/Elektrike-18x12.webp 18w, https:\/\/inalbania.al\/wp-content\/uploads\/2023\/04\/Elektrike-350x216.webp 350w\" sizes=\"(max-width: 388px) 100vw, 388px\" \/>\t\t\t\t\t\t\t\t<\/a>\n\t\t\t\t\t\t\t\t\t\t\t\t\t\t\t<\/div>\n\t\t\t\t<\/div>\n\t\t\t\t<div class=\"elementor-element elementor-element-618f72ed elementor-align-center elementor-widget elementor-widget-button\" data-id=\"618f72ed\" data-element_type=\"widget\" data-e-type=\"widget\" data-widget_type=\"button.default\">\n\t\t\t\t<div class=\"elementor-widget-container\">\n\t\t\t\t\t\t\t\t\t<div class=\"elementor-button-wrapper\">\n\t\t\t\t\t<a class=\"elementor-button elementor-button-link elementor-size-sm\" href=\"https:\/\/inalbania.al\/en\/category\/elektroshtepiake-elektrike\/\" target=\"_blank\">\n\t\t\t\t\t\t<span class=\"elementor-button-content-wrapper\">\n\t\t\t\t\t\t\t\t\t<span class=\"elementor-button-text\">Elektrike<\/span>\n\t\t\t\t\t<\/span>\n\t\t\t\t\t<\/a>\n\t\t\t\t<\/div>\n\t\t\t\t\t\t\t\t<\/div>\n\t\t\t\t<\/div>\n\t\t\t\t\t<\/div>\n\t\t<\/div>\n\t\t\t\t<div class=\"elementor-column elementor-col-16 elementor-top-column elementor-element elementor-element-3645944a\" data-id=\"3645944a\" data-element_type=\"column\" data-e-type=\"column\">\n\t\t\t<div class=\"elementor-widget-wrap elementor-element-populated\">\n\t\t\t\t\t\t<div class=\"elementor-element elementor-element-b0926 elementor-widget elementor-widget-image\" data-id=\"b0926\" data-element_type=\"widget\" data-e-type=\"widget\" data-widget_type=\"image.default\">\n\t\t\t\t<div class=\"elementor-widget-container\">\n\t\t\t\t\t\t\t\t\t\t\t\t\t\t\t\t<a href=\"https:\/\/inalbania.al\/en\/category\/elektronike-aksesore\/\" target=\"_blank\">\n\t\t\t\t\t\t\t<img decoding=\"async\" width=\"388\" height=\"240\" src=\"https:\/\/inalbania.al\/wp-content\/uploads\/2023\/04\/Aksesore-Elektronik.webp\" class=\"attachment-large size-large wp-image-4495\" alt=\"\" srcset=\"https:\/\/inalbania.al\/wp-content\/uploads\/2023\/04\/Aksesore-Elektronik.webp 388w, https:\/\/inalbania.al\/wp-content\/uploads\/2023\/04\/Aksesore-Elektronik-300x186.webp 300w, https:\/\/inalbania.al\/wp-content\/uploads\/2023\/04\/Aksesore-Elektronik-18x12.webp 18w, https:\/\/inalbania.al\/wp-content\/uploads\/2023\/04\/Aksesore-Elektronik-350x216.webp 350w\" sizes=\"(max-width: 388px) 100vw, 388px\" \/>\t\t\t\t\t\t\t\t<\/a>\n\t\t\t\t\t\t\t\t\t\t\t\t\t\t\t<\/div>\n\t\t\t\t<\/div>\n\t\t\t\t<div class=\"elementor-element elementor-element-43212938 elementor-align-center elementor-widget elementor-widget-button\" data-id=\"43212938\" data-element_type=\"widget\" data-e-type=\"widget\" data-widget_type=\"button.default\">\n\t\t\t\t<div class=\"elementor-widget-container\">\n\t\t\t\t\t\t\t\t\t<div class=\"elementor-button-wrapper\">\n\t\t\t\t\t<a class=\"elementor-button elementor-button-link elementor-size-sm\" href=\"https:\/\/inalbania.al\/en\/category\/elektronike-aksesore\/\" target=\"_blank\">\n\t\t\t\t\t\t<span class=\"elementor-button-content-wrapper\">\n\t\t\t\t\t\t\t\t\t<span class=\"elementor-button-text\">Aksesor\u00eb Elektronik<\/span>\n\t\t\t\t\t<\/span>\n\t\t\t\t\t<\/a>\n\t\t\t\t<\/div>\n\t\t\t\t\t\t\t\t<\/div>\n\t\t\t\t<\/div>\n\t\t\t\t\t<\/div>\n\t\t<\/div>\n\t\t\t\t<div class=\"elementor-column elementor-col-16 elementor-top-column elementor-element elementor-element-1ce5ab5f\" data-id=\"1ce5ab5f\" data-element_type=\"column\" data-e-type=\"column\">\n\t\t\t<div class=\"elementor-widget-wrap elementor-element-populated\">\n\t\t\t\t\t\t<div class=\"elementor-element elementor-element-d75277c elementor-widget elementor-widget-image\" data-id=\"d75277c\" data-element_type=\"widget\" data-e-type=\"widget\" data-widget_type=\"image.default\">\n\t\t\t\t<div class=\"elementor-widget-container\">\n\t\t\t\t\t\t\t\t\t\t\t\t\t\t\t\t<a href=\"https:\/\/inalbania.al\/en\/category\/servis-elektronik\/\" target=\"_blank\">\n\t\t\t\t\t\t\t<img loading=\"lazy\" decoding=\"async\" width=\"388\" height=\"240\" src=\"https:\/\/inalbania.al\/wp-content\/uploads\/2023\/04\/Servis-Elektronik.webp\" class=\"attachment-large size-large wp-image-4499\" alt=\"\" srcset=\"https:\/\/inalbania.al\/wp-content\/uploads\/2023\/04\/Servis-Elektronik.webp 388w, https:\/\/inalbania.al\/wp-content\/uploads\/2023\/04\/Servis-Elektronik-300x186.webp 300w, https:\/\/inalbania.al\/wp-content\/uploads\/2023\/04\/Servis-Elektronik-18x12.webp 18w, https:\/\/inalbania.al\/wp-content\/uploads\/2023\/04\/Servis-Elektronik-350x216.webp 350w\" sizes=\"(max-width: 388px) 100vw, 388px\" \/>\t\t\t\t\t\t\t\t<\/a>\n\t\t\t\t\t\t\t\t\t\t\t\t\t\t\t<\/div>\n\t\t\t\t<\/div>\n\t\t\t\t<div class=\"elementor-element elementor-element-647ac39e elementor-align-center elementor-widget elementor-widget-button\" data-id=\"647ac39e\" data-element_type=\"widget\" data-e-type=\"widget\" data-widget_type=\"button.default\">\n\t\t\t\t<div class=\"elementor-widget-container\">\n\t\t\t\t\t\t\t\t\t<div class=\"elementor-button-wrapper\">\n\t\t\t\t\t<a class=\"elementor-button elementor-button-link elementor-size-sm\" href=\"https:\/\/inalbania.al\/en\/category\/servis-elektronik\/\" target=\"_blank\">\n\t\t\t\t\t\t<span class=\"elementor-button-content-wrapper\">\n\t\t\t\t\t\t\t\t\t<span class=\"elementor-button-text\">Servis Elektronik<\/span>\n\t\t\t\t\t<\/span>\n\t\t\t\t\t<\/a>\n\t\t\t\t<\/div>\n\t\t\t\t\t\t\t\t<\/div>\n\t\t\t\t<\/div>\n\t\t\t\t\t<\/div>\n\t\t<\/div>\n\t\t\t\t<div class=\"elementor-column elementor-col-16 elementor-top-column elementor-element elementor-element-ce9f7a7\" data-id=\"ce9f7a7\" data-element_type=\"column\" data-e-type=\"column\">\n\t\t\t<div class=\"elementor-widget-wrap elementor-element-populated\">\n\t\t\t\t\t\t<div class=\"elementor-element elementor-element-7a3c930 elementor-widget elementor-widget-image\" data-id=\"7a3c930\" data-element_type=\"widget\" data-e-type=\"widget\" data-widget_type=\"image.default\">\n\t\t\t\t<div class=\"elementor-widget-container\">\n\t\t\t\t\t\t\t\t\t\t\t\t\t\t\t\t<a href=\"https:\/\/inalbania.al\/en\/category\/kancelari-office\/\" target=\"_blank\">\n\t\t\t\t\t\t\t<img loading=\"lazy\" decoding=\"async\" width=\"388\" height=\"240\" src=\"https:\/\/inalbania.al\/wp-content\/uploads\/2023\/04\/Kancelari-Office.webp\" class=\"attachment-large size-large wp-image-4503\" alt=\"\" srcset=\"https:\/\/inalbania.al\/wp-content\/uploads\/2023\/04\/Kancelari-Office.webp 388w, https:\/\/inalbania.al\/wp-content\/uploads\/2023\/04\/Kancelari-Office-300x186.webp 300w, https:\/\/inalbania.al\/wp-content\/uploads\/2023\/04\/Kancelari-Office-18x12.webp 18w, https:\/\/inalbania.al\/wp-content\/uploads\/2023\/04\/Kancelari-Office-350x216.webp 350w\" sizes=\"(max-width: 388px) 100vw, 388px\" \/>\t\t\t\t\t\t\t\t<\/a>\n\t\t\t\t\t\t\t\t\t\t\t\t\t\t\t<\/div>\n\t\t\t\t<\/div>\n\t\t\t\t<div class=\"elementor-element elementor-element-ce4938f elementor-align-center elementor-widget elementor-widget-button\" data-id=\"ce4938f\" data-element_type=\"widget\" data-e-type=\"widget\" data-widget_type=\"button.default\">\n\t\t\t\t<div class=\"elementor-widget-container\">\n\t\t\t\t\t\t\t\t\t<div class=\"elementor-button-wrapper\">\n\t\t\t\t\t<a class=\"elementor-button elementor-button-link elementor-size-sm\" href=\"https:\/\/inalbania.al\/en\/category\/kancelari-office\/\" target=\"_blank\">\n\t\t\t\t\t\t<span class=\"elementor-button-content-wrapper\">\n\t\t\t\t\t\t\t\t\t<span class=\"elementor-button-text\">Kancelari<\/span>\n\t\t\t\t\t<\/span>\n\t\t\t\t\t<\/a>\n\t\t\t\t<\/div>\n\t\t\t\t\t\t\t\t<\/div>\n\t\t\t\t<\/div>\n\t\t\t\t\t<\/div>\n\t\t<\/div>\n\t\t\t\t<div class=\"elementor-column elementor-col-16 elementor-top-column elementor-element elementor-element-6a75916\" data-id=\"6a75916\" data-element_type=\"column\" data-e-type=\"column\">\n\t\t\t<div class=\"elementor-widget-wrap elementor-element-populated\">\n\t\t\t\t\t\t<div class=\"elementor-element elementor-element-6ae7a8e elementor-widget elementor-widget-image\" data-id=\"6ae7a8e\" data-element_type=\"widget\" data-e-type=\"widget\" data-widget_type=\"image.default\">\n\t\t\t\t<div class=\"elementor-widget-container\">\n\t\t\t\t\t\t\t\t\t\t\t\t\t\t\t\t<a href=\"https:\/\/inalbania.al\/en\/category\/servis-televizoresh\/\" target=\"_blank\">\n\t\t\t\t\t\t\t<img loading=\"lazy\" decoding=\"async\" width=\"388\" height=\"240\" src=\"https:\/\/inalbania.al\/wp-content\/uploads\/2023\/04\/Servis-Shitje-TV.webp\" class=\"attachment-large size-large wp-image-4509\" alt=\"\" srcset=\"https:\/\/inalbania.al\/wp-content\/uploads\/2023\/04\/Servis-Shitje-TV.webp 388w, https:\/\/inalbania.al\/wp-content\/uploads\/2023\/04\/Servis-Shitje-TV-300x186.webp 300w, https:\/\/inalbania.al\/wp-content\/uploads\/2023\/04\/Servis-Shitje-TV-18x12.webp 18w, https:\/\/inalbania.al\/wp-content\/uploads\/2023\/04\/Servis-Shitje-TV-350x216.webp 350w\" sizes=\"(max-width: 388px) 100vw, 388px\" \/>\t\t\t\t\t\t\t\t<\/a>\n\t\t\t\t\t\t\t\t\t\t\t\t\t\t\t<\/div>\n\t\t\t\t<\/div>\n\t\t\t\t<div class=\"elementor-element elementor-element-510b24a elementor-align-center elementor-widget elementor-widget-button\" data-id=\"510b24a\" data-element_type=\"widget\" data-e-type=\"widget\" data-widget_type=\"button.default\">\n\t\t\t\t<div class=\"elementor-widget-container\">\n\t\t\t\t\t\t\t\t\t<div class=\"elementor-button-wrapper\">\n\t\t\t\t\t<a class=\"elementor-button elementor-button-link elementor-size-sm\" href=\"https:\/\/inalbania.al\/en\/category\/servis-televizoresh\/\" target=\"_blank\">\n\t\t\t\t\t\t<span class=\"elementor-button-content-wrapper\">\n\t\t\t\t\t\t\t\t\t<span class=\"elementor-button-text\">TV Service &amp; Shop<\/span>\n\t\t\t\t\t<\/span>\n\t\t\t\t\t<\/a>\n\t\t\t\t<\/div>\n\t\t\t\t\t\t\t\t<\/div>\n\t\t\t\t<\/div>\n\t\t\t\t\t<\/div>\n\t\t<\/div>\n\t\t\t\t\t<\/div>\n\t\t<\/section>\n\t\t\t\t<section class=\"elementor-section elementor-top-section elementor-element elementor-element-a16c910 elementor-section-stretched elementor-section-boxed elementor-section-height-default elementor-section-height-default\" data-id=\"a16c910\" data-element_type=\"section\" data-e-type=\"section\" data-settings=\"{&quot;stretch_section&quot;:&quot;section-stretched&quot;}\">\n\t\t\t\t\t\t<div class=\"elementor-container elementor-column-gap-default\">\n\t\t\t\t\t<div class=\"elementor-column elementor-col-16 elementor-top-column elementor-element elementor-element-f96b651\" data-id=\"f96b651\" data-element_type=\"column\" data-e-type=\"column\">\n\t\t\t<div class=\"elementor-widget-wrap elementor-element-populated\">\n\t\t\t\t\t\t<div class=\"elementor-element elementor-element-aa51542 elementor-widget elementor-widget-image\" data-id=\"aa51542\" data-element_type=\"widget\" data-e-type=\"widget\" data-widget_type=\"image.default\">\n\t\t\t\t<div class=\"elementor-widget-container\">\n\t\t\t\t\t\t\t\t\t\t\t\t\t\t\t\t<a href=\"https:\/\/inalbania.al\/en\/category\/bojra\/\" target=\"_blank\">\n\t\t\t\t\t\t\t<img loading=\"lazy\" decoding=\"async\" width=\"388\" height=\"240\" src=\"https:\/\/inalbania.al\/wp-content\/uploads\/2023\/04\/Bojra-Servis-Printeri.webp\" class=\"attachment-large size-large wp-image-4505\" alt=\"\" srcset=\"https:\/\/inalbania.al\/wp-content\/uploads\/2023\/04\/Bojra-Servis-Printeri.webp 388w, https:\/\/inalbania.al\/wp-content\/uploads\/2023\/04\/Bojra-Servis-Printeri-300x186.webp 300w, https:\/\/inalbania.al\/wp-content\/uploads\/2023\/04\/Bojra-Servis-Printeri-18x12.webp 18w, https:\/\/inalbania.al\/wp-content\/uploads\/2023\/04\/Bojra-Servis-Printeri-350x216.webp 350w\" sizes=\"(max-width: 388px) 100vw, 388px\" \/>\t\t\t\t\t\t\t\t<\/a>\n\t\t\t\t\t\t\t\t\t\t\t\t\t\t\t<\/div>\n\t\t\t\t<\/div>\n\t\t\t\t<div class=\"elementor-element elementor-element-73bd004 elementor-align-center elementor-widget elementor-widget-button\" data-id=\"73bd004\" data-element_type=\"widget\" data-e-type=\"widget\" data-widget_type=\"button.default\">\n\t\t\t\t<div class=\"elementor-widget-container\">\n\t\t\t\t\t\t\t\t\t<div class=\"elementor-button-wrapper\">\n\t\t\t\t\t<a class=\"elementor-button elementor-button-link elementor-size-sm\" href=\"https:\/\/inalbania.al\/en\/category\/bojra\/\" target=\"_blank\">\n\t\t\t\t\t\t<span class=\"elementor-button-content-wrapper\">\n\t\t\t\t\t\t\t\t\t<span class=\"elementor-button-text\">Boj\u00ebra Printeri<\/span>\n\t\t\t\t\t<\/span>\n\t\t\t\t\t<\/a>\n\t\t\t\t<\/div>\n\t\t\t\t\t\t\t\t<\/div>\n\t\t\t\t<\/div>\n\t\t\t\t\t<\/div>\n\t\t<\/div>\n\t\t\t\t<div class=\"elementor-column elementor-col-16 elementor-top-column elementor-element elementor-element-0b7429e\" data-id=\"0b7429e\" data-element_type=\"column\" data-e-type=\"column\">\n\t\t\t<div class=\"elementor-widget-wrap\">\n\t\t\t\t\t\t\t<\/div>\n\t\t<\/div>\n\t\t\t\t<div class=\"elementor-column elementor-col-16 elementor-top-column elementor-element elementor-element-9a24a15\" data-id=\"9a24a15\" data-element_type=\"column\" data-e-type=\"column\">\n\t\t\t<div class=\"elementor-widget-wrap\">\n\t\t\t\t\t\t\t<\/div>\n\t\t<\/div>\n\t\t\t\t<div class=\"elementor-column elementor-col-16 elementor-top-column elementor-element elementor-element-523dbc1\" data-id=\"523dbc1\" data-element_type=\"column\" data-e-type=\"column\">\n\t\t\t<div class=\"elementor-widget-wrap\">\n\t\t\t\t\t\t\t<\/div>\n\t\t<\/div>\n\t\t\t\t<div class=\"elementor-column elementor-col-16 elementor-top-column elementor-element elementor-element-da6df70\" data-id=\"da6df70\" data-element_type=\"column\" data-e-type=\"column\">\n\t\t\t<div class=\"elementor-widget-wrap\">\n\t\t\t\t\t\t\t<\/div>\n\t\t<\/div>\n\t\t\t\t<div class=\"elementor-column elementor-col-16 elementor-top-column elementor-element elementor-element-5307fff\" data-id=\"5307fff\" data-element_type=\"column\" data-e-type=\"column\">\n\t\t\t<div class=\"elementor-widget-wrap\">\n\t\t\t\t\t\t\t<\/div>\n\t\t<\/div>\n\t\t\t\t\t<\/div>\n\t\t<\/section>\n\t\t\t\t<\/div>","protected":false},"excerpt":{"rendered":"<p>Elektrosht\u00ebpiake Elektrike Aksesor\u00eb Elektronik Servis Elektronik Kancelari TV Service &amp; Shop Boj\u00ebra Printeri<\/p>","protected":false},"author":1,"featured_media":0,"parent":0,"menu_order":0,"comment_status":"closed","ping_status":"closed","template":"","meta":{"_joinchat":[],"footnotes":""},"categories":[],"tags":[],"class_list":["post-4474","page","type-page","status-publish","hentry"],"aioseo_notices":[],"_links":{"self":[{"href":"https:\/\/inalbania.al\/en\/wp-json\/wp\/v2\/pages\/4474","targetHints":{"allow":["GET"]}}],"collection":[{"href":"https:\/\/inalbania.al\/en\/wp-json\/wp\/v2\/pages"}],"about":[{"href":"https:\/\/inalbania.al\/en\/wp-json\/wp\/v2\/types\/page"}],"author":[{"embeddable":true,"href":"https:\/\/inalbania.al\/en\/wp-json\/wp\/v2\/users\/1"}],"replies":[{"embeddable":true,"href":"https:\/\/inalbania.al\/en\/wp-json\/wp\/v2\/comments?post=4474"}],"version-history":[{"count":0,"href":"https:\/\/inalbania.al\/en\/wp-json\/wp\/v2\/pages\/4474\/revisions"}],"wp:attachment":[{"href":"https:\/\/inalbania.al\/en\/wp-json\/wp\/v2\/media?parent=4474"}],"wp:term":[{"taxonomy":"category","embeddable":true,"href":"https:\/\/inalbania.al\/en\/wp-json\/wp\/v2\/categories?post=4474"},{"taxonomy":"post_tag","embeddable":true,"href":"https:\/\/inalbania.al\/en\/wp-json\/wp\/v2\/tags?post=4474"}],"curies":[{"name":"wp","href":"https:\/\/api.w.org\/{rel}","templated":true}]}}