{"id":86503,"date":"2023-06-08T11:31:30","date_gmt":"2023-06-08T11:31:30","guid":{"rendered":"https:\/\/inalbania.al\/?page_id=86503"},"modified":"2025-01-20T15:36:38","modified_gmt":"2025-01-20T15:36:38","slug":"pantheon-recruitment-albania","status":"publish","type":"page","link":"https:\/\/inalbania.al\/en\/pantheon-recruitment-albania\/","title":{"rendered":"P4NTHEON RECRUITMENT"},"content":{"rendered":"<div data-elementor-type=\"wp-page\" data-elementor-id=\"86503\" class=\"elementor elementor-86503\" data-elementor-post-type=\"page\">\n\t\t\t\t\t\t<section class=\"elementor-section elementor-top-section elementor-element elementor-element-6688d72d elementor-section-stretched elementor-section-boxed elementor-section-height-default elementor-section-height-default\" data-id=\"6688d72d\" data-element_type=\"section\" data-e-type=\"section\" data-settings=\"{&quot;stretch_section&quot;:&quot;section-stretched&quot;}\">\n\t\t\t\t\t\t<div class=\"elementor-container elementor-column-gap-default\">\n\t\t\t\t\t<div class=\"elementor-column elementor-col-100 elementor-top-column elementor-element elementor-element-70f5f8a2\" data-id=\"70f5f8a2\" data-element_type=\"column\" data-e-type=\"column\">\n\t\t\t<div class=\"elementor-widget-wrap elementor-element-populated\">\n\t\t\t\t\t\t<section class=\"elementor-section elementor-inner-section elementor-element elementor-element-4faf7618 elementor-section-boxed elementor-section-height-default elementor-section-height-default\" data-id=\"4faf7618\" data-element_type=\"section\" data-e-type=\"section\" data-settings=\"{&quot;background_background&quot;:&quot;classic&quot;}\">\n\t\t\t\t\t\t<div class=\"elementor-container elementor-column-gap-default\">\n\t\t\t\t\t<div class=\"elementor-column elementor-col-33 elementor-inner-column elementor-element elementor-element-5e99cb81\" data-id=\"5e99cb81\" data-element_type=\"column\" data-e-type=\"column\">\n\t\t\t<div class=\"elementor-widget-wrap elementor-element-populated\">\n\t\t\t\t\t\t<div class=\"elementor-element elementor-element-453b69af elementor-widget elementor-widget-theme-post-featured-image elementor-widget-image\" data-id=\"453b69af\" data-element_type=\"widget\" data-e-type=\"widget\" data-widget_type=\"theme-post-featured-image.default\">\n\t\t\t\t<div class=\"elementor-widget-container\">\n\t\t\t\t\t\t\t\t\t\t\t\t\t\t\t<img fetchpriority=\"high\" decoding=\"async\" width=\"600\" height=\"450\" src=\"https:\/\/inalbania.al\/wp-content\/uploads\/2024\/10\/1000454452.jpg\" class=\"attachment-ireca_m size-ireca_m wp-image-104353\" alt=\"\" srcset=\"https:\/\/inalbania.al\/wp-content\/uploads\/2024\/10\/1000454452.jpg 600w, https:\/\/inalbania.al\/wp-content\/uploads\/2024\/10\/1000454452-300x225.jpg 300w, https:\/\/inalbania.al\/wp-content\/uploads\/2024\/10\/1000454452-16x12.jpg 16w, https:\/\/inalbania.al\/wp-content\/uploads\/2024\/10\/1000454452-350x263.jpg 350w\" sizes=\"(max-width: 600px) 100vw, 600px\" \/>\t\t\t\t\t\t\t\t\t\t\t\t\t\t\t<\/div>\n\t\t\t\t<\/div>\n\t\t\t\t\t<\/div>\n\t\t<\/div>\n\t\t\t\t<div class=\"elementor-column elementor-col-33 elementor-inner-column elementor-element elementor-element-1defce7e\" data-id=\"1defce7e\" data-element_type=\"column\" data-e-type=\"column\">\n\t\t\t<div class=\"elementor-widget-wrap elementor-element-populated\">\n\t\t\t\t\t\t<div class=\"elementor-element elementor-element-11bbc9be elementor-align-center elementor-mobile-align-center elementor-icon-list--layout-inline elementor-list-item-link-full_width elementor-widget elementor-widget-icon-list\" data-id=\"11bbc9be\" data-element_type=\"widget\" data-e-type=\"widget\" data-widget_type=\"icon-list.default\">\n\t\t\t\t<div class=\"elementor-widget-container\">\n\t\t\t\t\t\t\t<ul class=\"elementor-icon-list-items elementor-inline-items\">\n\t\t\t\t\t\t\t<li class=\"elementor-icon-list-item elementor-inline-item\">\n\t\t\t\t\t\t\t\t\t\t\t<span class=\"elementor-icon-list-icon\">\n\t\t\t\t\t\t\t<i aria-hidden=\"true\" class=\"fas fa-map-marker-alt\"><\/i>\t\t\t\t\t\t<\/span>\n\t\t\t\t\t\t\t\t\t\t<span class=\"elementor-icon-list-text\">Rruga Sami Frash\u00ebri, Tiran\u00eb.<\/span>\n\t\t\t\t\t\t\t\t\t<\/li>\n\t\t\t\t\t\t<\/ul>\n\t\t\t\t\t\t<\/div>\n\t\t\t\t<\/div>\n\t\t\t\t<div class=\"elementor-element elementor-element-ef2ca7d elementor-align-center elementor-widget__width-initial elementor-widget elementor-widget-button\" data-id=\"ef2ca7d\" data-element_type=\"widget\" data-e-type=\"widget\" data-widget_type=\"button.default\">\n\t\t\t\t<div class=\"elementor-widget-container\">\n\t\t\t\t\t\t\t\t\t<div class=\"elementor-button-wrapper\">\n\t\t\t\t\t<a class=\"elementor-button elementor-button-link elementor-size-sm\" href=\"#joinchat\" target=\"_blank\">\n\t\t\t\t\t\t<span class=\"elementor-button-content-wrapper\">\n\t\t\t\t\t\t<span class=\"elementor-button-icon\">\n\t\t\t\t<i aria-hidden=\"true\" class=\"fab fa-whatsapp\"><\/i>\t\t\t<\/span>\n\t\t\t\t\t\t\t\t\t<span class=\"elementor-button-text\">Contact Us via WhatsApp<\/span>\n\t\t\t\t\t<\/span>\n\t\t\t\t\t<\/a>\n\t\t\t\t<\/div>\n\t\t\t\t\t\t\t\t<\/div>\n\t\t\t\t<\/div>\n\t\t\t\t\t<\/div>\n\t\t<\/div>\n\t\t\t\t<div class=\"elementor-column elementor-col-33 elementor-inner-column elementor-element elementor-element-26b860f\" data-id=\"26b860f\" data-element_type=\"column\" data-e-type=\"column\">\n\t\t\t<div class=\"elementor-widget-wrap elementor-element-populated\">\n\t\t\t\t\t\t<div class=\"elementor-element elementor-element-d13f39a elementor-widget elementor-widget-video\" data-id=\"d13f39a\" data-element_type=\"widget\" data-e-type=\"widget\" data-settings=\"{&quot;video_type&quot;:&quot;hosted&quot;,&quot;autoplay&quot;:&quot;yes&quot;,&quot;play_on_mobile&quot;:&quot;yes&quot;,&quot;controls&quot;:&quot;yes&quot;}\" data-widget_type=\"video.default\">\n\t\t\t\t<div class=\"elementor-widget-container\">\n\t\t\t\t\t\t\t<div class=\"e-hosted-video elementor-wrapper elementor-open-inline\">\n\t\t\t\t\t<video class=\"elementor-video\" src=\"https:\/\/p4ntheon-recruitment.al\/wp-content\/uploads\/\/2024\/\/12\/\/Homepage-Video.mp4\" autoplay=\"\" controls=\"\" playsinline=\"\" controlslist=\"nodownload\"><\/video>\n\t\t\t\t<\/div>\n\t\t\t\t\t\t<\/div>\n\t\t\t\t<\/div>\n\t\t\t\t\t<\/div>\n\t\t<\/div>\n\t\t\t\t\t<\/div>\n\t\t<\/section>\n\t\t\t\t<section class=\"elementor-section elementor-inner-section elementor-element elementor-element-c301fbe elementor-section-boxed elementor-section-height-default elementor-section-height-default\" data-id=\"c301fbe\" data-element_type=\"section\" data-e-type=\"section\">\n\t\t\t\t\t\t<div class=\"elementor-container elementor-column-gap-default\">\n\t\t\t\t\t<div class=\"elementor-column elementor-col-100 elementor-inner-column elementor-element elementor-element-f7515f8\" data-id=\"f7515f8\" data-element_type=\"column\" data-e-type=\"column\">\n\t\t\t<div class=\"elementor-widget-wrap elementor-element-populated\">\n\t\t\t\t\t\t<div class=\"elementor-element elementor-element-3362467 elementor-widget elementor-widget-text-editor\" data-id=\"3362467\" data-element_type=\"widget\" data-e-type=\"widget\" data-widget_type=\"text-editor.default\">\n\t\t\t\t<div class=\"elementor-widget-container\">\n\t\t\t\t\t\t\t\t\t<p><strong>P4ntheon Recruitment<\/strong><\/p><p><strong>Agjensi Rekrutimi P4ntheon<\/strong> hap mund\u00ebsi karriere p\u00ebr profesionist\u00ebt n\u00eb Tiran\u00eb dhe m\u00eb gjer\u00eb. Ne p\u00ebrputhim talentin me ambicien, duke ofruar zgjidhje t\u00eb p\u00ebrshtatura rekrutimi p\u00ebr t\u00eb lidhur kandidat\u00ebt tane me kompanit\u00eb qe duan te plotesojne stafin. Ngjitni karrier\u00ebn tuaj ose p\u00ebrmir\u00ebsoni ekipin tuaj me udh\u00ebzimet tona t\u00eb ekspert\u00ebve dhe njohurit\u00eb lokale. Besojini P4ntheon p\u00ebr fuqizimin e rekrutimit q\u00eb jep rezultate.<\/p><p>N\u00eb p4ntheon recruitment, ne besojm\u00eb n\u00eb zhvillimin e biznesit ton\u00eb me nivelin m\u00eb t\u00eb lart\u00eb t\u00eb integritetit. Ne jemi t\u00eb p\u00ebrkushtuar t\u00eb jemi transparent\u00eb, t\u00eb ndersh\u00ebm dhe etik\u00eb n\u00eb t\u00eb gjitha nd\u00ebrveprimet tona me klient\u00ebt dhe kandidat\u00ebt.<\/p>\t\t\t\t\t\t\t\t<\/div>\n\t\t\t\t<\/div>\n\t\t\t\t<div class=\"elementor-element elementor-element-1b18f01 elementor-widget elementor-widget-text-editor\" data-id=\"1b18f01\" data-element_type=\"widget\" data-e-type=\"widget\" data-widget_type=\"text-editor.default\">\n\t\t\t\t<div class=\"elementor-widget-container\">\n\t\t\t\t\t\t\t\t\t<p><blockquote class=\"tiktok-embed\" cite=\"https:\/\/www.tiktok.com\/@punesime_rekrutime\" data-unique-id=\"punesime_rekrutime\" data-embed-from=\"oembed\" data-embed-type=\"creator\" style=\"max-width:780px; min-width:288px;\"> <section> <a target=\"_blank\" href=\"https:\/\/www.tiktok.com\/@punesime_rekrutime?refer=creator_embed\">@punesime_rekrutime<\/a> <\/section> <\/blockquote> <script async src=\"https:\/\/www.tiktok.com\/embed.js\"><\/script><\/p>\t\t\t\t\t\t\t\t<\/div>\n\t\t\t\t<\/div>\n\t\t\t\t\t<\/div>\n\t\t<\/div>\n\t\t\t\t\t<\/div>\n\t\t<\/section>\n\t\t\t\t<section class=\"elementor-section elementor-inner-section elementor-element elementor-element-4bb7c861 elementor-section-boxed elementor-section-height-default elementor-section-height-default\" data-id=\"4bb7c861\" data-element_type=\"section\" data-e-type=\"section\">\n\t\t\t\t\t\t<div class=\"elementor-container elementor-column-gap-default\">\n\t\t\t\t\t<div class=\"elementor-column elementor-col-100 elementor-inner-column elementor-element elementor-element-2a6b7158\" data-id=\"2a6b7158\" data-element_type=\"column\" data-e-type=\"column\">\n\t\t\t<div class=\"elementor-widget-wrap elementor-element-populated\">\n\t\t\t\t\t\t<div class=\"elementor-element elementor-element-2ad9570b elementor-widget elementor-widget-text-editor\" data-id=\"2ad9570b\" data-element_type=\"widget\" data-e-type=\"widget\" data-widget_type=\"text-editor.default\">\n\t\t\t\t<div class=\"elementor-widget-container\">\n\t\t\t\t\t\t\t\t\t<p>Kompania jon\u00eb ofron staf profesional dhe t\u00eb kualifikuar p\u00ebr t\u00eb plot\u00ebsuar nevojat tuaja n\u00eb Shqip\u00ebri dhe Europ\u00eb.<\/p>\t\t\t\t\t\t\t\t<\/div>\n\t\t\t\t<\/div>\n\t\t\t\t<div class=\"elementor-element elementor-element-d335ae6 elementor-widget elementor-widget-text-editor\" data-id=\"d335ae6\" data-element_type=\"widget\" data-e-type=\"widget\" data-widget_type=\"text-editor.default\">\n\t\t\t\t<div class=\"elementor-widget-container\">\n\t\t\t\t\t\t\t\t\t<p><strong>Address:<\/strong> Rruga Sami Frash\u00ebri, Tiran\u00eb.<\/p>\t\t\t\t\t\t\t\t<\/div>\n\t\t\t\t<\/div>\n\t\t\t\t<div class=\"elementor-element elementor-element-57c279e8 elementor-widget elementor-widget-text-editor\" data-id=\"57c279e8\" data-element_type=\"widget\" data-e-type=\"widget\" data-widget_type=\"text-editor.default\">\n\t\t\t\t<div class=\"elementor-widget-container\">\n\t\t\t\t\t\t\t\t\t<p>For more information, contact us!<\/p>\t\t\t\t\t\t\t\t<\/div>\n\t\t\t\t<\/div>\n\t\t\t\t<div class=\"elementor-element elementor-element-cf97744 elementor-align-center elementor-mobile-align-center elementor-icon-list--layout-inline elementor-list-item-link-full_width elementor-widget elementor-widget-icon-list\" data-id=\"cf97744\" data-element_type=\"widget\" data-e-type=\"widget\" data-widget_type=\"icon-list.default\">\n\t\t\t\t<div class=\"elementor-widget-container\">\n\t\t\t\t\t\t\t<ul class=\"elementor-icon-list-items elementor-inline-items\">\n\t\t\t\t\t\t\t<li class=\"elementor-icon-list-item elementor-inline-item\">\n\t\t\t\t\t\t\t\t\t\t\t<a href=\"tel:+355692099900\" target=\"_blank\">\n\n\t\t\t\t\t\t\t\t\t\t\t\t<span class=\"elementor-icon-list-icon\">\n\t\t\t\t\t\t\t<i aria-hidden=\"true\" class=\"fas fa-phone-alt\"><\/i>\t\t\t\t\t\t<\/span>\n\t\t\t\t\t\t\t\t\t\t<span class=\"elementor-icon-list-text\">+355692099900<\/span>\n\t\t\t\t\t\t\t\t\t\t\t<\/a>\n\t\t\t\t\t\t\t\t\t<\/li>\n\t\t\t\t\t\t\t\t<li class=\"elementor-icon-list-item elementor-inline-item\">\n\t\t\t\t\t\t\t\t\t\t\t<a href=\"tel:+355696007001\" target=\"_blank\">\n\n\t\t\t\t\t\t\t\t\t\t\t\t<span class=\"elementor-icon-list-icon\">\n\t\t\t\t\t\t\t<i aria-hidden=\"true\" class=\"fas fa-phone-alt\"><\/i>\t\t\t\t\t\t<\/span>\n\t\t\t\t\t\t\t\t\t\t<span class=\"elementor-icon-list-text\">+355 69 600 7001<\/span>\n\t\t\t\t\t\t\t\t\t\t\t<\/a>\n\t\t\t\t\t\t\t\t\t<\/li>\n\t\t\t\t\t\t<\/ul>\n\t\t\t\t\t\t<\/div>\n\t\t\t\t<\/div>\n\t\t\t\t<div class=\"elementor-element elementor-element-9f30cf0 e-grid-align-mobile-center elementor-shape-rounded elementor-grid-0 e-grid-align-center elementor-widget elementor-widget-social-icons\" data-id=\"9f30cf0\" data-element_type=\"widget\" data-e-type=\"widget\" data-widget_type=\"social-icons.default\">\n\t\t\t\t<div class=\"elementor-widget-container\">\n\t\t\t\t\t\t\t<div class=\"elementor-social-icons-wrapper elementor-grid\" role=\"list\">\n\t\t\t\t\t\t\t<span class=\"elementor-grid-item\" role=\"listitem\">\n\t\t\t\t\t<a class=\"elementor-icon elementor-social-icon elementor-social-icon-instagram elementor-repeater-item-c1550e1\" href=\"https:\/\/www.instagram.com\/babysitter_staf_philippines\" target=\"_blank\">\n\t\t\t\t\t\t<span class=\"elementor-screen-only\">Instagram<\/span>\n\t\t\t\t\t\t<i aria-hidden=\"true\" class=\"fab fa-instagram\"><\/i>\t\t\t\t\t<\/a>\n\t\t\t\t<\/span>\n\t\t\t\t\t\t\t<span class=\"elementor-grid-item\" role=\"listitem\">\n\t\t\t\t\t<a class=\"elementor-icon elementor-social-icon elementor-social-icon-facebook elementor-repeater-item-bd5b204\" href=\"https:\/\/www.facebook.com\/profile.php?id=100048964428658\" target=\"_blank\">\n\t\t\t\t\t\t<span class=\"elementor-screen-only\">Facebook<\/span>\n\t\t\t\t\t\t<i aria-hidden=\"true\" class=\"fab fa-facebook\"><\/i>\t\t\t\t\t<\/a>\n\t\t\t\t<\/span>\n\t\t\t\t\t\t\t<span class=\"elementor-grid-item\" role=\"listitem\">\n\t\t\t\t\t<a class=\"elementor-icon elementor-social-icon elementor-social-icon-map-marker-alt elementor-repeater-item-97edd62\" href=\"https:\/\/maps.app.goo.gl\/Y7AC9dwtU7UC52Xq5\" target=\"_blank\">\n\t\t\t\t\t\t<span class=\"elementor-screen-only\">Map-marker-alt<\/span>\n\t\t\t\t\t\t<i aria-hidden=\"true\" class=\"fas fa-map-marker-alt\"><\/i>\t\t\t\t\t<\/a>\n\t\t\t\t<\/span>\n\t\t\t\t\t<\/div>\n\t\t\t\t\t\t<\/div>\n\t\t\t\t<\/div>\n\t\t\t\t<div class=\"elementor-element elementor-element-6b2a87dc elementor-align-right elementor-widget elementor-widget-post-info\" data-id=\"6b2a87dc\" data-element_type=\"widget\" data-e-type=\"widget\" data-widget_type=\"post-info.default\">\n\t\t\t\t<div class=\"elementor-widget-container\">\n\t\t\t\t\t\t\t<ul class=\"elementor-inline-items elementor-icon-list-items elementor-post-info\">\n\t\t\t\t\t\t\t\t<li class=\"elementor-icon-list-item elementor-repeater-item-b32d7d2 elementor-inline-item\" itemprop=\"about\">\n\t\t\t\t\t\t\t\t\t\t<span class=\"elementor-icon-list-icon\">\n\t\t\t\t\t\t\t\t<i aria-hidden=\"true\" class=\"fas fa-tags\"><\/i>\t\t\t\t\t\t\t<\/span>\n\t\t\t\t\t\t\t\t\t<span class=\"elementor-icon-list-text elementor-post-info__item elementor-post-info__item--type-terms\">\n\t\t\t\t\t\t\t<span class=\"elementor-post-info__item-prefix\">Category:<\/span>\n\t\t\t\t\t\t\t\t\t\t<span class=\"elementor-post-info__terms-list\">\n\t\t\t\t<a href=\"https:\/\/inalbania.al\/en\/category\/agjenci-punesimi\/\" class=\"elementor-post-info__terms-list-item\">Agjensi Pun\u00ebsimi<\/a>\t\t\t\t<\/span>\n\t\t\t\t\t<\/span>\n\t\t\t\t\t\t\t\t<\/li>\n\t\t\t\t<\/ul>\n\t\t\t\t\t\t<\/div>\n\t\t\t\t<\/div>\n\t\t\t\t<div class=\"elementor-element elementor-element-22a05125 elementor-widget-divider--separator-type-pattern elementor-widget-divider--view-line elementor-widget elementor-widget-divider\" data-id=\"22a05125\" data-element_type=\"widget\" data-e-type=\"widget\" data-widget_type=\"divider.default\">\n\t\t\t\t<div class=\"elementor-widget-container\">\n\t\t\t\t\t\t\t<div class=\"elementor-divider\" style=\"--divider-pattern-url: url(&quot;data:image\/svg+xml,%3Csvg xmlns=&#039;http:\/\/www.w3.org\/2000\/svg&#039; preserveAspectRatio=&#039;none&#039; overflow=&#039;visible&#039; height=&#039;100%&#039; viewBox=&#039;0 0 20 16&#039; fill=&#039;none&#039; stroke=&#039;black&#039; stroke-width=&#039;1&#039; stroke-linecap=&#039;square&#039; stroke-miterlimit=&#039;10&#039;%3E%3Cg transform=&#039;translate(-12.000000, 0)&#039;%3E%3Cpath d=&#039;M28,0L10,18&#039;\/%3E%3Cpath d=&#039;M18,0L0,18&#039;\/%3E%3Cpath d=&#039;M48,0L30,18&#039;\/%3E%3Cpath d=&#039;M38,0L20,18&#039;\/%3E%3C\/g%3E%3C\/svg%3E&quot;);\">\n\t\t\t<span class=\"elementor-divider-separator\">\n\t\t\t\t\t\t<\/span>\n\t\t<\/div>\n\t\t\t\t\t\t<\/div>\n\t\t\t\t<\/div>\n\t\t\t\t\t<\/div>\n\t\t<\/div>\n\t\t\t\t\t<\/div>\n\t\t<\/section>\n\t\t\t\t\t<\/div>\n\t\t<\/div>\n\t\t\t\t\t<\/div>\n\t\t<\/section>\n\t\t\t\t<\/div>","protected":false},"excerpt":{"rendered":"<p>Rruga Sami Frash\u00ebri, Tiran\u00eb. Na Kontaktoni n\u00eb WhatsApp https:\/\/p4ntheon-recruitment.al\/wp-content\/uploads\/\/2024\/\/12\/\/Homepage-Video.mp4 P4ntheon Recruitment Agjensi Rekrutimi P4ntheon hap mund\u00ebsi karriere p\u00ebr profesionist\u00ebt n\u00eb Tiran\u00eb dhe m\u00eb gjer\u00eb. Ne p\u00ebrputhim talentin me ambicien, duke ofruar zgjidhje t\u00eb p\u00ebrshtatura rekrutimi p\u00ebr t\u00eb lidhur kandidat\u00ebt tane me kompanit\u00eb qe duan te plotesojne stafin. Ngjitni karrier\u00ebn tuaj ose p\u00ebrmir\u00ebsoni ekipin tuaj me [&hellip;]<\/p>\n","protected":false},"author":1,"featured_media":104353,"parent":0,"menu_order":0,"comment_status":"closed","ping_status":"closed","template":"","meta":{"_joinchat":{"telephone":"+355696007001"},"footnotes":""},"categories":[2257],"tags":[2767,2768,2769,2770,2771,2772,2773,2774,2775,2776,2777,2778,2779,2780,2781,2782,2783,2784,2785,2786,2787,2788,2789,2790,2791,2792,2793,2794,2795,2796,2797,2798,2799,2800,2801,2802,2803,2804,2805,2806,2807,2808,2809,2810,2811,2812,2813,2814,2815,2816,73493,73510,73494,73502,73514,73489,73490,73488,73508,73507,2817,2818,2819,2820,2821,2822,2823,2824,73501,73517,73518,73519,73520,73487,73486,2825,2826,2827,2828,2829,2830,2831,2832,73503,73504,2833,2834,73498,73512,73499,73491,73500,73513,73509,73492,73496,73511,73516,73497,73495,73506,73515,73505],"class_list":["post-86503","page","type-page","status-publish","has-post-thumbnail","hentry","category-agjenci-punesimi","tag-agjenci-punesimi","tag-agjenci-punesimi-durres","tag-agjenci-punesimi-elbasan","tag-agjenci-punesimi-europe","tag-agjenci-punesimi-ne-europe","tag-agjenci-punesimi-sarande","tag-agjenci-punesimi-shkoder","tag-agjenci-punesimi-tirane","tag-agjenci-punesimi-vlore","tag-agjensi-punesimi","tag-agjensi-punesimi-durres","tag-agjensi-punesimi-elbasan","tag-agjensi-punesimi-europe","tag-agjensi-punesimi-ne-europe","tag-agjensi-punesimi-sarande","tag-agjensi-punesimi-shkoder","tag-agjensi-punesimi-tirane","tag-agjensi-punesimi-vlore","tag-babysitter","tag-babysitter-24-ore","tag-babysitter-24-ore-durres","tag-babysitter-24-ore-elbasan","tag-babysitter-24-ore-europe","tag-babysitter-24-ore-sarande","tag-babysitter-24-ore-shkoder","tag-babysitter-24-ore-tirane","tag-babysitter-24-ore-vlore","tag-babysitter-24h","tag-babysitter-24h-durres","tag-babysitter-24h-elbasan","tag-babysitter-24h-europe","tag-babysitter-24h-sarande","tag-babysitter-24h-shkoder","tag-babysitter-24h-tirane","tag-babysitter-24h-vlore","tag-babysitter-durres","tag-babysitter-elbasan","tag-babysitter-europe","tag-babysitter-per-femije-me-aftesi-ndryshe","tag-babysitter-per-femije-me-aftesi-ndryshe-durres","tag-babysitter-per-femije-me-aftesi-ndryshe-elbasan","tag-babysitter-per-femije-me-aftesi-ndryshe-europe","tag-babysitter-per-femije-me-aftesi-ndryshe-sarande","tag-babysitter-per-femije-me-aftesi-ndryshe-shkoder","tag-babysitter-per-femije-me-aftesi-ndryshe-tirane","tag-babysitter-per-femije-me-aftesi-ndryshe-vlore","tag-babysitter-sarande","tag-babysitter-shkoder","tag-babysitter-tirane","tag-babysitter-vlore","tag-dado-filipine","tag-dado-indian","tag-dado-philipine","tag-estetiste-filipine","tag-estetiste-indian","tag-filiphine","tag-filipine","tag-filipines","tag-indian","tag-indians","tag-kujdestare-per-te-moshuar","tag-kujdestare-per-te-moshuar-durres","tag-kujdestare-per-te-moshuar-elbasan","tag-kujdestare-per-te-moshuar-europe","tag-kujdestare-per-te-moshuar-sarande","tag-kujdestare-per-te-moshuar-shkoder","tag-kujdestare-per-te-moshuar-tirane","tag-kujdestare-per-te-moshuar-vlore","tag-masazhatore-filipone","tag-p4ntheon-recruitment","tag-p4ntheon-recruitment-albania","tag-pantheon-recruitment","tag-pantheon-recruitment-albania","tag-philippine","tag-philippines","tag-sanitare-orare-flexibel-babysitter-ne-europe","tag-sanitare-orare-flexibel-babysitter-ne-europe-durres","tag-sanitare-orare-flexibel-babysitter-ne-europe-elbasan","tag-sanitare-orare-flexibel-babysitter-ne-europe-europe","tag-sanitare-orare-flexibel-babysitter-ne-europe-sarande","tag-sanitare-orare-flexibel-babysitter-ne-europe-shkoder","tag-sanitare-orare-flexibel-babysitter-ne-europe-tirane","tag-sanitare-orare-flexibel-babysitter-ne-europe-vlore","tag-sanitare-filiphine","tag-sanitare-philippine","tag-sherbime-punesimi-ne-europe","tag-sherbime-punesimi-ne-tirane","tag-staf-fasonerie-filipine","tag-staf-fasonerie-indian","tag-staf-fasonerie-philippine","tag-staf-filipine","tag-staf-hotelerie-filipine","tag-staf-hotelerie-indian","tag-staf-indian","tag-staf-philipine","tag-staf-pune-prej-filipine","tag-staf-pune-prej-indian","tag-staf-pune-prej-indie","tag-staf-punetoresh-prej-filipine","tag-staf-punonjesish-filipone","tag-sushi-shef-filipine","tag-sushi-shef-indian","tag-susshi-cheff-philipine"],"aioseo_notices":[],"_links":{"self":[{"href":"https:\/\/inalbania.al\/en\/wp-json\/wp\/v2\/pages\/86503","targetHints":{"allow":["GET"]}}],"collection":[{"href":"https:\/\/inalbania.al\/en\/wp-json\/wp\/v2\/pages"}],"about":[{"href":"https:\/\/inalbania.al\/en\/wp-json\/wp\/v2\/types\/page"}],"author":[{"embeddable":true,"href":"https:\/\/inalbania.al\/en\/wp-json\/wp\/v2\/users\/1"}],"replies":[{"embeddable":true,"href":"https:\/\/inalbania.al\/en\/wp-json\/wp\/v2\/comments?post=86503"}],"version-history":[{"count":0,"href":"https:\/\/inalbania.al\/en\/wp-json\/wp\/v2\/pages\/86503\/revisions"}],"wp:featuredmedia":[{"embeddable":true,"href":"https:\/\/inalbania.al\/en\/wp-json\/wp\/v2\/media\/104353"}],"wp:attachment":[{"href":"https:\/\/inalbania.al\/en\/wp-json\/wp\/v2\/media?parent=86503"}],"wp:term":[{"taxonomy":"category","embeddable":true,"href":"https:\/\/inalbania.al\/en\/wp-json\/wp\/v2\/categories?post=86503"},{"taxonomy":"post_tag","embeddable":true,"href":"https:\/\/inalbania.al\/en\/wp-json\/wp\/v2\/tags?post=86503"}],"curies":[{"name":"wp","href":"https:\/\/api.w.org\/{rel}","templated":true}]}}