{"id":89295,"date":"2023-07-29T09:04:55","date_gmt":"2023-07-29T09:04:55","guid":{"rendered":"https:\/\/inalbania.al\/?page_id=89295"},"modified":"2025-09-01T12:36:47","modified_gmt":"2025-09-01T12:36:47","slug":"paketa-baze","status":"publish","type":"page","link":"https:\/\/inalbania.al\/en\/paketa-baze\/","title":{"rendered":"PAKETA BAZ\u00cb E REKLAMIMIT"},"content":{"rendered":"<div data-elementor-type=\"wp-page\" data-elementor-id=\"89295\" class=\"elementor elementor-89295\" data-elementor-post-type=\"page\">\n\t\t\t\t\t\t<section class=\"elementor-section elementor-top-section elementor-element elementor-element-6057f40 elementor-section-boxed elementor-section-height-default elementor-section-height-default\" data-id=\"6057f40\" data-element_type=\"section\" data-e-type=\"section\">\n\t\t\t\t\t\t<div class=\"elementor-container elementor-column-gap-default\">\n\t\t\t\t\t<div class=\"elementor-column elementor-col-100 elementor-top-column elementor-element elementor-element-5051a7a\" data-id=\"5051a7a\" data-element_type=\"column\" data-e-type=\"column\">\n\t\t\t<div class=\"elementor-widget-wrap elementor-element-populated\">\n\t\t\t\t\t\t\t<\/div>\n\t\t<\/div>\n\t\t\t\t\t<\/div>\n\t\t<\/section>\n\t\t\t\t<section class=\"elementor-section elementor-top-section elementor-element elementor-element-4dfa925 elementor-section-boxed elementor-section-height-default elementor-section-height-default\" data-id=\"4dfa925\" data-element_type=\"section\" data-e-type=\"section\">\n\t\t\t\t\t\t<div class=\"elementor-container elementor-column-gap-default\">\n\t\t\t\t\t<div class=\"elementor-column elementor-col-100 elementor-top-column elementor-element elementor-element-0c769e1\" data-id=\"0c769e1\" data-element_type=\"column\" data-e-type=\"column\" data-settings=\"{&quot;background_background&quot;:&quot;classic&quot;}\">\n\t\t\t<div class=\"elementor-widget-wrap elementor-element-populated\">\n\t\t\t\t\t\t<div class=\"elementor-element elementor-element-0b731e3 elementor-widget elementor-widget-text-editor\" data-id=\"0b731e3\" data-element_type=\"widget\" data-e-type=\"widget\" data-widget_type=\"text-editor.default\">\n\t\t\t\t<div class=\"elementor-widget-container\">\n\t\t\t\t\t\t\t\t\t<p><strong>Paketa Baz\u00eb P\u00ebrfshin:<\/strong><\/p><ul><li><strong>Prezantimi dhe Listimi n\u00eb Website:<\/strong> Biznesi juaj do t\u00eb listoh\u00ebt n\u00eb kategorin\u00eb p\u00ebrkat\u00ebse me informacionet baz\u00eb si emri, adresa, p\u00ebrshkrimi, lista e sh\u00ebrbimeve, foto\/video prezantimi, t\u00eb dh\u00ebnat e kontaktit dhe lidhje direkte me rrjetet tuaja sociale.<\/li><\/ul><p>\u00a0<\/p><ul><li><strong>Fjal\u00eb ky\u00e7e p\u00ebr K\u00ebrkimin n\u00eb Google:<\/strong> Integrimi i fjal\u00ebve ky\u00e7e p\u00ebr t\u00eb siguruar q\u00eb emri i biznesit, sh\u00ebrbimet ose produktet q\u00eb ofroni t\u00eb shfaqen n\u00eb rezultatet e k\u00ebrkimit n\u00eb Google, duke p\u00ebrmir\u00ebsuar dukshm\u00ebrin\u00eb tuaj online.<\/li><\/ul><p>\u00a0<\/p><ul><li><strong>Mb\u00ebshtetje gjat\u00eb Abonimit:<\/strong> Asistenc\u00eb gjat\u00eb gjith\u00eb abonimit p\u00ebr t\u00eb siguruar q\u00eb gjith\u00e7ka t\u00eb jet\u00eb e vendosur si\u00e7 duhet dhe n\u00eb m\u00ebnyr\u00eb efikase.<\/li><\/ul>\t\t\t\t\t\t\t\t<\/div>\n\t\t\t\t<\/div>\n\t\t\t\t\t<\/div>\n\t\t<\/div>\n\t\t\t\t\t<\/div>\n\t\t<\/section>\n\t\t\t\t<section class=\"elementor-section elementor-top-section elementor-element elementor-element-1699a98 elementor-section-boxed elementor-section-height-default elementor-section-height-default\" data-id=\"1699a98\" data-element_type=\"section\" data-e-type=\"section\">\n\t\t\t\t\t\t<div class=\"elementor-container elementor-column-gap-default\">\n\t\t\t\t\t<div class=\"elementor-column elementor-col-100 elementor-top-column elementor-element elementor-element-d679f93\" data-id=\"d679f93\" data-element_type=\"column\" data-e-type=\"column\" data-settings=\"{&quot;background_background&quot;:&quot;classic&quot;}\">\n\t\t\t<div class=\"elementor-widget-wrap elementor-element-populated\">\n\t\t\t\t\t\t<div class=\"elementor-element elementor-element-fa6425a elementor-widget elementor-widget-counter\" data-id=\"fa6425a\" data-element_type=\"widget\" data-e-type=\"widget\" data-widget_type=\"counter.default\">\n\t\t\t\t<div class=\"elementor-widget-container\">\n\t\t\t\t\t\t\t<div class=\"elementor-counter\">\n\t\t\t<div class=\"elementor-counter-title\">\u00c7mimi \/ Vit<\/div>\t\t\t<div class=\"elementor-counter-number-wrapper\">\n\t\t\t\t<span class=\"elementor-counter-number-prefix\"><\/span>\n\t\t\t\t<span class=\"elementor-counter-number\" data-duration=\"2000\" data-to-value=\"4900\" data-from-value=\"4850\" data-delimiter=\",\">4850<\/span>\n\t\t\t\t<span class=\"elementor-counter-number-suffix\">Lek\u00eb<\/span>\n\t\t\t<\/div>\n\t\t<\/div>\n\t\t\t\t\t\t<\/div>\n\t\t\t\t<\/div>\n\t\t\t\t<div class=\"elementor-element elementor-element-e1595f2 elementor-align-center elementor-widget__width-initial elementor-widget elementor-widget-button\" data-id=\"e1595f2\" data-element_type=\"widget\" data-e-type=\"widget\" data-widget_type=\"button.default\">\n\t\t\t\t<div class=\"elementor-widget-container\">\n\t\t\t\t\t\t\t\t\t<div class=\"elementor-button-wrapper\">\n\t\t\t\t\t<a class=\"elementor-button elementor-button-link elementor-size-sm\" href=\"#joinchat\" target=\"_blank\">\n\t\t\t\t\t\t<span class=\"elementor-button-content-wrapper\">\n\t\t\t\t\t\t<span class=\"elementor-button-icon\">\n\t\t\t\t<i aria-hidden=\"true\" class=\"fab fa-whatsapp\"><\/i>\t\t\t<\/span>\n\t\t\t\t\t\t\t\t\t<span class=\"elementor-button-text\">Contact Us via WhatsApp<\/span>\n\t\t\t\t\t<\/span>\n\t\t\t\t\t<\/a>\n\t\t\t\t<\/div>\n\t\t\t\t\t\t\t\t<\/div>\n\t\t\t\t<\/div>\n\t\t\t\t\t<\/div>\n\t\t<\/div>\n\t\t\t\t\t<\/div>\n\t\t<\/section>\n\t\t\t\t<\/div>","protected":false},"excerpt":{"rendered":"<p>Paketa Baz\u00eb P\u00ebrfshin: Prezantimi dhe Listimi n\u00eb Website: Biznesi juaj do t\u00eb listoh\u00ebt n\u00eb kategorin\u00eb p\u00ebrkat\u00ebse me informacionet baz\u00eb si emri, adresa, p\u00ebrshkrimi, lista e sh\u00ebrbimeve, foto\/video prezantimi, t\u00eb dh\u00ebnat e kontaktit dhe lidhje direkte me rrjetet tuaja sociale. \u00a0 Fjal\u00eb ky\u00e7e p\u00ebr K\u00ebrkimin n\u00eb Google: Integrimi i fjal\u00ebve ky\u00e7e p\u00ebr t\u00eb siguruar q\u00eb emri [&hellip;]<\/p>\n","protected":false},"author":1,"featured_media":90831,"parent":0,"menu_order":0,"comment_status":"closed","ping_status":"closed","template":"","meta":{"_joinchat":[],"footnotes":""},"categories":[],"tags":[],"class_list":["post-89295","page","type-page","status-publish","has-post-thumbnail","hentry"],"aioseo_notices":[],"_links":{"self":[{"href":"https:\/\/inalbania.al\/en\/wp-json\/wp\/v2\/pages\/89295","targetHints":{"allow":["GET"]}}],"collection":[{"href":"https:\/\/inalbania.al\/en\/wp-json\/wp\/v2\/pages"}],"about":[{"href":"https:\/\/inalbania.al\/en\/wp-json\/wp\/v2\/types\/page"}],"author":[{"embeddable":true,"href":"https:\/\/inalbania.al\/en\/wp-json\/wp\/v2\/users\/1"}],"replies":[{"embeddable":true,"href":"https:\/\/inalbania.al\/en\/wp-json\/wp\/v2\/comments?post=89295"}],"version-history":[{"count":0,"href":"https:\/\/inalbania.al\/en\/wp-json\/wp\/v2\/pages\/89295\/revisions"}],"wp:featuredmedia":[{"embeddable":true,"href":"https:\/\/inalbania.al\/en\/wp-json\/wp\/v2\/media\/90831"}],"wp:attachment":[{"href":"https:\/\/inalbania.al\/en\/wp-json\/wp\/v2\/media?parent=89295"}],"wp:term":[{"taxonomy":"category","embeddable":true,"href":"https:\/\/inalbania.al\/en\/wp-json\/wp\/v2\/categories?post=89295"},{"taxonomy":"post_tag","embeddable":true,"href":"https:\/\/inalbania.al\/en\/wp-json\/wp\/v2\/tags?post=89295"}],"curies":[{"name":"wp","href":"https:\/\/api.w.org\/{rel}","templated":true}]}}