{"id":89319,"date":"2023-07-29T09:20:23","date_gmt":"2023-07-29T09:20:23","guid":{"rendered":"https:\/\/inalbania.al\/?page_id=89319"},"modified":"2025-09-01T12:35:34","modified_gmt":"2025-09-01T12:35:34","slug":"paketa-standarte-e-reklamimit","status":"publish","type":"page","link":"https:\/\/inalbania.al\/en\/paketa-standarte-e-reklamimit\/","title":{"rendered":"PAKETA E PERSONALIZUAR E REKLAMIMIT"},"content":{"rendered":"<div data-elementor-type=\"wp-page\" data-elementor-id=\"89319\" class=\"elementor elementor-89319\" data-elementor-post-type=\"page\">\n\t\t\t\t\t\t<section class=\"elementor-section elementor-top-section elementor-element elementor-element-257e263 elementor-section-boxed elementor-section-height-default elementor-section-height-default\" data-id=\"257e263\" data-element_type=\"section\" data-e-type=\"section\">\n\t\t\t\t\t\t<div class=\"elementor-container elementor-column-gap-default\">\n\t\t\t\t\t<div class=\"elementor-column elementor-col-100 elementor-top-column elementor-element elementor-element-a197045\" data-id=\"a197045\" data-element_type=\"column\" data-e-type=\"column\">\n\t\t\t<div class=\"elementor-widget-wrap elementor-element-populated\">\n\t\t\t\t\t\t\t<\/div>\n\t\t<\/div>\n\t\t\t\t\t<\/div>\n\t\t<\/section>\n\t\t\t\t<section class=\"elementor-section elementor-top-section elementor-element elementor-element-1fdfee8 elementor-section-boxed elementor-section-height-default elementor-section-height-default\" data-id=\"1fdfee8\" data-element_type=\"section\" data-e-type=\"section\">\n\t\t\t\t\t\t<div class=\"elementor-container elementor-column-gap-default\">\n\t\t\t\t\t<div class=\"elementor-column elementor-col-100 elementor-top-column elementor-element elementor-element-a67dceb\" data-id=\"a67dceb\" data-element_type=\"column\" data-e-type=\"column\" data-settings=\"{&quot;background_background&quot;:&quot;classic&quot;}\">\n\t\t\t<div class=\"elementor-widget-wrap elementor-element-populated\">\n\t\t\t\t\t\t<div class=\"elementor-element elementor-element-5a9beb5 elementor-widget elementor-widget-text-editor\" data-id=\"5a9beb5\" data-element_type=\"widget\" data-e-type=\"widget\" data-widget_type=\"text-editor.default\">\n\t\t\t\t<div class=\"elementor-widget-container\">\n\t\t\t\t\t\t\t\t\t<p><strong>\u00c7far\u00eb merrni me PAKET\u00cbN E PERSONALIZUAR?<\/strong><\/p><ul><li style=\"list-style-type: none;\"><ul><li><p><strong>Krijimi i nj\u00eb Artikulli Online n\u00eb Portal:<\/strong> Ne krijojm\u00eb nj\u00eb artikull q\u00eb prezanton biznesin tuaj, duke p\u00ebrfshir\u00eb nj\u00eb p\u00ebrshkrim t\u00eb sh\u00ebrbimeve, produkteve, lokacionit, foto, lidhje me rrjetet sociale dhe t\u00eb dh\u00ebnat e kontaktit. Ky artikull do t\u00eb jet\u00eb i disponuesh\u00ebm n\u00eb portal, duke ofruar nj\u00eb prezenc\u00eb online p\u00ebr biznesin tuaj.<\/p><\/li><li><p><strong>Reklamim 24 Or\u00eb pa Nd\u00ebrprerje:<\/strong> Biznesi juaj do t\u00eb reklamohet 24\/7 n\u00eb portal. Me rreth 250,000 klikime n\u00eb muaj, biznesi juaj do t\u00eb ekspozohet para nj\u00eb audienc\u00eb t\u00eb gjer\u00eb.<\/p><\/li><li><p><strong>Listimi n\u00eb Hart\u00ebn e Google:<\/strong> Biznesi juaj do t\u00eb listohen n\u00eb Harta e Google, duke treguar vendndodhjen e sakt\u00eb (n\u00eb p\u00ebrputhje me udh\u00ebzimet e Google), p\u00ebr t\u2019u aksesuar leht\u00ebsisht nga klient\u00ebt e mundsh\u00ebm.<\/p><\/li><li><p><strong>Sugjerimet n\u00eb K\u00ebrkimet e Google:<\/strong> Duke p\u00ebrdorur fjal\u00eb ky\u00e7e t\u00eb zgjedhura me kujdes n\u00eb artikull, biznesi juaj do t\u00eb ket\u00eb mund\u00ebsin\u00eb t\u00eb sugjerohet n\u00eb faqet e para t\u00eb k\u00ebrkimeve t\u00eb Google. Kjo ndihmon klient\u00ebt t\u00eb gjejn\u00eb sh\u00ebrbimet ose produktet q\u00eb ofroni kur k\u00ebrkojn\u00eb p\u00ebr terma t\u00eb ngjash\u00ebm.<\/p><\/li><li><p><strong>Integrimi me Instagram:<\/strong> \u00c7do postim q\u00eb b\u00ebni n\u00eb Instagram (faqe publike) duhet t\u00eb reklamohet direkt n\u00eb artikullin tuaj n\u00eb portalin inalbania.a. Nd\u00ebrsa p\u00ebrdit\u00ebsoni Instagramin me foto dhe video t\u00eb reja, artikulli do t\u00eb q\u00ebndroj\u00eb i rifreskuar me postimet m\u00eb t\u00eb fundit.<\/p><\/li><li><p><strong>Njoftime Falas p\u00ebr Pun\u00eb:<\/strong> Kurdo q\u00eb keni nevoj\u00eb p\u00ebr staf, ne publikojm\u00eb njoftime p\u00ebr pun\u00eb falas n\u00eb portal p\u00ebr t&#8217;ju ndihmuar t\u00eb rekrutonit kandidat\u00ebt e duhur.<\/p><\/li><li><p><strong>Publikime n\u00eb Rrjetet Sociale:<\/strong> Ne do t\u00eb ndajm\u00eb p\u00ebrmbajtjen tuaj n\u00eb Facebook dhe Instagram t\u00eb agjensis\u00eb, duke p\u00ebrfshir\u00eb t\u00eb pakt\u00ebn nj\u00eb postim n\u00eb wall-post \u00e7do muaj dhe story n\u00eb Instagram dhe Facebook, t\u00eb cilat mund t\u00eb ndihmojn\u00eb n\u00eb rritjen e pranishm\u00ebris\u00eb tuaj n\u00eb rrjetet sociale.<\/p><\/li><\/ul><\/li><\/ul>\t\t\t\t\t\t\t\t<\/div>\n\t\t\t\t<\/div>\n\t\t\t\t\t<\/div>\n\t\t<\/div>\n\t\t\t\t\t<\/div>\n\t\t<\/section>\n\t\t\t\t<section class=\"elementor-section elementor-top-section elementor-element elementor-element-ac4da58 elementor-section-boxed elementor-section-height-default elementor-section-height-default\" data-id=\"ac4da58\" data-element_type=\"section\" data-e-type=\"section\">\n\t\t\t\t\t\t<div class=\"elementor-container elementor-column-gap-default\">\n\t\t\t\t\t<div class=\"elementor-column elementor-col-100 elementor-top-column elementor-element elementor-element-ab3f50c\" data-id=\"ab3f50c\" data-element_type=\"column\" data-e-type=\"column\" data-settings=\"{&quot;background_background&quot;:&quot;classic&quot;}\">\n\t\t\t<div class=\"elementor-widget-wrap elementor-element-populated\">\n\t\t\t\t\t\t<div class=\"elementor-element elementor-element-f8342ff elementor-icon-list--layout-traditional elementor-list-item-link-full_width elementor-widget elementor-widget-icon-list\" data-id=\"f8342ff\" data-element_type=\"widget\" data-e-type=\"widget\" data-widget_type=\"icon-list.default\">\n\t\t\t\t<div class=\"elementor-widget-container\">\n\t\t\t\t\t\t\t<ul class=\"elementor-icon-list-items\">\n\t\t\t\t\t\t\t<li class=\"elementor-icon-list-item\">\n\t\t\t\t\t\t\t\t\t\t\t<span class=\"elementor-icon-list-icon\">\n\t\t\t\t\t\t\t<i aria-hidden=\"true\" class=\"fas fa-check\"><\/i>\t\t\t\t\t\t<\/span>\n\t\t\t\t\t\t\t\t\t\t<span class=\"elementor-icon-list-text\">Fokus Kryesor jan\u00eb <b>Sugjerimet n\u00eb Google<\/b>: Q\u00ebllimi yn\u00eb kryesor \u00ebsht\u00eb q\u00eb biznesi juaj t\u00eb v\u00ebrehet n\u00eb Google p\u00ebrmes sugjerimeve t\u00eb vazhdueshme na portali. \u00c7do moment, gjat\u00eb gjith\u00eb periudh\u00ebs s\u00eb abonimit tuaj, ne punojm\u00eb p\u00ebr t'u siguruar q\u00eb biznesi juaj t\u00eb shfaqet n\u00eb k\u00ebrkimet p\u00ebrkat\u00ebse t\u00eb Google p\u00ebr produktet ose sh\u00ebrbimet q\u00eb ofroni.<\/span>\n\t\t\t\t\t\t\t\t\t<\/li>\n\t\t\t\t\t\t<\/ul>\n\t\t\t\t\t\t<\/div>\n\t\t\t\t<\/div>\n\t\t\t\t\t<\/div>\n\t\t<\/div>\n\t\t\t\t\t<\/div>\n\t\t<\/section>\n\t\t\t\t<section class=\"elementor-section elementor-top-section elementor-element elementor-element-54e1ea8 elementor-section-boxed elementor-section-height-default elementor-section-height-default\" data-id=\"54e1ea8\" data-element_type=\"section\" data-e-type=\"section\">\n\t\t\t\t\t\t<div class=\"elementor-container elementor-column-gap-default\">\n\t\t\t\t\t<div class=\"elementor-column elementor-col-100 elementor-top-column elementor-element elementor-element-74155b8\" data-id=\"74155b8\" data-element_type=\"column\" data-e-type=\"column\" data-settings=\"{&quot;background_background&quot;:&quot;classic&quot;}\">\n\t\t\t<div class=\"elementor-widget-wrap elementor-element-populated\">\n\t\t\t\t\t\t<div class=\"elementor-element elementor-element-cda90ec elementor-widget elementor-widget-heading\" data-id=\"cda90ec\" data-element_type=\"widget\" data-e-type=\"widget\" data-widget_type=\"heading.default\">\n\t\t\t\t<div class=\"elementor-widget-container\">\n\t\t\t\t\t<h2 class=\"elementor-heading-title elementor-size-default\">Rrjetet Tona Sociale<\/h2>\t\t\t\t<\/div>\n\t\t\t\t<\/div>\n\t\t\t\t<div class=\"elementor-element elementor-element-05eef19 elementor-align-justify elementor-widget__width-initial elementor-widget elementor-widget-button\" data-id=\"05eef19\" data-element_type=\"widget\" data-e-type=\"widget\" data-widget_type=\"button.default\">\n\t\t\t\t<div class=\"elementor-widget-container\">\n\t\t\t\t\t\t\t\t\t<div class=\"elementor-button-wrapper\">\n\t\t\t\t\t<a class=\"elementor-button elementor-button-link elementor-size-sm\" href=\"https:\/\/facebook.com\/inalbaniaa\/\" target=\"_blank\">\n\t\t\t\t\t\t<span class=\"elementor-button-content-wrapper\">\n\t\t\t\t\t\t<span class=\"elementor-button-icon\">\n\t\t\t\t<i aria-hidden=\"true\" class=\"fab fa-facebook\"><\/i>\t\t\t<\/span>\n\t\t\t\t\t\t\t\t\t<span class=\"elementor-button-text\">Facebook<\/span>\n\t\t\t\t\t<\/span>\n\t\t\t\t\t<\/a>\n\t\t\t\t<\/div>\n\t\t\t\t\t\t\t\t<\/div>\n\t\t\t\t<\/div>\n\t\t\t\t<div class=\"elementor-element elementor-element-520ef0f elementor-align-justify elementor-widget__width-initial elementor-widget elementor-widget-button\" data-id=\"520ef0f\" data-element_type=\"widget\" data-e-type=\"widget\" data-widget_type=\"button.default\">\n\t\t\t\t<div class=\"elementor-widget-container\">\n\t\t\t\t\t\t\t\t\t<div class=\"elementor-button-wrapper\">\n\t\t\t\t\t<a class=\"elementor-button elementor-button-link elementor-size-sm\" href=\"https:\/\/instagram.com\/inalbania.al\/\" target=\"_blank\">\n\t\t\t\t\t\t<span class=\"elementor-button-content-wrapper\">\n\t\t\t\t\t\t<span class=\"elementor-button-icon\">\n\t\t\t\t<i aria-hidden=\"true\" class=\"fab fa-instagram\"><\/i>\t\t\t<\/span>\n\t\t\t\t\t\t\t\t\t<span class=\"elementor-button-text\">Instagram<\/span>\n\t\t\t\t\t<\/span>\n\t\t\t\t\t<\/a>\n\t\t\t\t<\/div>\n\t\t\t\t\t\t\t\t<\/div>\n\t\t\t\t<\/div>\n\t\t\t\t\t<\/div>\n\t\t<\/div>\n\t\t\t\t\t<\/div>\n\t\t<\/section>\n\t\t\t\t<section class=\"elementor-section elementor-top-section elementor-element elementor-element-324cf92 elementor-section-boxed elementor-section-height-default elementor-section-height-default\" data-id=\"324cf92\" data-element_type=\"section\" data-e-type=\"section\">\n\t\t\t\t\t\t<div class=\"elementor-container elementor-column-gap-default\">\n\t\t\t\t\t<div class=\"elementor-column elementor-col-100 elementor-top-column elementor-element elementor-element-301e6d4\" data-id=\"301e6d4\" data-element_type=\"column\" data-e-type=\"column\" data-settings=\"{&quot;background_background&quot;:&quot;classic&quot;}\">\n\t\t\t<div class=\"elementor-widget-wrap elementor-element-populated\">\n\t\t\t\t\t\t<div class=\"elementor-element elementor-element-6386a38 elementor-widget elementor-widget-heading\" data-id=\"6386a38\" data-element_type=\"widget\" data-e-type=\"widget\" data-widget_type=\"heading.default\">\n\t\t\t\t<div class=\"elementor-widget-container\">\n\t\t\t\t\t<h2 class=\"elementor-heading-title elementor-size-default\">P\u00ebrmbledhje:<\/h2>\t\t\t\t<\/div>\n\t\t\t\t<\/div>\n\t\t\t\t<div class=\"elementor-element elementor-element-b0da63e elementor-widget elementor-widget-text-editor\" data-id=\"b0da63e\" data-element_type=\"widget\" data-e-type=\"widget\" data-widget_type=\"text-editor.default\">\n\t\t\t\t<div class=\"elementor-widget-container\">\n\t\t\t\t\t\t\t\t\t<p><strong>Sh\u00ebrbimet q\u00eb ofrojm\u00eb:<\/strong><\/p><ul><li style=\"list-style-type: none;\"><ul><li><p><strong>Qasje 24 Or\u00eb n\u00eb Google:<\/strong> Sugjerim i biznesit tuaj n\u00eb Googl n\u00eb momentin q\u00eb k\u00ebrkohen sh\u00ebrbimet ose produktet q\u00eb ofroni, pa nd\u00ebrprerje.<\/p><\/li><li><p><strong>Krijimi i Vendndodhjes n\u00eb Harta e Google:<\/strong> Listojm\u00eb biznesin tuaj n\u00eb Harta e Google p\u00ebr t\u2019u mund\u00ebsuar klient\u00ebve q\u00eb t&#8217;ju gjejn\u00eb leht\u00ebsisht.<\/p><\/li><li><p><strong>Ndaje n\u00eb Rrjetet Sociale:<\/strong> Ne ndajm\u00eb p\u00ebrmbajtjen tuaj n\u00eb rrjetet sociale p\u00ebr t\u00eb rritur angazhimin dhe dukshm\u00ebrin\u00eb e biznesit tuaj.<\/p><\/li><li><p><strong>Ndryshime pa Pages\u00eb Shtes\u00eb:<\/strong> Mund t\u00eb b\u00ebni ndryshime n\u00eb p\u00ebrmbajtjen tuaj pa pasur nevoj\u00eb t\u00eb paguani ndonj\u00eb tarif\u00eb shtes\u00eb.<\/p><\/li><li><p><strong>Njoftime Falas p\u00ebr Pun\u00eb:<\/strong> Ne publikojm\u00eb njoftime p\u00ebr pozitat e lira t\u00eb pun\u00ebs n\u00eb portal falas p\u00ebr t\u00eb ndihmuar n\u00eb rekrutimin e stafit t\u00eb duhur.<\/p><\/li><\/ul><\/li><\/ul>\t\t\t\t\t\t\t\t<\/div>\n\t\t\t\t<\/div>\n\t\t\t\t<div class=\"elementor-element elementor-element-f50ece3 elementor-widget elementor-widget-text-editor\" data-id=\"f50ece3\" data-element_type=\"widget\" data-e-type=\"widget\" data-widget_type=\"text-editor.default\">\n\t\t\t\t<div class=\"elementor-widget-container\">\n\t\t\t\t\t\t\t\t\t<p><strong>N\u00eb rast t\u00eb mos rinovimit t\u00eb abonimit, ju njoftojm\u00eb se t\u00eb gjitha sh\u00ebrbimet tona dhe \u00e7do gj\u00eb e krijuar nga ne do t\u00eb <span style=\"color: #ff0000;\">pezullohen!<\/span><\/strong><\/p>\t\t\t\t\t\t\t\t<\/div>\n\t\t\t\t<\/div>\n\t\t\t\t<div class=\"elementor-element elementor-element-6b9c02d elementor-widget elementor-widget-counter\" data-id=\"6b9c02d\" data-element_type=\"widget\" data-e-type=\"widget\" data-widget_type=\"counter.default\">\n\t\t\t\t<div class=\"elementor-widget-container\">\n\t\t\t\t\t\t\t<div class=\"elementor-counter\">\n\t\t\t<div class=\"elementor-counter-title\">\u00c7mimi \/ Vit<\/div>\t\t\t<div class=\"elementor-counter-number-wrapper\">\n\t\t\t\t<span class=\"elementor-counter-number-prefix\"><\/span>\n\t\t\t\t<span class=\"elementor-counter-number\" data-duration=\"2000\" data-to-value=\"9900\" data-from-value=\"9890\" data-delimiter=\",\">9890<\/span>\n\t\t\t\t<span class=\"elementor-counter-number-suffix\">Lek\u00eb<\/span>\n\t\t\t<\/div>\n\t\t<\/div>\n\t\t\t\t\t\t<\/div>\n\t\t\t\t<\/div>\n\t\t\t\t<div class=\"elementor-element elementor-element-542cdaf elementor-align-center elementor-widget__width-initial elementor-widget elementor-widget-button\" data-id=\"542cdaf\" data-element_type=\"widget\" data-e-type=\"widget\" data-widget_type=\"button.default\">\n\t\t\t\t<div class=\"elementor-widget-container\">\n\t\t\t\t\t\t\t\t\t<div class=\"elementor-button-wrapper\">\n\t\t\t\t\t<a class=\"elementor-button elementor-button-link elementor-size-sm\" href=\"#joinchat\" target=\"_blank\">\n\t\t\t\t\t\t<span class=\"elementor-button-content-wrapper\">\n\t\t\t\t\t\t<span class=\"elementor-button-icon\">\n\t\t\t\t<i aria-hidden=\"true\" class=\"fab fa-whatsapp\"><\/i>\t\t\t<\/span>\n\t\t\t\t\t\t\t\t\t<span class=\"elementor-button-text\">Contact Us via WhatsApp<\/span>\n\t\t\t\t\t<\/span>\n\t\t\t\t\t<\/a>\n\t\t\t\t<\/div>\n\t\t\t\t\t\t\t\t<\/div>\n\t\t\t\t<\/div>\n\t\t\t\t\t<\/div>\n\t\t<\/div>\n\t\t\t\t\t<\/div>\n\t\t<\/section>\n\t\t\t\t<\/div>","protected":false},"excerpt":{"rendered":"<p>\u00c7far\u00eb merrni me PAKET\u00cbN E PERSONALIZUAR? Krijimi i nj\u00eb Artikulli Online n\u00eb Portal: Ne krijojm\u00eb nj\u00eb artikull q\u00eb prezanton biznesin tuaj, duke p\u00ebrfshir\u00eb nj\u00eb p\u00ebrshkrim t\u00eb sh\u00ebrbimeve, produkteve, lokacionit, foto, lidhje me rrjetet sociale dhe t\u00eb dh\u00ebnat e kontaktit. Ky artikull do t\u00eb jet\u00eb i disponuesh\u00ebm n\u00eb portal, duke ofruar nj\u00eb prezenc\u00eb online p\u00ebr biznesin [&hellip;]<\/p>\n","protected":false},"author":1,"featured_media":85249,"parent":0,"menu_order":0,"comment_status":"closed","ping_status":"closed","template":"","meta":{"_joinchat":[],"footnotes":""},"categories":[],"tags":[76371,76385,76411,76384,76375,76405,76414,76373,76388,76389,76409,76398,76391,76394,76413,76382,76370,76392,76404,76395,76412,76400,76380,76408,76401,76376,76378,76386,64281,76415,76379,76407,76402,76374,76390,76403,76410,76372,76416,76387,76393,76397,76406,76377,76381,76399,76383,76396],"class_list":["post-89319","page","type-page","status-publish","has-post-thumbnail","hentry","tag-biznes-online","tag-fjale-kyce-per-biznes","tag-kerkesa-per-sherbime-online","tag-kerkime-ne-google","tag-krijimi-i-faqes-web","tag-krijimi-i-postimeve-ne-rrjetet-sociale","tag-marketing-dhe-reklamim-per-bizneset","tag-marketing-digjital","tag-marketing-ne-facebook","tag-marketing-ne-instagram","tag-marketing-per-faqe-web","tag-marketing-per-produkte","tag-optimizim-i-motoreve-te-kerkimit","tag-perditesim-i-permbajtjes","tag-pergjigje-per-kerkesa-online","tag-pjesemarrje-ne-portal","tag-portal-ne-shqiperi","tag-promovim-biznesi","tag-promovim-ne-media-sociale","tag-reklama-ne-portalet-shqiptare","tag-reklama-per-produkte","tag-reklame-per-sherbime","tag-reklamim-digjital","tag-reklamim-i-suksesshem-per-biznes","tag-reklamim-ne-google","tag-reklamim-ne-internet","tag-reklamim-ne-portal","tag-reklamim-ne-rrjetet-sociale","tag-reklamim-online","tag-reklamim-per-shitje-online","tag-rritje-te-dukshmerise-online","tag-rritje-te-trafikut-ne-faqe","tag-rritje-te-vizibilitetit-online","tag-seo-per-biznes","tag-sherbime-marketingu-per-biznes","tag-sherbime-online","tag-sherbime-online-per-biznese","tag-sherbime-per-biznesin","tag-sherbime-per-seo","tag-sherbime-reklamuese","tag-sherbime-reklamuese-online","tag-sherbime-reklamuese-te-suksesshme","tag-sherbime-te-google-ads","tag-sherbime-te-marketingut","tag-sherbime-te-reklamuara","tag-strategji-marketingu","tag-vizibilitet-ne-google","tag-zhvillim-i-biznesit-online"],"aioseo_notices":[],"_links":{"self":[{"href":"https:\/\/inalbania.al\/en\/wp-json\/wp\/v2\/pages\/89319","targetHints":{"allow":["GET"]}}],"collection":[{"href":"https:\/\/inalbania.al\/en\/wp-json\/wp\/v2\/pages"}],"about":[{"href":"https:\/\/inalbania.al\/en\/wp-json\/wp\/v2\/types\/page"}],"author":[{"embeddable":true,"href":"https:\/\/inalbania.al\/en\/wp-json\/wp\/v2\/users\/1"}],"replies":[{"embeddable":true,"href":"https:\/\/inalbania.al\/en\/wp-json\/wp\/v2\/comments?post=89319"}],"version-history":[{"count":0,"href":"https:\/\/inalbania.al\/en\/wp-json\/wp\/v2\/pages\/89319\/revisions"}],"wp:featuredmedia":[{"embeddable":true,"href":"https:\/\/inalbania.al\/en\/wp-json\/wp\/v2\/media\/85249"}],"wp:attachment":[{"href":"https:\/\/inalbania.al\/en\/wp-json\/wp\/v2\/media?parent=89319"}],"wp:term":[{"taxonomy":"category","embeddable":true,"href":"https:\/\/inalbania.al\/en\/wp-json\/wp\/v2\/categories?post=89319"},{"taxonomy":"post_tag","embeddable":true,"href":"https:\/\/inalbania.al\/en\/wp-json\/wp\/v2\/tags?post=89319"}],"curies":[{"name":"wp","href":"https:\/\/api.w.org\/{rel}","templated":true}]}}