{"id":89352,"date":"2023-07-29T09:45:25","date_gmt":"2023-07-29T09:45:25","guid":{"rendered":"https:\/\/inalbania.al\/?page_id=89352"},"modified":"2026-03-13T14:27:09","modified_gmt":"2026-03-13T14:27:09","slug":"paketa-premium","status":"publish","type":"page","link":"https:\/\/inalbania.al\/en\/paketa-premium\/","title":{"rendered":"PAKETA PREMIUM E REKLAMIMIT"},"content":{"rendered":"<div data-elementor-type=\"wp-page\" data-elementor-id=\"89352\" class=\"elementor elementor-89352\" data-elementor-post-type=\"page\">\n\t\t\t\t\t\t<section class=\"elementor-section elementor-top-section elementor-element elementor-element-16931205 elementor-section-boxed elementor-section-height-default elementor-section-height-default\" data-id=\"16931205\" data-element_type=\"section\" data-e-type=\"section\">\n\t\t\t\t\t\t<div class=\"elementor-container elementor-column-gap-default\">\n\t\t\t\t\t<div class=\"elementor-column elementor-col-100 elementor-top-column elementor-element elementor-element-5eeefe86\" data-id=\"5eeefe86\" data-element_type=\"column\" data-e-type=\"column\">\n\t\t\t<div class=\"elementor-widget-wrap elementor-element-populated\">\n\t\t\t\t\t\t\t<\/div>\n\t\t<\/div>\n\t\t\t\t\t<\/div>\n\t\t<\/section>\n\t\t\t\t<section class=\"elementor-section elementor-top-section elementor-element elementor-element-a4124e7 elementor-section-boxed elementor-section-height-default elementor-section-height-default\" data-id=\"a4124e7\" data-element_type=\"section\" data-e-type=\"section\">\n\t\t\t\t\t\t<div class=\"elementor-container elementor-column-gap-default\">\n\t\t\t\t\t<div class=\"elementor-column elementor-col-33 elementor-top-column elementor-element elementor-element-c68e97f\" data-id=\"c68e97f\" data-element_type=\"column\" data-e-type=\"column\" data-settings=\"{&quot;background_background&quot;:&quot;classic&quot;}\">\n\t\t\t<div class=\"elementor-widget-wrap elementor-element-populated\">\n\t\t\t\t\t\t<div class=\"elementor-element elementor-element-6c64ac3 elementor-widget__width-inherit elementor-widget elementor-widget-heading\" data-id=\"6c64ac3\" data-element_type=\"widget\" data-e-type=\"widget\" data-widget_type=\"heading.default\">\n\t\t\t\t<div class=\"elementor-widget-container\">\n\t\t\t\t\t<h2 class=\"elementor-heading-title elementor-size-default\">PAKETA E PERSONALIZUAR<\/h2>\t\t\t\t<\/div>\n\t\t\t\t<\/div>\n\t\t\t\t<div class=\"elementor-element elementor-element-2416948 elementor-align-right elementor-widget elementor-widget-button\" data-id=\"2416948\" data-element_type=\"widget\" data-e-type=\"widget\" data-widget_type=\"button.default\">\n\t\t\t\t<div class=\"elementor-widget-container\">\n\t\t\t\t\t\t\t\t\t<div class=\"elementor-button-wrapper\">\n\t\t\t\t\t<a class=\"elementor-button elementor-button-link elementor-size-sm\" href=\"https:\/\/inalbania.al\/en\/paketa-standarte-e-reklamimit\/\" target=\"_blank\">\n\t\t\t\t\t\t<span class=\"elementor-button-content-wrapper\">\n\t\t\t\t\t\t<span class=\"elementor-button-icon\">\n\t\t\t\t<i aria-hidden=\"true\" class=\"fas fa-mouse-pointer\"><\/i>\t\t\t<\/span>\n\t\t\t\t\t\t\t\t\t<span class=\"elementor-button-text\">Shiko Paket\u00ebn e Personalizuar<\/span>\n\t\t\t\t\t<\/span>\n\t\t\t\t\t<\/a>\n\t\t\t\t<\/div>\n\t\t\t\t\t\t\t\t<\/div>\n\t\t\t\t<\/div>\n\t\t\t\t\t<\/div>\n\t\t<\/div>\n\t\t\t\t<div class=\"elementor-column elementor-col-33 elementor-top-column elementor-element elementor-element-9c9cb6a\" data-id=\"9c9cb6a\" data-element_type=\"column\" data-e-type=\"column\">\n\t\t\t<div class=\"elementor-widget-wrap elementor-element-populated\">\n\t\t\t\t\t\t<div class=\"elementor-element elementor-element-1d2b205 elementor-widget__width-inherit elementor-widget elementor-widget-heading\" data-id=\"1d2b205\" data-element_type=\"widget\" data-e-type=\"widget\" data-widget_type=\"heading.default\">\n\t\t\t\t<div class=\"elementor-widget-container\">\n\t\t\t\t\t<h2 class=\"elementor-heading-title elementor-size-default\">+<\/h2>\t\t\t\t<\/div>\n\t\t\t\t<\/div>\n\t\t\t\t\t<\/div>\n\t\t<\/div>\n\t\t\t\t<div class=\"elementor-column elementor-col-33 elementor-top-column elementor-element elementor-element-a66be81\" data-id=\"a66be81\" data-element_type=\"column\" data-e-type=\"column\" data-settings=\"{&quot;background_background&quot;:&quot;classic&quot;}\">\n\t\t\t<div class=\"elementor-widget-wrap elementor-element-populated\">\n\t\t\t\t\t\t<div class=\"elementor-element elementor-element-77c1572 elementor-widget__width-inherit elementor-widget elementor-widget-heading\" data-id=\"77c1572\" data-element_type=\"widget\" data-e-type=\"widget\" data-widget_type=\"heading.default\">\n\t\t\t\t<div class=\"elementor-widget-container\">\n\t\t\t\t\t<h2 class=\"elementor-heading-title elementor-size-default\"><a href=\"https:\/\/inalbania.al\/en\/web-designer-shqiperi\/\">KRIJIM WEBSITE<\/a><\/h2>\t\t\t\t<\/div>\n\t\t\t\t<\/div>\n\t\t\t\t\t<\/div>\n\t\t<\/div>\n\t\t\t\t\t<\/div>\n\t\t<\/section>\n\t\t\t\t<section class=\"elementor-section elementor-top-section elementor-element elementor-element-479bc80 elementor-section-boxed elementor-section-height-default elementor-section-height-default\" data-id=\"479bc80\" data-element_type=\"section\" data-e-type=\"section\">\n\t\t\t\t\t\t<div class=\"elementor-container elementor-column-gap-default\">\n\t\t\t\t\t<div class=\"elementor-column elementor-col-100 elementor-top-column elementor-element elementor-element-26462011\" data-id=\"26462011\" data-element_type=\"column\" data-e-type=\"column\" data-settings=\"{&quot;background_background&quot;:&quot;classic&quot;}\">\n\t\t\t<div class=\"elementor-widget-wrap elementor-element-populated\">\n\t\t\t\t\t\t<div class=\"elementor-element elementor-element-01eb5bd elementor-widget elementor-widget-text-editor\" data-id=\"01eb5bd\" data-element_type=\"widget\" data-e-type=\"widget\" data-widget_type=\"text-editor.default\">\n\t\t\t\t<div class=\"elementor-widget-container\">\n\t\t\t\t\t\t\t\t\t<p><strong>Paketa PREMIUM p\u00ebrfshin gjith\u00e7ka q\u00eb ofrohet nga Paketa e Personalizar, si dhe Krijimin e nj\u00eb Faqe Interneti q\u00eb p\u00ebrfshin:<\/strong><\/p><ul><li style=\"list-style-type: none;\"><ul><li><p><strong>Blerja e nj\u00eb Emri Domain (<a target=\"_new\" rel=\"noopener\">www.emribiznesitjuaj.al\/.com\/.net\/&#8230;etj<\/a>):<\/strong> Ne mund\u00ebsojm\u00eb blerjen e nj\u00eb emri domain p\u00ebr biznesin tuaj, duke siguruar nj\u00eb adres\u00eb profesionale dhe t\u00eb personalizuar p\u00ebr faqen tuaj.<\/p><\/li><li><p><strong>Blerja e Host-it (Hap\u00ebsir\u00eb p\u00ebr krijimin dhe paraqitjen e faqes tuaj):<\/strong> Sigurojm\u00eb hap\u00ebsir\u00ebn e nevojshme p\u00ebr t\u00eb krijuar dhe menaxhuar faqen tuaj n\u00eb internet, duke siguruar performanc\u00eb dhe shpejt\u00ebsi optimale.<\/p><\/li><li><p><strong>Krijimi i Faqes Web me Informacione p\u00ebrkat\u00ebse dhe hyr\u00ebse:<\/strong> Ne do t\u00eb krijojm\u00eb nj\u00eb faqe web t\u00ebrheq\u00ebse dhe profesionale me informacionin hyr\u00ebs dhe p\u00ebrshkrues p\u00ebr biznesin tuaj, duke e b\u00ebr\u00eb t\u00eb leht\u00eb p\u00ebr klient\u00ebt t\u00eb gjejn\u00eb at\u00eb q\u00eb ofroni.<\/p><\/li><li><p><strong>Krijimi i Kategorive t\u00eb Sh\u00ebrbimeve \/ Produkteve q\u00eb ofroni:<\/strong> Faqja juaj do t\u00eb p\u00ebrmbaj\u00eb kategori t\u00eb dedikuara p\u00ebr sh\u00ebrbimet ose produktet q\u00eb ofroni, duke e b\u00ebr\u00eb navigimin dhe k\u00ebrkimin shum\u00eb m\u00eb t\u00eb thjesht\u00eb p\u00ebr vizitor\u00ebt.<\/p><\/li><li><p><strong>Mb\u00ebshtetje teknike gjat\u00eb sh\u00ebrbimit:<\/strong> Ne ofrojm\u00eb mb\u00ebshtetje teknike t\u00eb vazhdueshme p\u00ebr t\u00eb siguruar q\u00eb faqja juaj t\u00eb funksionoj\u00eb pa nd\u00ebrprerje dhe t\u00eb jet\u00eb gjithmon\u00eb n\u00eb dispozicion t\u00eb klient\u00ebve tuaj.<\/p><\/li><\/ul><\/li><\/ul>\t\t\t\t\t\t\t\t<\/div>\n\t\t\t\t<\/div>\n\t\t\t\t\t<\/div>\n\t\t<\/div>\n\t\t\t\t\t<\/div>\n\t\t<\/section>\n\t\t\t\t<section class=\"elementor-section elementor-top-section elementor-element elementor-element-203ffb66 elementor-section-boxed elementor-section-height-default elementor-section-height-default\" data-id=\"203ffb66\" data-element_type=\"section\" data-e-type=\"section\">\n\t\t\t\t\t\t<div class=\"elementor-container elementor-column-gap-default\">\n\t\t\t\t\t<div class=\"elementor-column elementor-col-100 elementor-top-column elementor-element elementor-element-372babf\" data-id=\"372babf\" data-element_type=\"column\" data-e-type=\"column\" data-settings=\"{&quot;background_background&quot;:&quot;classic&quot;}\">\n\t\t\t<div class=\"elementor-widget-wrap elementor-element-populated\">\n\t\t\t\t\t\t<div class=\"elementor-element elementor-element-72371167 elementor-widget elementor-widget-counter\" data-id=\"72371167\" data-element_type=\"widget\" data-e-type=\"widget\" data-widget_type=\"counter.default\">\n\t\t\t\t<div class=\"elementor-widget-container\">\n\t\t\t\t\t\t\t<div class=\"elementor-counter\">\n\t\t\t<div class=\"elementor-counter-title\">\u00c7mimi \/ Vit<\/div>\t\t\t<div class=\"elementor-counter-number-wrapper\">\n\t\t\t\t<span class=\"elementor-counter-number-prefix\"><\/span>\n\t\t\t\t<span class=\"elementor-counter-number\" data-duration=\"1500\" data-to-value=\"299\" data-from-value=\"280\" data-delimiter=\",\">280<\/span>\n\t\t\t\t<span class=\"elementor-counter-number-suffix\">\u20ac<\/span>\n\t\t\t<\/div>\n\t\t<\/div>\n\t\t\t\t\t\t<\/div>\n\t\t\t\t<\/div>\n\t\t\t\t<div class=\"elementor-element elementor-element-f6a37cd elementor-align-center elementor-widget__width-initial elementor-widget elementor-widget-button\" data-id=\"f6a37cd\" data-element_type=\"widget\" data-e-type=\"widget\" data-widget_type=\"button.default\">\n\t\t\t\t<div class=\"elementor-widget-container\">\n\t\t\t\t\t\t\t\t\t<div class=\"elementor-button-wrapper\">\n\t\t\t\t\t<a class=\"elementor-button elementor-button-link elementor-size-sm\" href=\"#joinchat\" target=\"_blank\">\n\t\t\t\t\t\t<span class=\"elementor-button-content-wrapper\">\n\t\t\t\t\t\t<span class=\"elementor-button-icon\">\n\t\t\t\t<i aria-hidden=\"true\" class=\"fab fa-whatsapp\"><\/i>\t\t\t<\/span>\n\t\t\t\t\t\t\t\t\t<span class=\"elementor-button-text\">Contact Us via WhatsApp<\/span>\n\t\t\t\t\t<\/span>\n\t\t\t\t\t<\/a>\n\t\t\t\t<\/div>\n\t\t\t\t\t\t\t\t<\/div>\n\t\t\t\t<\/div>\n\t\t\t\t\t<\/div>\n\t\t<\/div>\n\t\t\t\t\t<\/div>\n\t\t<\/section>\n\t\t\t\t<\/div>","protected":false},"excerpt":{"rendered":"<p>PAKETA E PERSONALIZUAR Shiko Paket\u00ebn e Personalizuar + KRIJIM WEBSITE Paketa PREMIUM p\u00ebrfshin gjith\u00e7ka q\u00eb ofrohet nga Paketa e Personalizar, si dhe Krijimin e nj\u00eb Faqe Interneti q\u00eb p\u00ebrfshin: Blerja e nj\u00eb Emri Domain (www.emribiznesitjuaj.al\/.com\/.net\/&#8230;etj): Ne mund\u00ebsojm\u00eb blerjen e nj\u00eb emri domain p\u00ebr biznesin tuaj, duke siguruar nj\u00eb adres\u00eb profesionale dhe t\u00eb personalizuar p\u00ebr faqen [&hellip;]<\/p>\n","protected":false},"author":1,"featured_media":85249,"parent":0,"menu_order":0,"comment_status":"closed","ping_status":"closed","template":"","meta":{"_joinchat":{"telephone":"+355682068111"},"footnotes":""},"categories":[],"tags":[],"class_list":["post-89352","page","type-page","status-publish","has-post-thumbnail","hentry"],"aioseo_notices":[],"_links":{"self":[{"href":"https:\/\/inalbania.al\/en\/wp-json\/wp\/v2\/pages\/89352","targetHints":{"allow":["GET"]}}],"collection":[{"href":"https:\/\/inalbania.al\/en\/wp-json\/wp\/v2\/pages"}],"about":[{"href":"https:\/\/inalbania.al\/en\/wp-json\/wp\/v2\/types\/page"}],"author":[{"embeddable":true,"href":"https:\/\/inalbania.al\/en\/wp-json\/wp\/v2\/users\/1"}],"replies":[{"embeddable":true,"href":"https:\/\/inalbania.al\/en\/wp-json\/wp\/v2\/comments?post=89352"}],"version-history":[{"count":3,"href":"https:\/\/inalbania.al\/en\/wp-json\/wp\/v2\/pages\/89352\/revisions"}],"predecessor-version":[{"id":114501,"href":"https:\/\/inalbania.al\/en\/wp-json\/wp\/v2\/pages\/89352\/revisions\/114501"}],"wp:featuredmedia":[{"embeddable":true,"href":"https:\/\/inalbania.al\/en\/wp-json\/wp\/v2\/media\/85249"}],"wp:attachment":[{"href":"https:\/\/inalbania.al\/en\/wp-json\/wp\/v2\/media?parent=89352"}],"wp:term":[{"taxonomy":"category","embeddable":true,"href":"https:\/\/inalbania.al\/en\/wp-json\/wp\/v2\/categories?post=89352"},{"taxonomy":"post_tag","embeddable":true,"href":"https:\/\/inalbania.al\/en\/wp-json\/wp\/v2\/tags?post=89352"}],"curies":[{"name":"wp","href":"https:\/\/api.w.org\/{rel}","templated":true}]}}